{"id":623088,"date":"2025-03-20T05:06:17","date_gmt":"2025-03-20T04:06:17","guid":{"rendered":"https:\/\/shop.kustom.ch\/?post_type=product&#038;p=623088"},"modified":"2026-03-30T07:26:26","modified_gmt":"2026-03-30T06:26:26","slug":"hakro-worker-jeanshose-dyneema-x-stretch-eco","status":"publish","type":"product","link":"https:\/\/shop.kustom.ch\/fr\/produit\/hakro-worker-jeanshose-dyneema-x-stretch-eco\/","title":{"rendered":"Pantalon de jean HAKRO Worker Dyneema\u00ae X-Stretch ECO"},"content":{"rendered":"<p>Pantalon de jean Worker extr\u00eamement r\u00e9sistant avec une taille extensible gr\u00e2ce \u00e0 de robustes empi\u00e8cements en tricot sur les c\u00f4t\u00e9s. Passants de ceinture, bouton de pantalon et fermeture \u00e9clair. Patch \u00e0 la ceinture arri\u00e8re et coupe ergonomique pr\u00e9form\u00e9e. Deux poches pour les mains, \u00e0 droite avec une poche de s\u00e9curit\u00e9 suppl\u00e9mentaire \u00e0 fermeture \u00e9clair. Deux poches arri\u00e8re avec broderie, \u00e0 droite avec rabat et fermeture velcro. Deux poches cargo avec s\u00e9parations multifonctionnelles, ferm\u00e9es par des rabats et des fermetures \u00e0 glissi\u00e8re. Poche m\u00e8tre plaqu\u00e9e sur le c\u00f4t\u00e9 droit. Boutons et rivets avec l'inscription HAKRO. Toutes les fermetures \u00e0 glissi\u00e8re sont de marque YKK\u00ae. Denim bio-circulaire Dyneema\u00ae extr\u00eamement r\u00e9sistant. Coupe normale : Regular Fit.<\/p>\n<p>- Mati\u00e8re : Denim (tissu) en 60,5 % coton, 36 % polyester (recycl\u00e9, REPREVE\u00ae), 2,5 % poly\u00e9thyl\u00e8ne (bio-circular Dyneema\u00ae) et 1 % \u00e9lasthanne<br \/>\n- Poids : 420 g\/m\u00b2 (12,4 oz)<br \/>\n- Propri\u00e9t\u00e9 : facile d'entretien, r\u00e9sistant \u00e0 la d\u00e9chirure, lav\u00e9 \u00e0 l'ozone<br \/>\n- Coupe : Regular Fit<br \/>\n- Label : Fair Wear Leader, produit certifi\u00e9 ClimatePartner, OEKO-TEX\u00ae STANDARD 100, Supporting the Initiative Cotton made in Africa<br \/>\n- Temp\u00e9rature de lavage : 40 \u00b0C<br \/>\n- Tailles : 2XS-6XL<\/p>","protected":false},"excerpt":{"rendered":"<p>Extrem strapazierf\u00e4hige Worker-Jeanshose mit dehnbarem Hosenbund durch robuste Strickeins\u00e4tze an den Seiten. G\u00fcrtelschlaufen, Hosenknopf und Reissverschluss. Patch am hinteren Bund und ergonomisch vorgeformte Passform. Zwei Einschubtaschen, rechts mit zus\u00e4tzlicher Sicherheits-Reissverschlusstasche. Zwei Ges\u00e4sstaschen mit Stickerei, rechts mit Patte und Klettverschluss. Zwei Cargotaschen mit multifunktionellen Unterteilungen, verschliessbar mit Patten und Reissverschl\u00fcssen. Aufgesetzte Zollstocktasche auf der rechten Seite. [&hellip;]<\/p>\n","protected":false},"featured_media":623133,"template":"","meta":[],"product_brand":[],"product_cat":[4185],"product_tag":[],"class_list":{"0":"post-623088","1":"product","2":"type-product","3":"status-publish","4":"has-post-thumbnail","6":"product_cat-hosen","7":"pa_brand-hakro","8":"pa_brand-type-workwear","9":"pa_filter-color-blau","10":"pa_filter-color-schwarz","12":"first","13":"instock","14":"sale","15":"taxable","16":"shipping-taxable","17":"purchasable","18":"product-type-variable","19":"add-to-wishlist-before_image"},"exclude_global_add_ons":[],"addons":[],"acf":[],"_links":{"self":[{"href":"https:\/\/shop.kustom.ch\/fr\/wp-json\/wp\/v2\/product\/623088"}],"collection":[{"href":"https:\/\/shop.kustom.ch\/fr\/wp-json\/wp\/v2\/product"}],"about":[{"href":"https:\/\/shop.kustom.ch\/fr\/wp-json\/wp\/v2\/types\/product"}],"wp:featuredmedia":[{"embeddable":true,"href":"https:\/\/shop.kustom.ch\/fr\/wp-json\/wp\/v2\/media\/623133"}],"wp:attachment":[{"href":"https:\/\/shop.kustom.ch\/fr\/wp-json\/wp\/v2\/media?parent=623088"}],"wp:term":[{"taxonomy":"product_brand","embeddable":true,"href":"https:\/\/shop.kustom.ch\/fr\/wp-json\/wp\/v2\/product_brand?post=623088"},{"taxonomy":"product_cat","embeddable":true,"href":"https:\/\/shop.kustom.ch\/fr\/wp-json\/wp\/v2\/product_cat?post=623088"},{"taxonomy":"product_tag","embeddable":true,"href":"https:\/\/shop.kustom.ch\/fr\/wp-json\/wp\/v2\/product_tag?post=623088"}],"curies":[{"name":"wp","href":"https:\/\/api.w.org\/{rel}","templated":true}]}}