{"id":622759,"date":"2025-03-20T05:04:08","date_gmt":"2025-03-20T04:04:08","guid":{"rendered":"https:\/\/shop.kustom.ch\/?post_type=product&#038;p=622759"},"modified":"2026-03-30T07:25:30","modified_gmt":"2026-03-30T06:25:30","slug":"hakro-damen-performanceskort-eco","status":"publish","type":"product","link":"https:\/\/shop.kustom.ch\/fr\/produit\/hakro-damen-performanceskort-eco\/","title":{"rendered":"HAKRO Corset de performance pour femmes ECO"},"content":{"rendered":"<p>Skort tr\u00e8s r\u00e9sistant et fonctionnel, jupe avec short int\u00e9gr\u00e9. Ceinture de pantalon extensible gr\u00e2ce \u00e0 un empi\u00e8cement tricot\u00e9 robuste \u00e0 l'arri\u00e8re. Fermeture \u00e9clair lat\u00e9rale et passants pour ceinture. Deux poches pour les mains avec fermeture \u00e9clair et garage \u00e0 zip, deux poches arri\u00e8re avec broderie et poche avec fermeture \u00e9clair \u00e0 droite. Toutes les fermetures \u00e0 glissi\u00e8re sont de marque YKK\u00ae. M\u00e9lange de mati\u00e8res particuli\u00e8rement r\u00e9sistant \u00e0 l'usure : coton, polyester recycl\u00e9 certifi\u00e9 GRS et \u00e9lastol\u00e9fine. Coupe normale : Regular Fit.<\/p>\n<p>- Mati\u00e8re : satin (tissu) en 74 % polyester (recycl\u00e9), 21 % coton (bio) et 5 % \u00e9lastol\u00e9fine (XLANCE\u00ae), pantalon int\u00e9rieur skort : mati\u00e8re stretch 4-way en 91 % polyamide (nylon) et 9 % \u00e9lasthanne<br \/>\n- Poids : 285 g\/m<br \/>\n- Propri\u00e9t\u00e9 : convient au lavage industriel selon la norme DIN EN ISO 15797, pr\u00e9traitement au r\u00e9tr\u00e9cissement, facile d'entretien<br \/>\n- Coupe : Regular Fit<br \/>\n- Label : Fair Wear Leader, produit certifi\u00e9 ClimatePartner, OEKO-TEX\u00ae STANDARD 100, Global Recycled Standard (GRS), bouton vert<br \/>\n- Temp\u00e9rature de lavage : 60 \u00b0C<br \/>\n- Tailles : XS-6XL<\/p>","protected":false},"excerpt":{"rendered":"<p>Sehr strapazierf\u00e4higer, funktioneller Skort, Rock mit integrierter Short. Dehnbarer Hosenbund durch robusten Strickeinsatz hinten. Seitlicher Reissverschluss und G\u00fcrtelschlaufen. Zwei Einschubtaschen mit Reissverschluss und Reissverschlussgarage, zwei Ges\u00e4sstaschen mit Stickerei und Reissverschlusstasche rechts. Alle Reissverschl\u00fcsse von YKK\u00ae. Besonders strapazierf\u00e4higer Materialmix aus Baumwolle, GRS-zertifiziertem, recyceltem Polyester und Elastolefin. Normale Passform: Regular Fit. \u2022 Material: Satin (Gewebe) aus 74 [&hellip;]<\/p>\n","protected":false},"featured_media":622805,"template":"","meta":[],"product_brand":[],"product_cat":[4185],"product_tag":[],"class_list":{"0":"post-622759","1":"product","2":"type-product","3":"status-publish","4":"has-post-thumbnail","6":"product_cat-hosen","7":"pa_brand-hakro","8":"pa_brand-type-workwear","9":"pa_filter-color-blau","10":"pa_filter-color-grau","11":"pa_filter-color-gruen","12":"pa_filter-color-schwarz","13":"pa_filter-color-weiss","15":"first","16":"instock","17":"sale","18":"taxable","19":"shipping-taxable","20":"purchasable","21":"product-type-variable","22":"add-to-wishlist-before_image"},"exclude_global_add_ons":[],"addons":[],"acf":[],"_links":{"self":[{"href":"https:\/\/shop.kustom.ch\/fr\/wp-json\/wp\/v2\/product\/622759"}],"collection":[{"href":"https:\/\/shop.kustom.ch\/fr\/wp-json\/wp\/v2\/product"}],"about":[{"href":"https:\/\/shop.kustom.ch\/fr\/wp-json\/wp\/v2\/types\/product"}],"wp:featuredmedia":[{"embeddable":true,"href":"https:\/\/shop.kustom.ch\/fr\/wp-json\/wp\/v2\/media\/622805"}],"wp:attachment":[{"href":"https:\/\/shop.kustom.ch\/fr\/wp-json\/wp\/v2\/media?parent=622759"}],"wp:term":[{"taxonomy":"product_brand","embeddable":true,"href":"https:\/\/shop.kustom.ch\/fr\/wp-json\/wp\/v2\/product_brand?post=622759"},{"taxonomy":"product_cat","embeddable":true,"href":"https:\/\/shop.kustom.ch\/fr\/wp-json\/wp\/v2\/product_cat?post=622759"},{"taxonomy":"product_tag","embeddable":true,"href":"https:\/\/shop.kustom.ch\/fr\/wp-json\/wp\/v2\/product_tag?post=622759"}],"curies":[{"name":"wp","href":"https:\/\/api.w.org\/{rel}","templated":true}]}}