{"id":622630,"date":"2025-03-20T05:03:17","date_gmt":"2025-03-20T04:03:17","guid":{"rendered":"https:\/\/shop.kustom.ch\/?post_type=product&#038;p=622630"},"modified":"2026-03-30T07:25:07","modified_gmt":"2026-03-30T06:25:07","slug":"hakro-chinohose-x-stretch","status":"publish","type":"product","link":"https:\/\/shop.kustom.ch\/fr\/produit\/hakro-chinohose-x-stretch\/","title":{"rendered":"Pantalon chino X-Stretch HAKRO"},"content":{"rendered":"<p>Pantalon chino \u00e0 la coupe d\u00e9contract\u00e9e et au design 5 poches. Deux poches pour les mains, poche de monnaie, deux poches arri\u00e8re, passants de ceinture et fermeture \u00e9clair YKK\u00ae. Bouton d\u00e9coratif avec l'inscription HAKRO et patch \u00e0 l'arri\u00e8re de la ceinture. Broderie sur les poches arri\u00e8re, sur le bas de la fermeture \u00e0 glissi\u00e8re et sur la ceinture. Passepoil avec tissu de doublure \u00e0 l'int\u00e9rieur de la ceinture ainsi que sur les coutures ext\u00e9rieures inf\u00e9rieures des jambes, de sorte que le pantalon peut \u00e9galement \u00eatre port\u00e9 retrouss\u00e9. Satin de coton doux, pr\u00e9lav\u00e9, r\u00e9sistant et \u00e9lastique. Disponible \u00e9galement en mod\u00e8le femme. Coupe : Regular Fit.<\/p>\n<p>- Mati\u00e8re : satin (tissu) de 98 % coton et 2 % \u00e9lasthanne<br \/>\n- poids : 280 g\/m<br \/>\n- Propri\u00e9t\u00e9 : pr\u00e9trait\u00e9 au rodage<br \/>\n- Coupe : Regular Fit<br \/>\n- Label : Fair Wear Leader, produit certifi\u00e9 ClimatePartner, OEKO-TEX\u00ae STANDARD 100<br \/>\n- Temp\u00e9rature de lavage : 40 \u00b0C (blanc : 60\u00b0C)<br \/>\n- tailles : XS-3XL<\/p>","protected":false},"excerpt":{"rendered":"<p>Leger geschnittene Chinohose im 5-Pocket-Design. Zwei Eingrifftaschen, M\u00fcnztasche, zwei Ges\u00e4sstaschen, G\u00fcrtelschlaufen und Reissverschluss von YKK\u00ae. Dekorativer Knopf mit HAKRO Schriftzug und Patch am hinteren Bund. Stickerei auf den Ges\u00e4sstaschen, am Reissverschlussuntertritt und am Bund. Paspelierung mit Futterstoff am Innenbund sowie an den unteren Aussenbeinn\u00e4hten, so dass die Hose auch gekrempelt getragen werden kann. Weicher, vorgewaschener, [&hellip;]<\/p>\n","protected":false},"featured_media":622642,"template":"","meta":[],"product_brand":[],"product_cat":[4185],"product_tag":[],"class_list":{"0":"post-622630","1":"product","2":"type-product","3":"status-publish","4":"has-post-thumbnail","6":"product_cat-hosen","7":"pa_brand-hakro","8":"pa_brand-type-workwear","9":"pa_filter-color-beige","10":"pa_filter-color-blau","11":"pa_filter-color-grau","12":"pa_filter-color-gruen","13":"pa_filter-color-schwarz","14":"pa_filter-color-weiss","16":"first","17":"instock","18":"sale","19":"taxable","20":"shipping-taxable","21":"purchasable","22":"product-type-variable","23":"add-to-wishlist-before_image"},"exclude_global_add_ons":[],"addons":[],"acf":[],"_links":{"self":[{"href":"https:\/\/shop.kustom.ch\/fr\/wp-json\/wp\/v2\/product\/622630"}],"collection":[{"href":"https:\/\/shop.kustom.ch\/fr\/wp-json\/wp\/v2\/product"}],"about":[{"href":"https:\/\/shop.kustom.ch\/fr\/wp-json\/wp\/v2\/types\/product"}],"wp:featuredmedia":[{"embeddable":true,"href":"https:\/\/shop.kustom.ch\/fr\/wp-json\/wp\/v2\/media\/622642"}],"wp:attachment":[{"href":"https:\/\/shop.kustom.ch\/fr\/wp-json\/wp\/v2\/media?parent=622630"}],"wp:term":[{"taxonomy":"product_brand","embeddable":true,"href":"https:\/\/shop.kustom.ch\/fr\/wp-json\/wp\/v2\/product_brand?post=622630"},{"taxonomy":"product_cat","embeddable":true,"href":"https:\/\/shop.kustom.ch\/fr\/wp-json\/wp\/v2\/product_cat?post=622630"},{"taxonomy":"product_tag","embeddable":true,"href":"https:\/\/shop.kustom.ch\/fr\/wp-json\/wp\/v2\/product_tag?post=622630"}],"curies":[{"name":"wp","href":"https:\/\/api.w.org\/{rel}","templated":true}]}}