{"id":621883,"date":"2025-03-20T04:58:47","date_gmt":"2025-03-20T03:58:47","guid":{"rendered":"https:\/\/shop.kustom.ch\/?post_type=product&#038;p=621883"},"modified":"2026-03-30T07:22:06","modified_gmt":"2026-03-30T06:22:06","slug":"hakro-sweatshirt-contrast-mikralinar-eco","status":"publish","type":"product","link":"https:\/\/shop.kustom.ch\/fr\/produit\/hakro-sweatshirt-contrast-mikralinar-eco\/","title":{"rendered":"Sweat-shirt HAKRO Contrast MIKRALINAR\u00ae ECO"},"content":{"rendered":"<p>Sweat-shirt particuli\u00e8rement r\u00e9sistant avec des empi\u00e8cements de couleur noire contrast\u00e9e sur les c\u00f4t\u00e9s, les \u00e9paules et les manches, ainsi qu'un col et des poignets c\u00f4tel\u00e9s de couleur contrast\u00e9e (noir : contraste de couleur gris carbone). Colliers de leasing pour faciliter l'identification dans les blanchisseries commerciales et liens de suspension \u00e0 l'ourlet. Mati\u00e8re sweat de poids moyen en MIKRALINAR\u00ae ECO, le m\u00e9lange de mati\u00e8res HAKRO Performance en coton et polyester recycl\u00e9 certifi\u00e9 GRS. Int\u00e9rieur non gratt\u00e9 (French-Terry). Poignets ind\u00e9formables, renforc\u00e9s d'\u00e9lasthanne. Coupe normale : Regular Fit.<\/p>\n<p>- Mati\u00e8re : MIKRALINAR\u00ae ECO, mati\u00e8re sweat French-Terry (maille) en 50 % coton et 50 % polyester (recycl\u00e9)<br \/>\n- Poids : 300 g\/m<br \/>\n- Propri\u00e9t\u00e9 : pr\u00e9traitement au r\u00e9tr\u00e9cissement, entretien facile, convient au lavage industriel selon DIN EN ISO 15797<br \/>\n- Coupe : Regular Fit<br \/>\n- Label : Fair Wear Leader, produit certifi\u00e9 ClimatePartner, OEKO-TEX\u00ae STANDARD 100, Global Recycled Standard (GRS), bouton vert<br \/>\n- Temp\u00e9rature de lavage : 60 \u00b0C<br \/>\n- Tailles : 2XS-6XL<\/p>","protected":false},"excerpt":{"rendered":"<p>Besonders strapazierf\u00e4higes Sweatshirt mit Eins\u00e4tzen in Kontrastfarbe Schwarz an den Seiten, Schultern und \u00c4rmeln, sowie kontrastfarbigen, gerippten Hals- und \u00c4rmelb\u00fcndchen (Schwarz: Kontrast in Farbe Karbongrau). Leasingkoller zur einfachen Kennzeichnung in der gewerblichen W\u00e4scherei und Aufh\u00e4ngeb\u00e4nder im Saum. Mittelschweres Sweatmaterial aus MIKRALINAR\u00ae ECO, dem HAKRO Performance-Materialmix aus Baumwolle und GRS-zertifiziertem, recyceltem Polyester. Innenseite nicht angeraut (French-Terry). [&hellip;]<\/p>\n","protected":false},"featured_media":621914,"template":"","meta":[],"product_brand":[],"product_cat":[4191],"product_tag":[],"class_list":{"0":"post-621883","1":"product","2":"type-product","3":"status-publish","4":"has-post-thumbnail","6":"product_cat-longsleeves-sweatshirts","7":"pa_brand-hakro","8":"pa_brand-type-workwear","9":"pa_filter-color-blau","10":"pa_filter-color-grau","11":"pa_filter-color-gruen","12":"pa_filter-color-rot","13":"pa_filter-color-schwarz","14":"pa_filter-color-weiss","16":"first","17":"instock","18":"sale","19":"taxable","20":"shipping-taxable","21":"purchasable","22":"product-type-variable","23":"add-to-wishlist-before_image"},"exclude_global_add_ons":[],"addons":[],"acf":[],"_links":{"self":[{"href":"https:\/\/shop.kustom.ch\/fr\/wp-json\/wp\/v2\/product\/621883"}],"collection":[{"href":"https:\/\/shop.kustom.ch\/fr\/wp-json\/wp\/v2\/product"}],"about":[{"href":"https:\/\/shop.kustom.ch\/fr\/wp-json\/wp\/v2\/types\/product"}],"wp:featuredmedia":[{"embeddable":true,"href":"https:\/\/shop.kustom.ch\/fr\/wp-json\/wp\/v2\/media\/621914"}],"wp:attachment":[{"href":"https:\/\/shop.kustom.ch\/fr\/wp-json\/wp\/v2\/media?parent=621883"}],"wp:term":[{"taxonomy":"product_brand","embeddable":true,"href":"https:\/\/shop.kustom.ch\/fr\/wp-json\/wp\/v2\/product_brand?post=621883"},{"taxonomy":"product_cat","embeddable":true,"href":"https:\/\/shop.kustom.ch\/fr\/wp-json\/wp\/v2\/product_cat?post=621883"},{"taxonomy":"product_tag","embeddable":true,"href":"https:\/\/shop.kustom.ch\/fr\/wp-json\/wp\/v2\/product_tag?post=621883"}],"curies":[{"name":"wp","href":"https:\/\/api.w.org\/{rel}","templated":true}]}}