{"id":621838,"date":"2025-03-20T04:58:20","date_gmt":"2025-03-20T03:58:20","guid":{"rendered":"https:\/\/shop.kustom.ch\/?post_type=product&#038;p=621838"},"modified":"2026-03-30T07:21:52","modified_gmt":"2026-03-30T06:21:52","slug":"hakro-kinder-poloshirt-bio-baumwolle","status":"publish","type":"product","link":"https:\/\/shop.kustom.ch\/fr\/produit\/hakro-kinder-poloshirt-bio-baumwolle\/","title":{"rendered":"Polo pour enfants HAKRO Coton bio"},"content":{"rendered":"<p>Polo durable avec boutonni\u00e8re \u00e0 quatre trous et \u00e9tiquette HAKRO Kids dans le cou pour inscrire le nom et le num\u00e9ro de t\u00e9l\u00e9phone. Boutons ton sur ton et fentes lat\u00e9rales \u00e0 double verrouillage. Piqu\u00e9 \u00e0 mailles fines en coton bio certifi\u00e9 GOTS. Coupe normale : Regular Fit.<\/p>\n<p>- Mat\u00e9riel : piqu\u00e9 de 100 % coton (bio)<br \/>\n- poids : 190 g\/m<br \/>\n- Propri\u00e9t\u00e9 : pr\u00e9trait\u00e9 au rodage<br \/>\n- Coupe : Regular Fit<br \/>\n- Label : Fair Wear Leader, produit certifi\u00e9 ClimatePartner, OEKO-TEX\u00ae STANDARD 100, Cradle to Cradle Certified\u00ae, Global Organic Textile Standard (GOTS), bouton vert<br \/>\n- Temp\u00e9rature de lavage : 40 \u00b0C<br \/>\n- Tailles : 110\/116-158\/164<\/p>","protected":false},"excerpt":{"rendered":"<p>Nachhaltiges Poloshirt mit Vier-Loch-Knopfleiste und HAKRO Kids-Nackenlabel zum Eintragen von Namen und Telefonnummer. Kn\u00f6pfe Ton in Ton und doppelt geriegelte Seitenschlitze. Feinmaschiges Piqu\u00e9 aus GOTS-zertifizierter Bio-Baumwolle. Normale Passform: Regular Fit. \u2022 Material: Piqu\u00e9 aus 100 % Baumwolle (bio) \u2022 Gewicht: 190 g\/m\u00b2 \u2022 Eigenschaft: einlaufvorbehandelt \u2022 Passform: Regular Fit \u2022 Siegel: Fair Wear Leader, ClimatePartner [&hellip;]<\/p>\n","protected":false},"featured_media":621882,"template":"","meta":[],"product_brand":[],"product_cat":[4193],"product_tag":[],"class_list":{"0":"post-621838","1":"product","2":"type-product","3":"status-publish","4":"has-post-thumbnail","6":"product_cat-polos","7":"pa_brand-hakro","8":"pa_brand-type-workwear","9":"pa_filter-color-blau","10":"pa_filter-color-rot","11":"pa_filter-color-schwarz","12":"pa_filter-color-weiss","14":"first","15":"instock","16":"sale","17":"taxable","18":"shipping-taxable","19":"purchasable","20":"product-type-variable","21":"add-to-wishlist-before_image"},"exclude_global_add_ons":[],"addons":[],"acf":[],"_links":{"self":[{"href":"https:\/\/shop.kustom.ch\/fr\/wp-json\/wp\/v2\/product\/621838"}],"collection":[{"href":"https:\/\/shop.kustom.ch\/fr\/wp-json\/wp\/v2\/product"}],"about":[{"href":"https:\/\/shop.kustom.ch\/fr\/wp-json\/wp\/v2\/types\/product"}],"wp:featuredmedia":[{"embeddable":true,"href":"https:\/\/shop.kustom.ch\/fr\/wp-json\/wp\/v2\/media\/621882"}],"wp:attachment":[{"href":"https:\/\/shop.kustom.ch\/fr\/wp-json\/wp\/v2\/media?parent=621838"}],"wp:term":[{"taxonomy":"product_brand","embeddable":true,"href":"https:\/\/shop.kustom.ch\/fr\/wp-json\/wp\/v2\/product_brand?post=621838"},{"taxonomy":"product_cat","embeddable":true,"href":"https:\/\/shop.kustom.ch\/fr\/wp-json\/wp\/v2\/product_cat?post=621838"},{"taxonomy":"product_tag","embeddable":true,"href":"https:\/\/shop.kustom.ch\/fr\/wp-json\/wp\/v2\/product_tag?post=621838"}],"curies":[{"name":"wp","href":"https:\/\/api.w.org\/{rel}","templated":true}]}}