{"id":621837,"date":"2025-03-20T04:58:20","date_gmt":"2025-03-20T03:58:20","guid":{"rendered":"https:\/\/shop.kustom.ch\/?post_type=product&#038;p=621837"},"modified":"2026-03-30T07:21:50","modified_gmt":"2026-03-30T06:21:50","slug":"hakro-kinder-sweatshirt-bio-baumwolle","status":"publish","type":"product","link":"https:\/\/shop.kustom.ch\/fr\/produit\/hakro-kinder-sweatshirt-bio-baumwolle\/","title":{"rendered":"Sweatshirt HAKRO pour enfants Coton bio"},"content":{"rendered":"<p>Sweat-shirt durable \u00e0 col rond avec \u00e9tiquette HAKRO Kids sur le cou pour inscrire le nom et le num\u00e9ro de t\u00e9l\u00e9phone. Mati\u00e8re sweat de poids moyen en coton bio certifi\u00e9 GOTS et polyester recycl\u00e9. Int\u00e9rieur gratt\u00e9 et moelleux. Poignets ind\u00e9formables renforc\u00e9s d'\u00e9lasthanne. Coupe normale : Regular Fit.<\/p>\n<p>- Mati\u00e8re : sweat (maille) en 85 % de coton (bio) et 15 % de polyester (recycl\u00e9)<br \/>\n- Poids : 300 g\/m<br \/>\n- Propri\u00e9t\u00e9 : pr\u00e9trait\u00e9 au rodage<br \/>\n- Coupe : Regular Fit<br \/>\n- Label : Fair Wear Leader, produit certifi\u00e9 ClimatePartner, OEKO-TEX\u00ae STANDARD 100, Cradle to Cradle Certified\u00ae, Global Organic Textile Standard (GOTS), bouton vert<br \/>\n- Temp\u00e9rature de lavage : 40 \u00b0C<br \/>\n- Tailles : 110\/116-158\/164<\/p>","protected":false},"excerpt":{"rendered":"<p>Nachhaltiges Sweatshirt mit Rundhalsausschnitt und HAKRO Kids-Nackenlabel zum Eintragen von Namen und Telefonnummer. Mittelschweres Sweatmaterial aus GOTS-zertifizierter Bio-Baumwolle und recyceltem Polyester. Innenseite flauschig angeraut. Formstabile, Elasthan-verst\u00e4rkte B\u00fcndchen. Normale Passform: Regular Fit. \u2022 Material: Sweatmaterial (Maschenware) aus 85 % Baumwolle (bio) und 15 % Polyester (recycelt) \u2022 Gewicht: 300 g\/m\u00b2 \u2022 Eigenschaft: einlaufvorbehandelt \u2022 Passform: Regular [&hellip;]<\/p>\n","protected":false},"featured_media":621851,"template":"","meta":[],"product_brand":[],"product_cat":[4191],"product_tag":[],"class_list":{"0":"post-621837","1":"product","2":"type-product","3":"status-publish","4":"has-post-thumbnail","6":"product_cat-longsleeves-sweatshirts","7":"pa_brand-hakro","8":"pa_brand-type-workwear","9":"pa_filter-color-blau","10":"pa_filter-color-rot","11":"pa_filter-color-schwarz","12":"pa_filter-color-weiss","14":"first","15":"instock","16":"sale","17":"taxable","18":"shipping-taxable","19":"purchasable","20":"product-type-variable","21":"add-to-wishlist-before_image"},"exclude_global_add_ons":[],"addons":[],"acf":[],"_links":{"self":[{"href":"https:\/\/shop.kustom.ch\/fr\/wp-json\/wp\/v2\/product\/621837"}],"collection":[{"href":"https:\/\/shop.kustom.ch\/fr\/wp-json\/wp\/v2\/product"}],"about":[{"href":"https:\/\/shop.kustom.ch\/fr\/wp-json\/wp\/v2\/types\/product"}],"wp:featuredmedia":[{"embeddable":true,"href":"https:\/\/shop.kustom.ch\/fr\/wp-json\/wp\/v2\/media\/621851"}],"wp:attachment":[{"href":"https:\/\/shop.kustom.ch\/fr\/wp-json\/wp\/v2\/media?parent=621837"}],"wp:term":[{"taxonomy":"product_brand","embeddable":true,"href":"https:\/\/shop.kustom.ch\/fr\/wp-json\/wp\/v2\/product_brand?post=621837"},{"taxonomy":"product_cat","embeddable":true,"href":"https:\/\/shop.kustom.ch\/fr\/wp-json\/wp\/v2\/product_cat?post=621837"},{"taxonomy":"product_tag","embeddable":true,"href":"https:\/\/shop.kustom.ch\/fr\/wp-json\/wp\/v2\/product_tag?post=621837"}],"curies":[{"name":"wp","href":"https:\/\/api.w.org\/{rel}","templated":true}]}}