{"id":621579,"date":"2025-03-20T04:57:02","date_gmt":"2025-03-20T03:57:02","guid":{"rendered":"https:\/\/shop.kustom.ch\/?post_type=product&#038;p=621579"},"modified":"2026-03-30T07:21:13","modified_gmt":"2026-03-30T06:21:13","slug":"hakro-zip-shirt-pique-mikralinar-eco","status":"publish","type":"product","link":"https:\/\/shop.kustom.ch\/fr\/produit\/hakro-zip-shirt-pique-mikralinar-eco\/","title":{"rendered":"T-shirt zipp\u00e9 HAKRO Piqu\u00e9 MIKRALINAR\u00ae ECO"},"content":{"rendered":"<p>T-shirt zipp\u00e9 particuli\u00e8rement r\u00e9sistant avec des coutures ergonomiques. Ceinture en mat\u00e9riau principal \u00e0 l'ourlet et aux manches. Fermeture \u00e9clair noire \u00e0 clic descendant de haute qualit\u00e9 YKK\u00ae. Collerette de leasing pour faciliter l'identification dans les blanchisseries commerciales et liens de suspension dans l'ourlet. Piqu\u00e9 particuli\u00e8rement facile d'entretien et fonctionnel en MIKRALINAR\u00ae ECO, le m\u00e9lange de mat\u00e9riaux HAKRO Performance en coton et polyester recycl\u00e9 certifi\u00e9 GRS. Disponible \u00e9galement en mod\u00e8le femme. Coupe normale : Regular Fit.<\/p>\n<p>- Mati\u00e8re : MIKRALINAR\u00ae ECO, piqu\u00e9 de 50 coton % et 50 polyester % (recycl\u00e9)<br \/>\n- Poids : 200 g\/m<br \/>\n- Propri\u00e9t\u00e9 : pr\u00e9traitement au r\u00e9tr\u00e9cissement, entretien facile, convient au lavage industriel selon DIN EN ISO 15797<br \/>\n- Coupe : Regular Fit<br \/>\n- Label : Fair Wear Leader, produit certifi\u00e9 ClimatePartner, OEKO-TEX\u00ae STANDARD 100, Supporting the Initiative Cotton made in Africa, Global Recycled Standard (GRS), bouton vert<br \/>\n- Temp\u00e9rature de lavage : 60 \u00b0C<br \/>\n- Tailles : 2XS-6XL<\/p>","protected":false},"excerpt":{"rendered":"<p>Besonders strapazierf\u00e4higes Zip-Shirt mit ergonomischer Nahtf\u00fchrung. Bund aus Hauptmaterial an Saum &amp; \u00c4rmeln. Hochwertiger Click-down-Reissverschluss von YKK\u00ae in Schwarz. Leasingkoller zur einfachen Kennzeichnung in der gewerblichen W\u00e4scherei und Aufh\u00e4ngeb\u00e4nder im Saum. Besonders pflegeleichtes und funktionelles Piqu\u00e9 aus MIKRALINAR\u00ae ECO, dem HAKRO Performance-Materialmix aus Baumwolle und GRS-zertifiziertem, recyceltem Polyester. Verf\u00fcgbar auch als Damenmodell. Normale Passform: Regular [&hellip;]<\/p>\n","protected":false},"featured_media":621580,"template":"","meta":[],"product_brand":[],"product_cat":[4193],"product_tag":[],"class_list":{"0":"post-621579","1":"product","2":"type-product","3":"status-publish","4":"has-post-thumbnail","6":"product_cat-polos","7":"pa_brand-hakro","8":"pa_brand-type-workwear","9":"pa_filter-color-blau","10":"pa_filter-color-grau","11":"pa_filter-color-gruen","12":"pa_filter-color-schwarz","13":"pa_filter-color-weiss","15":"first","16":"instock","17":"sale","18":"taxable","19":"shipping-taxable","20":"purchasable","21":"product-type-variable","22":"add-to-wishlist-before_image"},"exclude_global_add_ons":[],"addons":[],"acf":[],"_links":{"self":[{"href":"https:\/\/shop.kustom.ch\/fr\/wp-json\/wp\/v2\/product\/621579"}],"collection":[{"href":"https:\/\/shop.kustom.ch\/fr\/wp-json\/wp\/v2\/product"}],"about":[{"href":"https:\/\/shop.kustom.ch\/fr\/wp-json\/wp\/v2\/types\/product"}],"wp:featuredmedia":[{"embeddable":true,"href":"https:\/\/shop.kustom.ch\/fr\/wp-json\/wp\/v2\/media\/621580"}],"wp:attachment":[{"href":"https:\/\/shop.kustom.ch\/fr\/wp-json\/wp\/v2\/media?parent=621579"}],"wp:term":[{"taxonomy":"product_brand","embeddable":true,"href":"https:\/\/shop.kustom.ch\/fr\/wp-json\/wp\/v2\/product_brand?post=621579"},{"taxonomy":"product_cat","embeddable":true,"href":"https:\/\/shop.kustom.ch\/fr\/wp-json\/wp\/v2\/product_cat?post=621579"},{"taxonomy":"product_tag","embeddable":true,"href":"https:\/\/shop.kustom.ch\/fr\/wp-json\/wp\/v2\/product_tag?post=621579"}],"curies":[{"name":"wp","href":"https:\/\/api.w.org\/{rel}","templated":true}]}}