{"id":620968,"date":"2025-03-20T03:36:49","date_gmt":"2025-03-20T02:36:49","guid":{"rendered":"https:\/\/shop.kustom.ch\/?post_type=product&#038;p=620968"},"modified":"2026-03-30T07:16:01","modified_gmt":"2026-03-30T06:16:01","slug":"hakro-damen-poloshirt-contrast-mikralinar-eco","status":"publish","type":"product","link":"https:\/\/shop.kustom.ch\/fr\/produit\/hakro-damen-poloshirt-contrast-mikralinar-eco\/","title":{"rendered":"Polo femme HAKRO Contrast MIKRALINAR\u00ae ECO"},"content":{"rendered":"<p>Polo particuli\u00e8rement r\u00e9sistant avec une patte de boutonnage \u00e0 quatre trous et des empi\u00e8cements de couleur contrast\u00e9e noire sur les c\u00f4t\u00e9s, les \u00e9paules, les manches et le col, ainsi que des poignets c\u00f4tel\u00e9s de couleur contrast\u00e9e (noir : contraste dans la couleur gris carbone). Fentes lat\u00e9rales \u00e0 double fermeture \u00e0 glissi\u00e8re, bandeau d'encolure et collerette de leasing pour faciliter l'identification dans les blanchisseries commerciales et liens de suspension \u00e0 l'ourlet. Piqu\u00e9 particuli\u00e8rement facile d'entretien et fonctionnel en MIKRALINAR\u00ae ECO, le m\u00e9lange de mati\u00e8res HAKRO Performance en coton et polyester recycl\u00e9 certifi\u00e9 GRS. Disponible \u00e9galement en mod\u00e8le unisexe avec patte de boutonnage \u00e0 trois trous. Coupe normale : Regular Fit.<\/p>\n<p>- Mati\u00e8re : MIKRALINAR\u00ae ECO, piqu\u00e9 de 50 coton % et 50 polyester % (recycl\u00e9)<br \/>\n- Poids : 200 g\/m<br \/>\n- Propri\u00e9t\u00e9 : pr\u00e9traitement au r\u00e9tr\u00e9cissement, entretien facile, convient au lavage industriel selon DIN EN ISO 15797<br \/>\n- Coupe : Regular Fit<br \/>\n- Label : Fair Wear Leader, produit certifi\u00e9 ClimatePartner, OEKO-TEX\u00ae STANDARD 100, Global Recycled Standard (GRS), bouton vert<br \/>\n- Temp\u00e9rature de lavage : 60 \u00b0C<br \/>\n- Tailles : 2XS-6XL<\/p>","protected":false},"excerpt":{"rendered":"<p>Besonders strapazierf\u00e4higes Poloshirt mit Vier-Loch Knopfleiste und Eins\u00e4tzen in Kontrastfarbe Schwarz an den Seiten, Schultern, \u00c4rmeln und am Kragen sowie kontrastfarbigen, gerippten \u00c4rmelb\u00fcndchen (Schwarz: Kontrast in Farbe Karbongrau). Doppelt geriegelte Seitenschlitze, Nackenband und Leasingkoller zur einfachen Kennzeichnung in der gewerblichen W\u00e4scherei und Aufh\u00e4ngeb\u00e4nder im Saum. Besonders pflegeleichtes und funktionelles Piqu\u00e9 aus MIKRALINAR\u00ae ECO, dem HAKRO [&hellip;]<\/p>\n","protected":false},"featured_media":621006,"template":"","meta":[],"product_brand":[],"product_cat":[4193],"product_tag":[],"class_list":{"0":"post-620968","1":"product","2":"type-product","3":"status-publish","4":"has-post-thumbnail","6":"product_cat-polos","7":"pa_brand-hakro","8":"pa_brand-type-workwear","9":"pa_filter-color-blau","10":"pa_filter-color-grau","11":"pa_filter-color-gruen","12":"pa_filter-color-rot","13":"pa_filter-color-schwarz","14":"pa_filter-color-weiss","16":"first","17":"instock","18":"sale","19":"taxable","20":"shipping-taxable","21":"purchasable","22":"product-type-variable","23":"add-to-wishlist-before_image"},"exclude_global_add_ons":[],"addons":[],"acf":[],"_links":{"self":[{"href":"https:\/\/shop.kustom.ch\/fr\/wp-json\/wp\/v2\/product\/620968"}],"collection":[{"href":"https:\/\/shop.kustom.ch\/fr\/wp-json\/wp\/v2\/product"}],"about":[{"href":"https:\/\/shop.kustom.ch\/fr\/wp-json\/wp\/v2\/types\/product"}],"wp:featuredmedia":[{"embeddable":true,"href":"https:\/\/shop.kustom.ch\/fr\/wp-json\/wp\/v2\/media\/621006"}],"wp:attachment":[{"href":"https:\/\/shop.kustom.ch\/fr\/wp-json\/wp\/v2\/media?parent=620968"}],"wp:term":[{"taxonomy":"product_brand","embeddable":true,"href":"https:\/\/shop.kustom.ch\/fr\/wp-json\/wp\/v2\/product_brand?post=620968"},{"taxonomy":"product_cat","embeddable":true,"href":"https:\/\/shop.kustom.ch\/fr\/wp-json\/wp\/v2\/product_cat?post=620968"},{"taxonomy":"product_tag","embeddable":true,"href":"https:\/\/shop.kustom.ch\/fr\/wp-json\/wp\/v2\/product_tag?post=620968"}],"curies":[{"name":"wp","href":"https:\/\/api.w.org\/{rel}","templated":true}]}}