{"id":620512,"date":"2025-03-20T03:34:06","date_gmt":"2025-03-20T02:34:06","guid":{"rendered":"https:\/\/shop.kustom.ch\/?post_type=product&#038;p=620512"},"modified":"2026-03-30T07:12:42","modified_gmt":"2026-03-30T06:12:42","slug":"hakro-damen-tecjacke-eco","status":"publish","type":"product","link":"https:\/\/shop.kustom.ch\/fr\/produit\/hakro-damen-tecjacke-eco\/","title":{"rendered":"Veste technique ECO pour femmes HAKRO"},"content":{"rendered":"<p>Veste fonctionnelle \u00e0 la coupe sportive avec col montant. Fermeture \u00e0 glissi\u00e8re frontale avec garage \u00e0 glissi\u00e8re et poches pour ins\u00e9rer les glissi\u00e8res. Toutes les fermetures \u00e0 glissi\u00e8re Click-Down de YKK\u00ae en noir. Tissu stretch facile d'entretien et \u00e0 s\u00e9chage rapide en fibre fonctionnelle TRIACTIVE avec polyester recycl\u00e9 certifi\u00e9 GRS. Int\u00e9rieur gratt\u00e9 pour une isolation thermique \u00e9lev\u00e9e. Disponible \u00e9galement en mod\u00e8le unisexe. Coupe normale : Regular Fit.<\/p>\n<p>- Mati\u00e8re : TRIACTIVE, polaire interlock (maille) en 95 % polyester (recycl\u00e9) et 5 % \u00e9lasthanne<br \/>\n- poids : 230 g\/m<br \/>\n- Propri\u00e9t\u00e9 : facile d'entretien, respirant, anti-boulochage<br \/>\n- Coupe : Regular Fit<br \/>\n- Label : Fair Wear Leader, produit certifi\u00e9 ClimatePartner, OEKO-TEX\u00ae STANDARD 100, Global Recycled Standard (GRS), bouton vert<br \/>\n- Temp\u00e9rature de lavage : 30 \u00b0C<br \/>\n- tailles : XS-3XL<\/p>","protected":false},"excerpt":{"rendered":"<p>Funktionelle, sportiv geschnittene Jacke mit Stehkragen. Frontreissverschluss mit Reissverschlussgarage und Einschubtaschen Reissverschl\u00fcssen. Alle Click-Down-Reissverschl\u00fcsse von YKK\u00ae in Schwarz. Pflegeleichtes und schnelltrocknendes Stretchmaterial aus der Funktionsfaser TRIACTIVE mit GRS-zertifiziertem, recyceltem Polyester. Angeraute Innenseite f\u00fcr hohe W\u00e4rmeisolation. Verf\u00fcgbar auch als Unisexmodell. Normale Passform: Regular Fit. \u2022 Material: TRIACTIVE, Interlock-Fleece (Maschenware) aus 95 % Polyester (recycelt) und 5 [&hellip;]<\/p>\n","protected":false},"featured_media":620529,"template":"","meta":[],"product_brand":[],"product_cat":[4186],"product_tag":[],"class_list":{"0":"post-620512","1":"product","2":"type-product","3":"status-publish","4":"has-post-thumbnail","6":"product_cat-jacken","7":"pa_brand-hakro","8":"pa_brand-type-workwear","9":"pa_filter-color-blau","10":"pa_filter-color-grau","11":"pa_filter-color-schwarz","13":"first","14":"instock","15":"sale","16":"taxable","17":"shipping-taxable","18":"purchasable","19":"product-type-variable","20":"add-to-wishlist-before_image"},"exclude_global_add_ons":[],"addons":[],"acf":[],"_links":{"self":[{"href":"https:\/\/shop.kustom.ch\/fr\/wp-json\/wp\/v2\/product\/620512"}],"collection":[{"href":"https:\/\/shop.kustom.ch\/fr\/wp-json\/wp\/v2\/product"}],"about":[{"href":"https:\/\/shop.kustom.ch\/fr\/wp-json\/wp\/v2\/types\/product"}],"wp:featuredmedia":[{"embeddable":true,"href":"https:\/\/shop.kustom.ch\/fr\/wp-json\/wp\/v2\/media\/620529"}],"wp:attachment":[{"href":"https:\/\/shop.kustom.ch\/fr\/wp-json\/wp\/v2\/media?parent=620512"}],"wp:term":[{"taxonomy":"product_brand","embeddable":true,"href":"https:\/\/shop.kustom.ch\/fr\/wp-json\/wp\/v2\/product_brand?post=620512"},{"taxonomy":"product_cat","embeddable":true,"href":"https:\/\/shop.kustom.ch\/fr\/wp-json\/wp\/v2\/product_cat?post=620512"},{"taxonomy":"product_tag","embeddable":true,"href":"https:\/\/shop.kustom.ch\/fr\/wp-json\/wp\/v2\/product_tag?post=620512"}],"curies":[{"name":"wp","href":"https:\/\/api.w.org\/{rel}","templated":true}]}}