{"id":619503,"date":"2025-03-20T03:27:58","date_gmt":"2025-03-20T02:27:58","guid":{"rendered":"https:\/\/shop.kustom.ch\/?post_type=product&#038;p=619503"},"modified":"2026-03-30T07:06:02","modified_gmt":"2026-03-30T06:06:02","slug":"hakro-oxford-bluse","status":"publish","type":"product","link":"https:\/\/shop.kustom.ch\/fr\/produit\/hakro-oxford-bluse\/","title":{"rendered":"Blouse Oxford HAKRO"},"content":{"rendered":"<p>Blouse oversize \u00e0 la mode en qualit\u00e9 coton Oxford avec col boutonn\u00e9. Boutons ton sur ton (couleur bleu ciel : boutons de couleur blanche), double empi\u00e8cement sur les \u00e9paules, pli dans le dos, double couture rabattue sur les coutures lat\u00e9rales, poignets r\u00e9glables en largeur et ourlet l\u00e9g\u00e8rement arrondi. Tissu Oxford en coton. Disponible \u00e9galement en mod\u00e8le unisexe. Coupe d\u00e9contract\u00e9e : Comfort Fit.<\/p>\n<p>- Mat\u00e9riel : Oxford (tissu) en 100 % coton<br \/>\n- Poids : 135 g\/m<br \/>\n- Propri\u00e9t\u00e9 : pr\u00e9trait\u00e9 au rodage<br \/>\n- Coupe : Comfort Fit<br \/>\n- Label : Fair Wear Leader, produit certifi\u00e9 ClimatePartner, OEKO-TEX\u00ae STANDARD 100<br \/>\n- Temp\u00e9rature de lavage : 40 \u00b0C<br \/>\n- Tailles : 2XS-3XL<\/p>","protected":false},"excerpt":{"rendered":"<p>Modische Oversize-Bluse in Oxford-Baumwoll-Qualit\u00e4t mit Button-down-Kragen. Kn\u00f6pfe Ton in Ton (Farbe Himmelblau: Kn\u00f6pfe in Farbe Weiss), doppelte Schulterpasse, Falte im R\u00fcckenteil, Doppelkappnaht an den Seitenn\u00e4hten, weitenverstellbare Manschetten und leicht gerundeter Saum. Oxford-Gewebe aus Baumwolle. Verf\u00fcgbar auch als Unisexmodell. Lockere Passform: Comfort Fit. \u2022 Material: Oxford (Gewebe) aus 100 % Baumwolle \u2022 Gewicht: 135 g\/m\u00b2 \u2022 [&hellip;]<\/p>\n","protected":false},"featured_media":619506,"template":"","meta":[],"product_brand":[],"product_cat":[9895],"product_tag":[],"class_list":{"0":"post-619503","1":"product","2":"type-product","3":"status-publish","4":"has-post-thumbnail","6":"product_cat-blusen","7":"pa_brand-hakro","8":"pa_brand-type-workwear","9":"pa_filter-color-blau","10":"pa_filter-color-weiss","12":"first","13":"instock","14":"sale","15":"taxable","16":"shipping-taxable","17":"purchasable","18":"product-type-variable","19":"add-to-wishlist-before_image"},"exclude_global_add_ons":[],"addons":[],"acf":[],"_links":{"self":[{"href":"https:\/\/shop.kustom.ch\/fr\/wp-json\/wp\/v2\/product\/619503"}],"collection":[{"href":"https:\/\/shop.kustom.ch\/fr\/wp-json\/wp\/v2\/product"}],"about":[{"href":"https:\/\/shop.kustom.ch\/fr\/wp-json\/wp\/v2\/types\/product"}],"wp:featuredmedia":[{"embeddable":true,"href":"https:\/\/shop.kustom.ch\/fr\/wp-json\/wp\/v2\/media\/619506"}],"wp:attachment":[{"href":"https:\/\/shop.kustom.ch\/fr\/wp-json\/wp\/v2\/media?parent=619503"}],"wp:term":[{"taxonomy":"product_brand","embeddable":true,"href":"https:\/\/shop.kustom.ch\/fr\/wp-json\/wp\/v2\/product_brand?post=619503"},{"taxonomy":"product_cat","embeddable":true,"href":"https:\/\/shop.kustom.ch\/fr\/wp-json\/wp\/v2\/product_cat?post=619503"},{"taxonomy":"product_tag","embeddable":true,"href":"https:\/\/shop.kustom.ch\/fr\/wp-json\/wp\/v2\/product_tag?post=619503"}],"curies":[{"name":"wp","href":"https:\/\/api.w.org\/{rel}","templated":true}]}}