{"id":618669,"date":"2025-03-12T02:52:55","date_gmt":"2025-03-12T01:52:55","guid":{"rendered":"https:\/\/shop.kustom.ch\/?post_type=product&#038;p=618669"},"modified":"2026-03-31T12:50:53","modified_gmt":"2026-03-31T11:50:53","slug":"guard-stays-2","status":"publish","type":"product","link":"https:\/\/shop.kustom.ch\/fr\/produit\/guard-stays-2\/","title":{"rendered":"Stades de garde"},"content":{"rendered":"<p>Supports de chaussettes pratiques et r\u00e9glables pour un maintien optimal.<br \/>\nPour une tenue antid\u00e9rapante des prot\u00e8ge-tibias ; Set pratique avec deux supports ; Logo d\u00e9cal\u00e9 vers l'arri\u00e8re pour des possibilit\u00e9s de d\u00e9coration optimales ; Fermeture velcro adapt\u00e9e \u00e0 l'arri\u00e8re pour \u00e9viter que les chaussettes ne se d\u00e9chirent ; \u00c9lastique et adaptable individuellement ; Dimensions : 27\u00d76,5 cm<br \/>\n50% caoutchouc, 30% \u00e9lasthanne, 20% nylon<\/p>","protected":false},"excerpt":{"rendered":"<p>Praktische, verstellbare Stutzenhalter f\u00fcr optimalen Halt. F\u00fcr rutschfesten Sitz der Schienbeinschoner; Praktisches Set mit zwei Haltern; Nach hinten versetztes Logo f\u00fcr optimale Veredelungsm\u00f6glichkeiten; Angepasster Klettverschluss hinten verhindert Aufreissen der Stutzen; Elastisch und individuell anpassbar; Masse: 27&#215;6,5 cm 50% Rubber, 30% Elasthan, 20% Nylon<\/p>","protected":false},"featured_media":618720,"template":"","meta":[],"product_brand":[],"product_cat":[4209],"product_tag":[],"class_list":{"0":"post-618669","1":"product","2":"type-product","3":"status-publish","4":"has-post-thumbnail","6":"product_cat-zubehoer","7":"pa_brand-erima","8":"pa_brand-type-sportswear","9":"pa_filter-color-blau","10":"pa_filter-color-gelb","11":"pa_filter-color-gruen","12":"pa_filter-color-rot","13":"pa_filter-color-schwarz","14":"pa_filter-color-weiss","16":"first","17":"instock","18":"sale","19":"taxable","20":"shipping-taxable","21":"purchasable","22":"product-type-variable","23":"add-to-wishlist-before_image"},"exclude_global_add_ons":[],"addons":[],"acf":[],"_links":{"self":[{"href":"https:\/\/shop.kustom.ch\/fr\/wp-json\/wp\/v2\/product\/618669"}],"collection":[{"href":"https:\/\/shop.kustom.ch\/fr\/wp-json\/wp\/v2\/product"}],"about":[{"href":"https:\/\/shop.kustom.ch\/fr\/wp-json\/wp\/v2\/types\/product"}],"wp:featuredmedia":[{"embeddable":true,"href":"https:\/\/shop.kustom.ch\/fr\/wp-json\/wp\/v2\/media\/618720"}],"wp:attachment":[{"href":"https:\/\/shop.kustom.ch\/fr\/wp-json\/wp\/v2\/media?parent=618669"}],"wp:term":[{"taxonomy":"product_brand","embeddable":true,"href":"https:\/\/shop.kustom.ch\/fr\/wp-json\/wp\/v2\/product_brand?post=618669"},{"taxonomy":"product_cat","embeddable":true,"href":"https:\/\/shop.kustom.ch\/fr\/wp-json\/wp\/v2\/product_cat?post=618669"},{"taxonomy":"product_tag","embeddable":true,"href":"https:\/\/shop.kustom.ch\/fr\/wp-json\/wp\/v2\/product_tag?post=618669"}],"curies":[{"name":"wp","href":"https:\/\/api.w.org\/{rel}","templated":true}]}}