{"id":618644,"date":"2025-03-12T02:52:15","date_gmt":"2025-03-12T01:52:15","guid":{"rendered":"https:\/\/shop.kustom.ch\/?post_type=product&#038;p=618644"},"modified":"2026-03-31T12:49:59","modified_gmt":"2026-03-31T11:49:59","slug":"travel-line-trolleybag-with-bottomcase","status":"publish","type":"product","link":"https:\/\/shop.kustom.ch\/fr\/produit\/travel-line-trolleybag-with-bottomcase\/","title":{"rendered":"TRAVEL LINE Trolleybag with bottomcase"},"content":{"rendered":"<p>Sac \u00e0 roulettes de haute qualit\u00e9 avec compartiment inf\u00e9rieur et espace de rangement suppl\u00e9mentaire.<br \/>\nMat\u00e9riau ripstop de haute qualit\u00e9 emp\u00eachant le sac de se d\u00e9chirer ; Design All-Black \u00e9l\u00e9gant pour une pr\u00e9sentation styl\u00e9e en voyage et au sport ; Fond en polyester 1680D extr\u00eamement r\u00e9sistant ; Compartiment principal spacieux et poche frontale zipp\u00e9e ; Compartiment inf\u00e9rieur pour le rangement s\u00e9par\u00e9 des chaussures et autres ; Poche lat\u00e9rale avec compartiment humide et trous d'a\u00e9ration ; Poche int\u00e9rieure en mesh int\u00e9gr\u00e9e pour les objets de valeur ; Roulettes durables avec roulement \u00e0 billes solide ; Poign\u00e9e de trolley escamotable ; Dimensions (L x l x H) env. 76x35x45 cm ; Volume env. 120 litres<br \/>\n100% Polyester<\/p>","protected":false},"excerpt":{"rendered":"<p>Hochwertige Rollentasche mit Bodenfach und extra viel Packraum. Hochwertiges Ripstop-Material verhindert Aufreissen der Tasche; Edles All-Black Design f\u00fcr den stilvollen Auftritt auf Reisen und beim Sport; Boden aus extrem widerstandsf\u00e4higem 1680D Polyester; Ger\u00e4umiges Hauptfach und Fronttasche mit Reissverschluss; Bodenfach f\u00fcr die getrennte Aufbewahrung von Schuhen und \u00c4hnlichem; Seitentasche mit Nassfach und Ventilationsl\u00f6chern; Integrierte Mesh-Innentasche f\u00fcr [&hellip;]<\/p>\n","protected":false},"featured_media":618664,"template":"","meta":[],"product_brand":[],"product_cat":[4195,4209],"product_tag":[],"class_list":{"0":"post-618644","1":"product","2":"type-product","3":"status-publish","4":"has-post-thumbnail","6":"product_cat-rucksaecke-taschen","7":"product_cat-zubehoer","8":"pa_brand-erima","9":"pa_brand-type-sportswear","10":"pa_filter-color-schwarz","12":"first","13":"instock","14":"sale","15":"taxable","16":"shipping-taxable","17":"purchasable","18":"product-type-variable","19":"add-to-wishlist-before_image"},"exclude_global_add_ons":[],"addons":[],"acf":[],"_links":{"self":[{"href":"https:\/\/shop.kustom.ch\/fr\/wp-json\/wp\/v2\/product\/618644"}],"collection":[{"href":"https:\/\/shop.kustom.ch\/fr\/wp-json\/wp\/v2\/product"}],"about":[{"href":"https:\/\/shop.kustom.ch\/fr\/wp-json\/wp\/v2\/types\/product"}],"wp:featuredmedia":[{"embeddable":true,"href":"https:\/\/shop.kustom.ch\/fr\/wp-json\/wp\/v2\/media\/618664"}],"wp:attachment":[{"href":"https:\/\/shop.kustom.ch\/fr\/wp-json\/wp\/v2\/media?parent=618644"}],"wp:term":[{"taxonomy":"product_brand","embeddable":true,"href":"https:\/\/shop.kustom.ch\/fr\/wp-json\/wp\/v2\/product_brand?post=618644"},{"taxonomy":"product_cat","embeddable":true,"href":"https:\/\/shop.kustom.ch\/fr\/wp-json\/wp\/v2\/product_cat?post=618644"},{"taxonomy":"product_tag","embeddable":true,"href":"https:\/\/shop.kustom.ch\/fr\/wp-json\/wp\/v2\/product_tag?post=618644"}],"curies":[{"name":"wp","href":"https:\/\/api.w.org\/{rel}","templated":true}]}}