{"id":618526,"date":"2025-03-12T02:49:57","date_gmt":"2025-03-12T01:49:57","guid":{"rendered":"https:\/\/shop.kustom.ch\/?post_type=product&#038;p=618526"},"modified":"2025-05-06T11:00:27","modified_gmt":"2025-05-06T10:00:27","slug":"flex-guard-protect","status":"publish","type":"product","link":"https:\/\/shop.kustom.ch\/fr\/produit\/flex-guard-protect\/","title":{"rendered":"Flex Guard Protect"},"content":{"rendered":"<p>Prot\u00e8ge-tibias flexible avec structure cellulaire pour un grand confort.<br \/>\nExtr\u00eamement l\u00e9ger ; Bouclier en TPU tr\u00e8s flexible et r\u00e9sistant aux chocs ; Backing en mousse EVA avec structure cellulaire pour une excellente circulation de l'air ; Facilement lavable ; Protection de la cheville fix\u00e9e ; Fermeture adaptable individuellement gr\u00e2ce \u00e0 des fermetures velcro anatomiques<br \/>\nTaille : Taille XS, S, M, L, XL<\/p>","protected":false},"excerpt":{"rendered":"<p>Flexibler Schienbeinschoner mit Zell-Struktur f\u00fcr einen hohen Tragekomfort. Extrem leicht; Sehr flexibles, schlagfestes TPU-Schild; Backing aus EVA-Schaum mit Zellstruktur f\u00fcr hervorragende Luftzirkulation; Leicht abwaschbar; Fixierter Kn\u00f6chelschutz; Verschluss individuell anpassbar durch anatomisch angebrachte Klettverschl\u00fcsse Gr\u00f6sse: Gr. XS, S, M, L, XL<\/p>","protected":false},"featured_media":618555,"template":"","meta":[],"product_brand":[],"product_cat":[4196],"product_tag":[],"class_list":{"0":"post-618526","1":"product","2":"type-product","3":"status-publish","4":"has-post-thumbnail","6":"product_cat-schienbeinschoner","7":"pa_brand-erima","8":"pa_brand-type-sportswear","9":"pa_filter-color-gruen","10":"pa_filter-color-schwarz","12":"first","13":"instock","14":"sale","15":"taxable","16":"shipping-taxable","17":"purchasable","18":"product-type-variable","19":"add-to-wishlist-before_image"},"exclude_global_add_ons":[],"addons":[],"acf":[],"_links":{"self":[{"href":"https:\/\/shop.kustom.ch\/fr\/wp-json\/wp\/v2\/product\/618526"}],"collection":[{"href":"https:\/\/shop.kustom.ch\/fr\/wp-json\/wp\/v2\/product"}],"about":[{"href":"https:\/\/shop.kustom.ch\/fr\/wp-json\/wp\/v2\/types\/product"}],"wp:featuredmedia":[{"embeddable":true,"href":"https:\/\/shop.kustom.ch\/fr\/wp-json\/wp\/v2\/media\/618555"}],"wp:attachment":[{"href":"https:\/\/shop.kustom.ch\/fr\/wp-json\/wp\/v2\/media?parent=618526"}],"wp:term":[{"taxonomy":"product_brand","embeddable":true,"href":"https:\/\/shop.kustom.ch\/fr\/wp-json\/wp\/v2\/product_brand?post=618526"},{"taxonomy":"product_cat","embeddable":true,"href":"https:\/\/shop.kustom.ch\/fr\/wp-json\/wp\/v2\/product_cat?post=618526"},{"taxonomy":"product_tag","embeddable":true,"href":"https:\/\/shop.kustom.ch\/fr\/wp-json\/wp\/v2\/product_tag?post=618526"}],"curies":[{"name":"wp","href":"https:\/\/api.w.org\/{rel}","templated":true}]}}