{"id":618520,"date":"2025-03-12T02:49:56","date_gmt":"2025-03-12T01:49:56","guid":{"rendered":"https:\/\/shop.kustom.ch\/?post_type=product&#038;p=618520"},"modified":"2026-03-31T12:48:11","modified_gmt":"2026-03-31T11:48:11","slug":"trimona-bewaxfree-350-ml","status":"publish","type":"product","link":"https:\/\/shop.kustom.ch\/fr\/produit\/trimona-bewaxfree-350-ml\/","title":{"rendered":"Trimona BEwaxFREE 350 ml"},"content":{"rendered":"<p>L'huile de nettoyage pour l'\u00e9limination de la r\u00e9sine.<br \/>\nNettoyant pour les mains test\u00e9 dermatologiquement ; \u00c9limine les r\u00e9sidus de r\u00e9sine d\u00e8s la premi\u00e8re utilisation ; Doux pour la peau gr\u00e2ce aux huiles v\u00e9g\u00e9tales ; Fonctionne avec toutes les r\u00e9sines<\/p>","protected":false},"excerpt":{"rendered":"<p>Das Reinigungs\u00f6l zur Harzentfernung. Dermatologisch getestetes Handreinigungsmittel; Entfernt Harzr\u00fcckst\u00e4nde bereits bei der ersten Anwendung; Schonend zur Haut dank Pflanzen\u00f6len; Funktioniert bei allen Harzen<\/p>","protected":false},"featured_media":618533,"template":"","meta":[],"product_brand":[],"product_cat":[4209],"product_tag":[],"class_list":{"0":"post-618520","1":"product","2":"type-product","3":"status-publish","4":"has-post-thumbnail","6":"product_cat-zubehoer","7":"pa_brand-erima","8":"pa_brand-type-sportswear","9":"pa_filter-color-gruen","11":"first","12":"instock","13":"sale","14":"taxable","15":"shipping-taxable","16":"purchasable","17":"product-type-variable","18":"add-to-wishlist-before_image"},"exclude_global_add_ons":[],"addons":[],"acf":[],"_links":{"self":[{"href":"https:\/\/shop.kustom.ch\/fr\/wp-json\/wp\/v2\/product\/618520"}],"collection":[{"href":"https:\/\/shop.kustom.ch\/fr\/wp-json\/wp\/v2\/product"}],"about":[{"href":"https:\/\/shop.kustom.ch\/fr\/wp-json\/wp\/v2\/types\/product"}],"wp:featuredmedia":[{"embeddable":true,"href":"https:\/\/shop.kustom.ch\/fr\/wp-json\/wp\/v2\/media\/618533"}],"wp:attachment":[{"href":"https:\/\/shop.kustom.ch\/fr\/wp-json\/wp\/v2\/media?parent=618520"}],"wp:term":[{"taxonomy":"product_brand","embeddable":true,"href":"https:\/\/shop.kustom.ch\/fr\/wp-json\/wp\/v2\/product_brand?post=618520"},{"taxonomy":"product_cat","embeddable":true,"href":"https:\/\/shop.kustom.ch\/fr\/wp-json\/wp\/v2\/product_cat?post=618520"},{"taxonomy":"product_tag","embeddable":true,"href":"https:\/\/shop.kustom.ch\/fr\/wp-json\/wp\/v2\/product_tag?post=618520"}],"curies":[{"name":"wp","href":"https:\/\/api.w.org\/{rel}","templated":true}]}}