{"id":618519,"date":"2025-03-12T02:49:56","date_gmt":"2025-03-12T01:49:56","guid":{"rendered":"https:\/\/shop.kustom.ch\/?post_type=product&#038;p=618519"},"modified":"2026-03-31T12:48:10","modified_gmt":"2026-03-31T11:48:10","slug":"trimona-easy-clean-handballwax-200-ml","status":"publish","type":"product","link":"https:\/\/shop.kustom.ch\/fr\/produit\/trimona-easy-clean-handballwax-200-ml\/","title":{"rendered":"Trimona Easy Clean Handballwax 200 ml"},"content":{"rendered":"<p>R\u00e9sine en spray innovante - combine un fort pouvoir adh\u00e9sif et un nettoyage facile.<br \/>\nR\u00e9sine en spray avec un fort pouvoir adh\u00e9sif ; Nettoyage facile des mains et du sol de la salle avec de l'eau ; Convient aux salles o\u00f9 seule la r\u00e9sine soluble \u00e0 l'eau est autoris\u00e9e ; Parfait pour le handball des enfants, des jeunes et des amateurs.<\/p>","protected":false},"excerpt":{"rendered":"<p>Innovatives Sprayharz \u2013 vereint starke Klebekraft und unkomplizierte Reinigung. Sprayharz mit starker Klebekraft; Unkomplizierte Reinigung von H\u00e4nden und Hallenb\u00f6den mit Wasser; Geeignet f\u00fcr Hallen, in denen ausschliesslich wasserl\u00f6sliches Harz erlaubt ist; Perfekt f\u00fcr Kinder-, Jugend- und Amateurhandball<\/p>","protected":false},"featured_media":618531,"template":"","meta":[],"product_brand":[],"product_cat":[4209],"product_tag":[],"class_list":{"0":"post-618519","1":"product","2":"type-product","3":"status-publish","4":"has-post-thumbnail","6":"product_cat-zubehoer","7":"pa_brand-erima","8":"pa_brand-type-sportswear","9":"pa_filter-color-gruen","11":"first","12":"instock","13":"sale","14":"taxable","15":"shipping-taxable","16":"purchasable","17":"product-type-variable","18":"add-to-wishlist-before_image"},"exclude_global_add_ons":[],"addons":[],"acf":[],"_links":{"self":[{"href":"https:\/\/shop.kustom.ch\/fr\/wp-json\/wp\/v2\/product\/618519"}],"collection":[{"href":"https:\/\/shop.kustom.ch\/fr\/wp-json\/wp\/v2\/product"}],"about":[{"href":"https:\/\/shop.kustom.ch\/fr\/wp-json\/wp\/v2\/types\/product"}],"wp:featuredmedia":[{"embeddable":true,"href":"https:\/\/shop.kustom.ch\/fr\/wp-json\/wp\/v2\/media\/618531"}],"wp:attachment":[{"href":"https:\/\/shop.kustom.ch\/fr\/wp-json\/wp\/v2\/media?parent=618519"}],"wp:term":[{"taxonomy":"product_brand","embeddable":true,"href":"https:\/\/shop.kustom.ch\/fr\/wp-json\/wp\/v2\/product_brand?post=618519"},{"taxonomy":"product_cat","embeddable":true,"href":"https:\/\/shop.kustom.ch\/fr\/wp-json\/wp\/v2\/product_cat?post=618519"},{"taxonomy":"product_tag","embeddable":true,"href":"https:\/\/shop.kustom.ch\/fr\/wp-json\/wp\/v2\/product_tag?post=618519"}],"curies":[{"name":"wp","href":"https:\/\/api.w.org\/{rel}","templated":true}]}}