{"id":618480,"date":"2025-03-12T02:48:54","date_gmt":"2025-03-12T01:48:54","guid":{"rendered":"https:\/\/shop.kustom.ch\/?post_type=product&#038;p=618480"},"modified":"2026-03-31T12:48:03","modified_gmt":"2026-03-31T11:48:03","slug":"erima-flash-training","status":"publish","type":"product","link":"https:\/\/shop.kustom.ch\/fr\/produit\/erima-flash-training\/","title":{"rendered":"ERIMA FLASH Entra\u00eenement"},"content":{"rendered":"<p>D\u00e9couvre l'adh\u00e9rence parfaite avec notre ballon de handball d'entra\u00eenement - pour des lancers pr\u00e9cis et un contr\u00f4le maximal sur le terrain !<br \/>\nVariante d'entra\u00eenement r\u00e9sistante du nouveau ballon de match ERIMA ; Dessus en PU durable pour une bonne adh\u00e9rence et un toucher doux ; Mousse backing sp\u00e9cialement d\u00e9velopp\u00e9e pour un soft touch exceptionnel ; Vessie en latex pour un rebond optimal ; Tailles ERIMA pour un contr\u00f4le optimal du ballon dans chaque cat\u00e9gorie d'\u00e2ge ; Deux couleurs - il y en a pour tous les go\u00fbts ; Convient pour le jeu avec r\u00e9sine<\/p>","protected":false},"excerpt":{"rendered":"<p>Erlebe den perfekten Grip mit unserem Trainingshandball \u2013 f\u00fcr pr\u00e4zise W\u00fcrfe und maximale Kontrolle auf dem Spielfeld! Strapazierf\u00e4hige Trainingsvariante des neuen ERIMA Matchballes; Langlebiges PU-Obermaterial f\u00fcr guten Grip und weiches Spielgef\u00fchl; Speziell entwickelter Backingschaum f\u00fcr aussergew\u00f6hnlichen Soft Touch; Latexblase f\u00fcr optimalen R\u00fccksprung; ERIMA Gr\u00f6ssen f\u00fcr optimale Kontrolle des Balles in jeder Altersklasse; Zwei Farben &#8211; [&hellip;]<\/p>\n","protected":false},"featured_media":618496,"template":"","meta":[],"product_brand":[],"product_cat":[4175,4209],"product_tag":[],"class_list":{"0":"post-618480","1":"product","2":"type-product","3":"status-publish","4":"has-post-thumbnail","6":"product_cat-baelle","7":"product_cat-zubehoer","8":"pa_filter-color-pink","9":"pa_filter-color-weiss","11":"first","12":"instock","13":"taxable","14":"shipping-taxable","15":"purchasable","16":"product-type-variable","17":"add-to-wishlist-before_image"},"exclude_global_add_ons":[],"addons":[],"acf":[],"_links":{"self":[{"href":"https:\/\/shop.kustom.ch\/fr\/wp-json\/wp\/v2\/product\/618480"}],"collection":[{"href":"https:\/\/shop.kustom.ch\/fr\/wp-json\/wp\/v2\/product"}],"about":[{"href":"https:\/\/shop.kustom.ch\/fr\/wp-json\/wp\/v2\/types\/product"}],"wp:featuredmedia":[{"embeddable":true,"href":"https:\/\/shop.kustom.ch\/fr\/wp-json\/wp\/v2\/media\/618496"}],"wp:attachment":[{"href":"https:\/\/shop.kustom.ch\/fr\/wp-json\/wp\/v2\/media?parent=618480"}],"wp:term":[{"taxonomy":"product_brand","embeddable":true,"href":"https:\/\/shop.kustom.ch\/fr\/wp-json\/wp\/v2\/product_brand?post=618480"},{"taxonomy":"product_cat","embeddable":true,"href":"https:\/\/shop.kustom.ch\/fr\/wp-json\/wp\/v2\/product_cat?post=618480"},{"taxonomy":"product_tag","embeddable":true,"href":"https:\/\/shop.kustom.ch\/fr\/wp-json\/wp\/v2\/product_tag?post=618480"}],"curies":[{"name":"wp","href":"https:\/\/api.w.org\/{rel}","templated":true}]}}