{"id":618455,"date":"2025-03-12T02:48:16","date_gmt":"2025-03-12T01:48:16","guid":{"rendered":"https:\/\/shop.kustom.ch\/?post_type=product&#038;p=618455"},"modified":"2026-03-31T12:47:40","modified_gmt":"2026-03-31T11:47:40","slug":"magic-white","status":"publish","type":"product","link":"https:\/\/shop.kustom.ch\/fr\/produit\/magic-white\/","title":{"rendered":"MAGIC WHITE"},"content":{"rendered":"<p>Un must pour toutes les salles de sport o\u00f9 la r\u00e9sine est interdite ! Le MAGIC WHITE convainc par son excellente adh\u00e9rence sans r\u00e9sine.<br \/>\nBallon de handball durable et de haute qualit\u00e9 ; PU high-tech pour une adh\u00e9rence exceptionnelle ; deuxi\u00e8me couche de backing en Soft Gel pour une sensation de jeu particuli\u00e8rement douce, fabriqu\u00e9e \u00e0 partir de bouteilles PET recycl\u00e9es ; adh\u00e9rence extr\u00eame et excellent toucher de balle ; coutures \u00e0 peine perceptibles gr\u00e2ce \u00e0 l'Hydro Stitching ; Ne convient pas \u00e0 l'utilisation avec de la r\u00e9sine ; Taille et poids r\u00e9duits pour une meilleure maniabilit\u00e9, conform\u00e9ment aux directives de l'IHF pour les ballons sans r\u00e9sine ; Rebond optimal m\u00eame en cas de faible pression d'air ; Propri\u00e9t\u00e9s de jeu et d'adh\u00e9rence id\u00e9ales, m\u00eame lors des lancers de tricks ; Vessie en latex pour un rebond optimal<\/p>","protected":false},"excerpt":{"rendered":"<p>Must-have f\u00fcr alle Sporthallen, in denen Harzverbot herrscht! Der MAGIC WHITE \u00fcberzeugt mit hervorragendem Grip ganz ohne Harz. Lang haltbarer, hochwertiger Handball; Hightech-PU f\u00fcr aussergew\u00f6hnlichen Grip; Zweite Backing-Schicht aus Soft Gel f\u00fcr ein besonders weiches Spielgef\u00fchl, hergestellt aus recycelten PET-Flaschen; Extrem griffig und exzellentes Ballgef\u00fchl; N\u00e4hte kaum sp\u00fcrbar dank Hydro Stitching; Nicht f\u00fcr die Verwendung [&hellip;]<\/p>\n","protected":false},"featured_media":618476,"template":"","meta":[],"product_brand":[],"product_cat":[4175,4209],"product_tag":[],"class_list":{"0":"post-618455","1":"product","2":"type-product","3":"status-publish","4":"has-post-thumbnail","6":"product_cat-baelle","7":"product_cat-zubehoer","8":"pa_brand-erima","9":"pa_brand-type-sportswear","10":"pa_filter-color-weiss","12":"first","13":"instock","14":"sale","15":"taxable","16":"shipping-taxable","17":"purchasable","18":"product-type-variable","19":"add-to-wishlist-before_image"},"exclude_global_add_ons":[],"addons":[],"acf":[],"_links":{"self":[{"href":"https:\/\/shop.kustom.ch\/fr\/wp-json\/wp\/v2\/product\/618455"}],"collection":[{"href":"https:\/\/shop.kustom.ch\/fr\/wp-json\/wp\/v2\/product"}],"about":[{"href":"https:\/\/shop.kustom.ch\/fr\/wp-json\/wp\/v2\/types\/product"}],"wp:featuredmedia":[{"embeddable":true,"href":"https:\/\/shop.kustom.ch\/fr\/wp-json\/wp\/v2\/media\/618476"}],"wp:attachment":[{"href":"https:\/\/shop.kustom.ch\/fr\/wp-json\/wp\/v2\/media?parent=618455"}],"wp:term":[{"taxonomy":"product_brand","embeddable":true,"href":"https:\/\/shop.kustom.ch\/fr\/wp-json\/wp\/v2\/product_brand?post=618455"},{"taxonomy":"product_cat","embeddable":true,"href":"https:\/\/shop.kustom.ch\/fr\/wp-json\/wp\/v2\/product_cat?post=618455"},{"taxonomy":"product_tag","embeddable":true,"href":"https:\/\/shop.kustom.ch\/fr\/wp-json\/wp\/v2\/product_tag?post=618455"}],"curies":[{"name":"wp","href":"https:\/\/api.w.org\/{rel}","templated":true}]}}