{"id":617563,"date":"2025-03-12T02:39:45","date_gmt":"2025-03-12T01:39:45","guid":{"rendered":"https:\/\/shop.kustom.ch\/?post_type=product&#038;p=617563"},"modified":"2026-03-31T12:41:14","modified_gmt":"2026-03-31T11:41:14","slug":"ts-cap-function","status":"publish","type":"product","link":"https:\/\/shop.kustom.ch\/fr\/produit\/ts-cap-function\/","title":{"rendered":"Fonction TS Cap"},"content":{"rendered":"<p>Accessoire d\u00e9contract\u00e9 pour les activit\u00e9s sportives.<br \/>\nMat\u00e9riau mesh sur le c\u00f4t\u00e9 pour une ventilation optimale ; Taille ajustable individuellement gr\u00e2ce \u00e0 un \u00e9lastique ; Slogan ERIMA #WINNINGTOGEHTER \u00e0 l'int\u00e9rieur ; Disponible en deux tailles diff\u00e9rentes<br \/>\n100% Polyester<\/p>","protected":false},"excerpt":{"rendered":"<p>L\u00e4ssiges Accessoire f\u00fcr sportliche Aktivit\u00e4ten. Mesh-Material an der Seite f\u00fcr optimale Ventilation; Gr\u00f6sse individuell anpassbar dank elastischem Gummiband; ERIMA Slogan #WINNINGTOGEHTER im Inneren; Erh\u00e4ltlich in zwei verschiedenen Gr\u00f6ssen 100% Polyester<\/p>","protected":false},"featured_media":617584,"template":"","meta":[],"product_brand":[],"product_cat":[4177,4209],"product_tag":[],"class_list":{"0":"post-617563","1":"product","2":"type-product","3":"status-publish","4":"has-post-thumbnail","6":"product_cat-caps-muetzen","7":"product_cat-zubehoer","8":"pa_brand-erima","9":"pa_brand-type-sportswear","10":"pa_filter-color-schwarz","11":"pa_filter-color-weiss","13":"first","14":"instock","15":"sale","16":"taxable","17":"shipping-taxable","18":"purchasable","19":"product-type-variable","20":"add-to-wishlist-before_image"},"exclude_global_add_ons":[],"addons":[],"acf":[],"_links":{"self":[{"href":"https:\/\/shop.kustom.ch\/fr\/wp-json\/wp\/v2\/product\/617563"}],"collection":[{"href":"https:\/\/shop.kustom.ch\/fr\/wp-json\/wp\/v2\/product"}],"about":[{"href":"https:\/\/shop.kustom.ch\/fr\/wp-json\/wp\/v2\/types\/product"}],"wp:featuredmedia":[{"embeddable":true,"href":"https:\/\/shop.kustom.ch\/fr\/wp-json\/wp\/v2\/media\/617584"}],"wp:attachment":[{"href":"https:\/\/shop.kustom.ch\/fr\/wp-json\/wp\/v2\/media?parent=617563"}],"wp:term":[{"taxonomy":"product_brand","embeddable":true,"href":"https:\/\/shop.kustom.ch\/fr\/wp-json\/wp\/v2\/product_brand?post=617563"},{"taxonomy":"product_cat","embeddable":true,"href":"https:\/\/shop.kustom.ch\/fr\/wp-json\/wp\/v2\/product_cat?post=617563"},{"taxonomy":"product_tag","embeddable":true,"href":"https:\/\/shop.kustom.ch\/fr\/wp-json\/wp\/v2\/product_tag?post=617563"}],"curies":[{"name":"wp","href":"https:\/\/api.w.org\/{rel}","templated":true}]}}