{"id":616922,"date":"2025-03-12T02:36:09","date_gmt":"2025-03-12T01:36:09","guid":{"rendered":"https:\/\/shop.kustom.ch\/?post_type=product&#038;p=616922"},"modified":"2026-03-31T12:38:20","modified_gmt":"2026-03-31T11:38:20","slug":"ts-tanktop-function","status":"publish","type":"product","link":"https:\/\/shop.kustom.ch\/fr\/produit\/ts-tanktop-function\/","title":{"rendered":"TS D\u00e9bardeur function"},"content":{"rendered":"<p>Agr\u00e9able \u00e0 porter lorsqu'il fait chaud.<br \/>\nMicro Mesh \u00e9lastique et fonctionnel ; Coupe d\u00e9contract\u00e9e ; Encolure ronde ajust\u00e9e<br \/>\n90% polyester, 10% \u00e9lasthanne<\/p>","protected":false},"excerpt":{"rendered":"<p>Angenehmes Tragegef\u00fchl an warmen Tagen. Elastisches, funktionelles Micro Mesh; Lockerer Schnitt; Anliegender Rundhalsausschnitt 90% Polyester, 10% Elasthan<\/p>","protected":false},"featured_media":616980,"template":"","meta":[],"product_brand":[],"product_cat":[4202],"product_tag":[],"class_list":{"0":"post-616922","1":"product","2":"type-product","3":"status-publish","4":"has-post-thumbnail","6":"product_cat-tank-tops","7":"pa_brand-erima","8":"pa_brand-type-sportswear","9":"pa_filter-color-blau","10":"pa_filter-color-gelb","11":"pa_filter-color-gruen","12":"pa_filter-color-orange","13":"pa_filter-color-rot","14":"pa_filter-color-schwarz","16":"first","17":"instock","18":"sale","19":"taxable","20":"shipping-taxable","21":"purchasable","22":"product-type-variable","23":"add-to-wishlist-before_image"},"exclude_global_add_ons":[],"addons":[],"acf":[],"_links":{"self":[{"href":"https:\/\/shop.kustom.ch\/fr\/wp-json\/wp\/v2\/product\/616922"}],"collection":[{"href":"https:\/\/shop.kustom.ch\/fr\/wp-json\/wp\/v2\/product"}],"about":[{"href":"https:\/\/shop.kustom.ch\/fr\/wp-json\/wp\/v2\/types\/product"}],"wp:featuredmedia":[{"embeddable":true,"href":"https:\/\/shop.kustom.ch\/fr\/wp-json\/wp\/v2\/media\/616980"}],"wp:attachment":[{"href":"https:\/\/shop.kustom.ch\/fr\/wp-json\/wp\/v2\/media?parent=616922"}],"wp:term":[{"taxonomy":"product_brand","embeddable":true,"href":"https:\/\/shop.kustom.ch\/fr\/wp-json\/wp\/v2\/product_brand?post=616922"},{"taxonomy":"product_cat","embeddable":true,"href":"https:\/\/shop.kustom.ch\/fr\/wp-json\/wp\/v2\/product_cat?post=616922"},{"taxonomy":"product_tag","embeddable":true,"href":"https:\/\/shop.kustom.ch\/fr\/wp-json\/wp\/v2\/product_tag?post=616922"}],"curies":[{"name":"wp","href":"https:\/\/api.w.org\/{rel}","templated":true}]}}