{"id":616262,"date":"2025-03-12T02:32:01","date_gmt":"2025-03-12T01:32:01","guid":{"rendered":"https:\/\/shop.kustom.ch\/?post_type=product&#038;p=616262"},"modified":"2026-03-31T12:36:27","modified_gmt":"2026-03-31T11:36:27","slug":"ts-hoody","status":"publish","type":"product","link":"https:\/\/shop.kustom.ch\/fr\/produit\/ts-hoody\/","title":{"rendered":"Sweat \u00e0 capuche TS"},"content":{"rendered":"<p>Simple, \u00e9l\u00e9gant &amp; super confortable.<br \/>\nM\u00e9lange de coton avec Soft Touch ; Int\u00e9rieur gratt\u00e9 moelleux ; Coupe d\u00e9contract\u00e9e unisexe pour femmes et hommes ; Capuche doubl\u00e9e ; Logo ton sur ton brod\u00e9 sur l'\u00e9paule ; Empi\u00e8cements c\u00f4tel\u00e9s sur les c\u00f4t\u00e9s ; Poche kangourou ; Poignets et ourlet c\u00f4tel\u00e9s ; Avec Better Cotton ; Article unisexe : Les femmes doivent choisir une taille en dessous<br \/>\n60% coton, 40% polyester<\/p>","protected":false},"excerpt":{"rendered":"<p>Schlicht, stylisch &amp; super bequem. Baumwollmix mit Soft Touch; Innen flauschig angeraut; Lockerer Unisex Schnitt f\u00fcr Damen und Herren; Gef\u00fctterte Kapuze; Gesticktes Ton-in-Ton Logo auf der Schulterpartie; Rippeins\u00e4tze an den Seiten; K\u00e4ngurutasche; Gerippte B\u00fcndchen und Saum; Mit Better Cotton; Unisex Artikel: Damen w\u00e4hlen bitte eine Gr\u00f6sse kleiner 60% Baumwolle, 40% Polyester<\/p>","protected":false},"featured_media":616315,"template":"","meta":[],"product_brand":[],"product_cat":[4184],"product_tag":[],"class_list":{"0":"post-616262","1":"product","2":"type-product","3":"status-publish","4":"has-post-thumbnail","6":"product_cat-hoodies-pullover","7":"pa_brand-erima","8":"pa_brand-type-sportswear","9":"pa_filter-color-beige","10":"pa_filter-color-blau","11":"pa_filter-color-braun","12":"pa_filter-color-grau","13":"pa_filter-color-gruen","14":"pa_filter-color-rot","15":"pa_filter-color-schwarz","17":"first","18":"instock","19":"sale","20":"taxable","21":"shipping-taxable","22":"purchasable","23":"product-type-variable","24":"add-to-wishlist-before_image"},"exclude_global_add_ons":[],"addons":[],"acf":[],"_links":{"self":[{"href":"https:\/\/shop.kustom.ch\/fr\/wp-json\/wp\/v2\/product\/616262"}],"collection":[{"href":"https:\/\/shop.kustom.ch\/fr\/wp-json\/wp\/v2\/product"}],"about":[{"href":"https:\/\/shop.kustom.ch\/fr\/wp-json\/wp\/v2\/types\/product"}],"wp:featuredmedia":[{"embeddable":true,"href":"https:\/\/shop.kustom.ch\/fr\/wp-json\/wp\/v2\/media\/616315"}],"wp:attachment":[{"href":"https:\/\/shop.kustom.ch\/fr\/wp-json\/wp\/v2\/media?parent=616262"}],"wp:term":[{"taxonomy":"product_brand","embeddable":true,"href":"https:\/\/shop.kustom.ch\/fr\/wp-json\/wp\/v2\/product_brand?post=616262"},{"taxonomy":"product_cat","embeddable":true,"href":"https:\/\/shop.kustom.ch\/fr\/wp-json\/wp\/v2\/product_cat?post=616262"},{"taxonomy":"product_tag","embeddable":true,"href":"https:\/\/shop.kustom.ch\/fr\/wp-json\/wp\/v2\/product_tag?post=616262"}],"curies":[{"name":"wp","href":"https:\/\/api.w.org\/{rel}","templated":true}]}}