{"id":615752,"date":"2025-03-12T02:29:26","date_gmt":"2025-03-12T01:29:26","guid":{"rendered":"https:\/\/shop.kustom.ch\/?post_type=product&#038;p=615752"},"modified":"2026-03-31T12:35:27","modified_gmt":"2026-03-31T11:35:27","slug":"cmpt-puffer-jacket","status":"publish","type":"product","link":"https:\/\/shop.kustom.ch\/fr\/produit\/cmpt-puffer-jacket\/","title":{"rendered":"Veste tampon CMPT"},"content":{"rendered":"<p>Veste matelass\u00e9e l\u00e9g\u00e8re pour les saisons peu agr\u00e9ables.<br \/>\nVeste matelass\u00e9e l\u00e9g\u00e8re ; Col haut avec capuche amovible et cordon de serrage ; Fermeture \u00e9clair avec protection du menton ; Poches lat\u00e9rales \u00e0 fermeture \u00e9clair ; Bordure \u00e9lastique aux poignets et \u00e0 l'ourlet ; Poche int\u00e9rieure avec fermeture velcro ; Col avec int\u00e9rieur c\u00f4tel\u00e9 pour un grand confort ; Logo ERIMA sur la poitrine ; Coupe cintr\u00e9e<br \/>\n100% Polyester<\/p>","protected":false},"excerpt":{"rendered":"<p>Leichte Steppjacke f\u00fcr die ungem\u00fctliche Jahreszeit. Leichte Steppjacke; Hoher Kragen mit abnehmbarer Kapuze und Kordelzug; Reissverschluss mit Kinnschutz; Seitliche Reissverschlusstaschen; Elastisches Einfassband an \u00c4rmeln und Saum; Innentasche mit Klettverschluss; Kragen mit gerippter Innenseite f\u00fcr hohen Komfort; ERIMA Logo auf der Brust; Taillierter Schnitt 100% Polyester<\/p>","protected":false},"featured_media":615781,"template":"","meta":[],"product_brand":[],"product_cat":[4186],"product_tag":[],"class_list":{"0":"post-615752","1":"product","2":"type-product","3":"status-publish","4":"has-post-thumbnail","6":"product_cat-jacken","7":"pa_brand-erima","8":"pa_brand-type-sportswear","9":"pa_filter-color-blau","10":"pa_filter-color-rot","11":"pa_filter-color-schwarz","13":"first","14":"instock","15":"sale","16":"taxable","17":"shipping-taxable","18":"purchasable","19":"product-type-variable","20":"add-to-wishlist-before_image"},"exclude_global_add_ons":[],"addons":[],"acf":[],"_links":{"self":[{"href":"https:\/\/shop.kustom.ch\/fr\/wp-json\/wp\/v2\/product\/615752"}],"collection":[{"href":"https:\/\/shop.kustom.ch\/fr\/wp-json\/wp\/v2\/product"}],"about":[{"href":"https:\/\/shop.kustom.ch\/fr\/wp-json\/wp\/v2\/types\/product"}],"wp:featuredmedia":[{"embeddable":true,"href":"https:\/\/shop.kustom.ch\/fr\/wp-json\/wp\/v2\/media\/615781"}],"wp:attachment":[{"href":"https:\/\/shop.kustom.ch\/fr\/wp-json\/wp\/v2\/media?parent=615752"}],"wp:term":[{"taxonomy":"product_brand","embeddable":true,"href":"https:\/\/shop.kustom.ch\/fr\/wp-json\/wp\/v2\/product_brand?post=615752"},{"taxonomy":"product_cat","embeddable":true,"href":"https:\/\/shop.kustom.ch\/fr\/wp-json\/wp\/v2\/product_cat?post=615752"},{"taxonomy":"product_tag","embeddable":true,"href":"https:\/\/shop.kustom.ch\/fr\/wp-json\/wp\/v2\/product_tag?post=615752"}],"curies":[{"name":"wp","href":"https:\/\/api.w.org\/{rel}","templated":true}]}}