{"id":613655,"date":"2025-03-06T04:57:28","date_gmt":"2025-03-06T03:57:28","guid":{"rendered":"https:\/\/shop.kustom.ch\/?post_type=product&#038;p=613655"},"modified":"2026-04-01T07:38:18","modified_gmt":"2026-04-01T06:38:18","slug":"fhb-original-gerd-ipad-tasche","status":"publish","type":"product","link":"https:\/\/shop.kustom.ch\/fr\/produit\/fhb-original-gerd-ipad-tasche\/","title":{"rendered":"\u00c9tui pour iPad GERD"},"content":{"rendered":"<p>Pochette pour iPad exceptionnelle en cuir anglais, typique des pantalons de corporation, sur le devant.<br \/>\nLa poche peut \u00eatre utilis\u00e9e pour le m\u00e8tre pliant, mais aussi comme compartiment pour l'iPhone.Doublure int\u00e9rieure en coton.Fermable avec une boucle de salopette FHB robuste.Convient aussi parfaitement comme id\u00e9e de cadeau pour tous ceux qui aiment la technique moderne et les v\u00eatements de corporation traditionnels.<br \/>\nTaille :<br \/>\n24 x 30 cm.<br \/>\nFabriqu\u00e9 en :<br \/>\nPologne<\/p>","protected":false},"excerpt":{"rendered":"<p>Aussergew\u00f6hnliche iPad-Tasche aus Zunfthosenmaterial Englisch-Leder.Typische Zollstocktasche einer Zunfthose auf der Vorderseite. Die Tasche kann f\u00fcr den Zollstock, aber auch als iPhone-Fach genutzt werden.Baumwollinnenfutter.Verschliessbar mit einer robusten FHB-Latzhosenschnalle.Auch bestens geeignet als Geschenkidee f\u00fcr alle, die moderne Technik und traditionelle Zunftkleidung lieben. Gr\u00f6sse: 24 x 30 cm. Hergestellt in: Polen<\/p>","protected":false},"featured_media":672054,"template":"","meta":[],"product_brand":[],"product_cat":[4209],"product_tag":[],"class_list":{"0":"post-613655","1":"product","2":"type-product","3":"status-publish","4":"has-post-thumbnail","6":"product_cat-zubehoer","7":"pa_brand-fhb","8":"pa_brand-type-workwear","9":"pa_filter-color-schwarz","11":"first","12":"instock","13":"sale","14":"taxable","15":"shipping-taxable","16":"purchasable","17":"product-type-variable","18":"add-to-wishlist-before_image"},"exclude_global_add_ons":[],"addons":[],"acf":[],"_links":{"self":[{"href":"https:\/\/shop.kustom.ch\/fr\/wp-json\/wp\/v2\/product\/613655"}],"collection":[{"href":"https:\/\/shop.kustom.ch\/fr\/wp-json\/wp\/v2\/product"}],"about":[{"href":"https:\/\/shop.kustom.ch\/fr\/wp-json\/wp\/v2\/types\/product"}],"wp:featuredmedia":[{"embeddable":true,"href":"https:\/\/shop.kustom.ch\/fr\/wp-json\/wp\/v2\/media\/672054"}],"wp:attachment":[{"href":"https:\/\/shop.kustom.ch\/fr\/wp-json\/wp\/v2\/media?parent=613655"}],"wp:term":[{"taxonomy":"product_brand","embeddable":true,"href":"https:\/\/shop.kustom.ch\/fr\/wp-json\/wp\/v2\/product_brand?post=613655"},{"taxonomy":"product_cat","embeddable":true,"href":"https:\/\/shop.kustom.ch\/fr\/wp-json\/wp\/v2\/product_cat?post=613655"},{"taxonomy":"product_tag","embeddable":true,"href":"https:\/\/shop.kustom.ch\/fr\/wp-json\/wp\/v2\/product_tag?post=613655"}],"curies":[{"name":"wp","href":"https:\/\/api.w.org\/{rel}","templated":true}]}}