{"id":613639,"date":"2025-03-06T04:56:52","date_gmt":"2025-03-06T03:56:52","guid":{"rendered":"https:\/\/shop.kustom.ch\/?post_type=product&#038;p=613639"},"modified":"2026-04-01T07:16:30","modified_gmt":"2026-04-01T06:16:30","slug":"fhb-original-michel-strickmuetze","status":"publish","type":"product","link":"https:\/\/shop.kustom.ch\/fr\/produit\/fhb-original-michel-strickmuetze\/","title":{"rendered":"Bonnet tricot\u00e9 MICHEL"},"content":{"rendered":"<p>Taille :<br \/>\nTaille unique<br \/>\nAjustement :<br \/>\nLes coutures en haut assurent une bonne tenue, ni trop l\u00e2che ni trop serr\u00e9e.<br \/>\nReste en forme.<br \/>\nPas d'effilochage.<br \/>\nDoublure int\u00e9rieure :<br \/>\nGr\u00e2ce \u00e0 la doublure int\u00e9rieure Thinsulate en polaire, ce bonnet d'hiver est coupe-vent et respirant.<br \/>\nDesign :<br \/>\nSimple et intemporel.<br \/>\nService de logo :<br \/>\nMichel peut \u00eatre personnalis\u00e9.<br \/>\nQu'il s'agisse d'une broderie directe, d'un embl\u00e8me brod\u00e9 ou d'un transfert thermique, il existe diff\u00e9rentes m\u00e9thodes d'ennoblissement.<br \/>\nChez Michel, les trois m\u00e9thodes d'ennoblissement sont en principe possibles.<br \/>\nPour ta personnalisation et tes placements sp\u00e9ciaux, contacte ton revendeur.<br \/>\nFabriqu\u00e9 en :<br \/>\nChine<\/p>","protected":false},"excerpt":{"rendered":"<p>Gr\u00f6sse: Einheitsgr\u00f6sse Passform: Kann unterschiedlich breit umgeschlagen werden.Die N\u00e4hte oben sorgen f\u00fcr guten Sitz &#8211; nicht zu locker und nicht zu stramm. Bleibt in Form. Kein Ausleiern. Innenfutter: Durch das w\u00e4rmende Thinsulate-Innenfutter aus Fleece ist die Winterm\u00fctze winddicht und atmungsaktiv. Design: Schlicht und zeitlos. Logo-Service: Michel kann individuell veredelt werden. Ob Direkteinstickung, Stickemblem oder Thermotransfers [&hellip;]<\/p>\n","protected":false},"featured_media":672247,"template":"","meta":[],"product_brand":[],"product_cat":[4177],"product_tag":[],"class_list":{"0":"post-613639","1":"product","2":"type-product","3":"status-publish","4":"has-post-thumbnail","6":"product_cat-caps-muetzen","7":"pa_brand-fhb","8":"pa_brand-type-workwear","9":"pa_filter-color-grau","10":"pa_filter-color-marine","11":"pa_filter-color-schwarz","13":"first","14":"instock","15":"sale","16":"taxable","17":"shipping-taxable","18":"purchasable","19":"product-type-variable","20":"add-to-wishlist-before_image"},"exclude_global_add_ons":[],"addons":[],"acf":[],"_links":{"self":[{"href":"https:\/\/shop.kustom.ch\/fr\/wp-json\/wp\/v2\/product\/613639"}],"collection":[{"href":"https:\/\/shop.kustom.ch\/fr\/wp-json\/wp\/v2\/product"}],"about":[{"href":"https:\/\/shop.kustom.ch\/fr\/wp-json\/wp\/v2\/types\/product"}],"wp:featuredmedia":[{"embeddable":true,"href":"https:\/\/shop.kustom.ch\/fr\/wp-json\/wp\/v2\/media\/672247"}],"wp:attachment":[{"href":"https:\/\/shop.kustom.ch\/fr\/wp-json\/wp\/v2\/media?parent=613639"}],"wp:term":[{"taxonomy":"product_brand","embeddable":true,"href":"https:\/\/shop.kustom.ch\/fr\/wp-json\/wp\/v2\/product_brand?post=613639"},{"taxonomy":"product_cat","embeddable":true,"href":"https:\/\/shop.kustom.ch\/fr\/wp-json\/wp\/v2\/product_cat?post=613639"},{"taxonomy":"product_tag","embeddable":true,"href":"https:\/\/shop.kustom.ch\/fr\/wp-json\/wp\/v2\/product_tag?post=613639"}],"curies":[{"name":"wp","href":"https:\/\/api.w.org\/{rel}","templated":true}]}}