{"id":613631,"date":"2025-03-06T04:56:50","date_gmt":"2025-03-06T03:56:50","guid":{"rendered":"https:\/\/shop.kustom.ch\/?post_type=product&#038;p=613631"},"modified":"2026-04-01T07:26:48","modified_gmt":"2026-04-01T06:26:48","slug":"fhb-original-ruben-zimmermanns-bleistift-box","status":"publish","type":"product","link":"https:\/\/shop.kustom.ch\/fr\/produit\/fhb-original-ruben-zimmermanns-bleistift-box\/","title":{"rendered":"Bo\u00eete \u00e0 crayons de charpentier RUBEN"},"content":{"rendered":"<p>Bo\u00eete de crayons de charpentier FHB RUBEN, 55 crayons de charpentier ovales, noirs (20cm de long) avec impression FHB dans une bo\u00eete de pr\u00e9sentation<\/p>","protected":false},"excerpt":{"rendered":"<p>Bo\u00eete de crayons de charpentier FHB RUBEN, 55 crayons de charpentier ovales, noirs (20cm de long) avec impression FHB dans une bo\u00eete de pr\u00e9sentation<\/p>","protected":false},"featured_media":610100,"template":"","meta":[],"product_brand":[],"product_cat":[4209],"product_tag":[],"class_list":{"0":"post-613631","1":"product","2":"type-product","3":"status-publish","4":"has-post-thumbnail","6":"product_cat-zubehoer","7":"pa_brand-fhb","8":"pa_brand-type-workwear","9":"pa_filter-color-schwarz","11":"first","12":"instock","13":"sale","14":"taxable","15":"shipping-taxable","16":"purchasable","17":"product-type-variable","18":"add-to-wishlist-before_image"},"exclude_global_add_ons":[],"addons":[],"acf":[],"_links":{"self":[{"href":"https:\/\/shop.kustom.ch\/fr\/wp-json\/wp\/v2\/product\/613631"}],"collection":[{"href":"https:\/\/shop.kustom.ch\/fr\/wp-json\/wp\/v2\/product"}],"about":[{"href":"https:\/\/shop.kustom.ch\/fr\/wp-json\/wp\/v2\/types\/product"}],"wp:featuredmedia":[{"embeddable":true,"href":"https:\/\/shop.kustom.ch\/fr\/wp-json\/wp\/v2\/media\/610100"}],"wp:attachment":[{"href":"https:\/\/shop.kustom.ch\/fr\/wp-json\/wp\/v2\/media?parent=613631"}],"wp:term":[{"taxonomy":"product_brand","embeddable":true,"href":"https:\/\/shop.kustom.ch\/fr\/wp-json\/wp\/v2\/product_brand?post=613631"},{"taxonomy":"product_cat","embeddable":true,"href":"https:\/\/shop.kustom.ch\/fr\/wp-json\/wp\/v2\/product_cat?post=613631"},{"taxonomy":"product_tag","embeddable":true,"href":"https:\/\/shop.kustom.ch\/fr\/wp-json\/wp\/v2\/product_tag?post=613631"}],"curies":[{"name":"wp","href":"https:\/\/api.w.org\/{rel}","templated":true}]}}