{"id":613429,"date":"2025-03-06T04:54:19","date_gmt":"2025-03-06T03:54:19","guid":{"rendered":"https:\/\/shop.kustom.ch\/?post_type=product&#038;p=613429"},"modified":"2026-04-01T07:23:32","modified_gmt":"2026-04-01T06:23:32","slug":"fhb-original-udo-cap-uni","status":"publish","type":"product","link":"https:\/\/shop.kustom.ch\/fr\/produit\/fhb-original-udo-cap-uni\/","title":{"rendered":"UDO Cap Uni"},"content":{"rendered":"<p>Taille :<br \/>\nTaille unique, r\u00e9glable.<br \/>\nD\u00e9tails :<br \/>\nVisi\u00e8re pr\u00e9form\u00e9e.<br \/>\nFermeture \u00e0 clapet m\u00e9tallique de haute qualit\u00e9 permettant de r\u00e9gler la largeur en fonction de la taille individuelle de la t\u00eate.<br \/>\nBoucle m\u00e9tallique avec logo FHB.Surface rugueuse, toucher doux.La respirabilit\u00e9 naturelle du coton et les trous d'a\u00e9ration assurent un port agr\u00e9able.<br \/>\nLa couleur contrast\u00e9e sur le bord de la visi\u00e8re apporte une touche de couleur.<br \/>\nService de logo :<br \/>\nTes v\u00eatements peuvent \u00eatre personnalis\u00e9s.<br \/>\nQue ce soit par broderie directe, embl\u00e8me brod\u00e9 ou transfert thermique, il existe diff\u00e9rentes m\u00e9thodes de finition. Pour ta personnalisation et tes placements sp\u00e9ciaux, contacte ton revendeur.<br \/>\nSite de production :<br \/>\nChine<\/p>","protected":false},"excerpt":{"rendered":"<p>Gr\u00f6sse: Einheitsgr\u00f6sse.Verstellbar. Details: Vorgeformter Schirm. Hochwertiger Metallklappenverschluss zur Weitenregulierung an die individuelle Kopfgr\u00f6sse. Metallschnalle mit FHB-Logo.Angeraute Oberfl\u00e4che, weicher Griff.F\u00fcr einen angenehmen Tragekomfort sorgt die nat\u00fcrliche Atmungsaktivit\u00e4t der Baumwolle und die Luftl\u00f6cher. Zeitloses Design.Die Kontrastfarbe am Schirmrand sorgt in sattem Rot f\u00fcr einen kleinen Farbakzent\u00a0Formstabile Konstruktion im klassischen 6-Panel-Design und langlebige Verarbeitung. Logo-Service: Deine Kleidung kann [&hellip;]<\/p>\n","protected":false},"featured_media":672327,"template":"","meta":[],"product_brand":[],"product_cat":[4177],"product_tag":[],"class_list":{"0":"post-613429","1":"product","2":"type-product","3":"status-publish","4":"has-post-thumbnail","6":"product_cat-caps-muetzen","7":"pa_brand-fhb","8":"pa_brand-type-workwear","9":"pa_filter-color-beige","10":"pa_filter-color-schwarz","12":"first","13":"instock","14":"sale","15":"taxable","16":"shipping-taxable","17":"purchasable","18":"product-type-variable","19":"add-to-wishlist-before_image"},"exclude_global_add_ons":[],"addons":[],"acf":[],"_links":{"self":[{"href":"https:\/\/shop.kustom.ch\/fr\/wp-json\/wp\/v2\/product\/613429"}],"collection":[{"href":"https:\/\/shop.kustom.ch\/fr\/wp-json\/wp\/v2\/product"}],"about":[{"href":"https:\/\/shop.kustom.ch\/fr\/wp-json\/wp\/v2\/types\/product"}],"wp:featuredmedia":[{"embeddable":true,"href":"https:\/\/shop.kustom.ch\/fr\/wp-json\/wp\/v2\/media\/672327"}],"wp:attachment":[{"href":"https:\/\/shop.kustom.ch\/fr\/wp-json\/wp\/v2\/media?parent=613429"}],"wp:term":[{"taxonomy":"product_brand","embeddable":true,"href":"https:\/\/shop.kustom.ch\/fr\/wp-json\/wp\/v2\/product_brand?post=613429"},{"taxonomy":"product_cat","embeddable":true,"href":"https:\/\/shop.kustom.ch\/fr\/wp-json\/wp\/v2\/product_cat?post=613429"},{"taxonomy":"product_tag","embeddable":true,"href":"https:\/\/shop.kustom.ch\/fr\/wp-json\/wp\/v2\/product_tag?post=613429"}],"curies":[{"name":"wp","href":"https:\/\/api.w.org\/{rel}","templated":true}]}}