{"id":613425,"date":"2025-03-06T04:54:18","date_gmt":"2025-03-06T03:54:18","guid":{"rendered":"https:\/\/shop.kustom.ch\/?post_type=product&#038;p=613425"},"modified":"2026-04-01T07:37:43","modified_gmt":"2026-04-01T06:37:43","slug":"fhb-original-luis-dachdecker-cap","status":"publish","type":"product","link":"https:\/\/shop.kustom.ch\/fr\/produit\/fhb-original-luis-dachdecker-cap\/","title":{"rendered":"LUIS casquette de couvreur"},"content":{"rendered":"<p>Taille :<br \/>\nTaille uniqueR\u00e9glable<br \/>\nGuilde :<br \/>\nCouvreur<br \/>\nD\u00e9tails :<br \/>\nSigne de la guilde brod\u00e9 sur le devant, taille env.<br \/>\n4,8 cm.visi\u00e8re pr\u00e9form\u00e9e.<br \/>\nFermeture \u00e0 clapet m\u00e9tallique de haute qualit\u00e9 permettant de r\u00e9gler la largeur en fonction de la taille individuelle de la t\u00eate.<br \/>\nBoucle m\u00e9tallique avec logo FHB.Surface rugueuse, toucher doux.La respirabilit\u00e9 naturelle du coton et les trous d'a\u00e9ration assurent un port agr\u00e9able.<br \/>\nLa couleur contrast\u00e9e sur le bord de la visi\u00e8re apporte une touche de couleur.<br \/>\nService de logo :<br \/>\nLuis peut \u00eatre personnalis\u00e9.<br \/>\nQu'il s'agisse d'une broderie directe, d'un embl\u00e8me brod\u00e9 ou d'un transfert thermique, il existe diff\u00e9rentes m\u00e9thodes d'ennoblissement.<br \/>\nChez Luis, les trois m\u00e9thodes de greffage sont en principe possibles.<br \/>\nPour ta personnalisation et tes placements sp\u00e9ciaux, contacte ton revendeur.<br \/>\nSite de production :<br \/>\nChine<\/p>","protected":false},"excerpt":{"rendered":"<p>Gr\u00f6sse: Einheitsgr\u00f6sseVerstellbar Zunft: Dachdecker Details: Gesticktes Zunftzeichen auf der Frontseite, Gr\u00f6sse ca. 4,8 cm.Vorgeformter Schirm. Hochwertiger Metallklappenverschluss zur Weitenregulierung an die individuelle Kopfgr\u00f6sse. Metallschnalle mit FHB-Logo.Angeraute Oberfl\u00e4che, weicher Griff.F\u00fcr einen angenehmen Tragekomfort sorgt die nat\u00fcrliche Atmungsaktivit\u00e4t der Baumwolle und die Luftl\u00f6cher. Zeitloses Design.Die Kontrastfarbe am Schirmrand sorgt in sattem Rot f\u00fcr einen kleinen Farbakzent\u00a0Formstabile Konstruktion [&hellip;]<\/p>\n","protected":false},"featured_media":672210,"template":"","meta":[],"product_brand":[],"product_cat":[4177],"product_tag":[],"class_list":{"0":"post-613425","1":"product","2":"type-product","3":"status-publish","4":"has-post-thumbnail","6":"product_cat-caps-muetzen","7":"pa_brand-fhb","8":"pa_brand-type-workwear","9":"pa_filter-color-schwarz","11":"first","12":"instock","13":"sale","14":"taxable","15":"shipping-taxable","16":"purchasable","17":"product-type-variable","18":"add-to-wishlist-before_image"},"exclude_global_add_ons":[],"addons":[],"acf":[],"_links":{"self":[{"href":"https:\/\/shop.kustom.ch\/fr\/wp-json\/wp\/v2\/product\/613425"}],"collection":[{"href":"https:\/\/shop.kustom.ch\/fr\/wp-json\/wp\/v2\/product"}],"about":[{"href":"https:\/\/shop.kustom.ch\/fr\/wp-json\/wp\/v2\/types\/product"}],"wp:featuredmedia":[{"embeddable":true,"href":"https:\/\/shop.kustom.ch\/fr\/wp-json\/wp\/v2\/media\/672210"}],"wp:attachment":[{"href":"https:\/\/shop.kustom.ch\/fr\/wp-json\/wp\/v2\/media?parent=613425"}],"wp:term":[{"taxonomy":"product_brand","embeddable":true,"href":"https:\/\/shop.kustom.ch\/fr\/wp-json\/wp\/v2\/product_brand?post=613425"},{"taxonomy":"product_cat","embeddable":true,"href":"https:\/\/shop.kustom.ch\/fr\/wp-json\/wp\/v2\/product_cat?post=613425"},{"taxonomy":"product_tag","embeddable":true,"href":"https:\/\/shop.kustom.ch\/fr\/wp-json\/wp\/v2\/product_tag?post=613425"}],"curies":[{"name":"wp","href":"https:\/\/api.w.org\/{rel}","templated":true}]}}