{"id":613418,"date":"2025-03-06T04:53:41","date_gmt":"2025-03-06T03:53:41","guid":{"rendered":"https:\/\/shop.kustom.ch\/?post_type=product&#038;p=613418"},"modified":"2026-04-01T07:24:27","modified_gmt":"2026-04-01T06:24:27","slug":"fhb-original-niklas-cap-wasserdicht","status":"publish","type":"product","link":"https:\/\/shop.kustom.ch\/fr\/produit\/fhb-original-niklas-cap-wasserdicht\/","title":{"rendered":"NIKLAS Cap Imperm\u00e9able"},"content":{"rendered":"<p>Imperm\u00e9able, respirant, coupe-vent. Coutures soud\u00e9es \u00e0 l'int\u00e9rieur.<br \/>\nLa respirabilit\u00e9 assure une excellente circulation de l'air.Taille unique.La taille de la casquette est r\u00e9glable.<br \/>\nTu peux ainsi r\u00e9gler la largeur de mani\u00e8re individuelle.<br \/>\nTr\u00e8s l\u00e9ger avec seulement 60 g.<br \/>\nGr\u00e2ce \u00e0 sa construction flexible et \u00e0 sa visi\u00e8re souple, la casquette se plie facilement et se range rapidement dans la poche de la veste ou dans le sac \u00e0 dos.Design intemporel.Logo FHB \u00e0 l'arri\u00e8re du r\u00e9glage.<br \/>\nService de logo :<br \/>\nNiklas peut \u00eatre personnalis\u00e9.<br \/>\nQu'il s'agisse d'une broderie directe, d'un embl\u00e8me brod\u00e9 ou d'un transfert thermique, il existe diff\u00e9rentes m\u00e9thodes d'ennoblissement.<br \/>\nChez Niklas, les trois m\u00e9thodes de greffage sont en principe possibles.<br \/>\nPour ta personnalisation et tes placements sp\u00e9ciaux, contacte ton revendeur.<br \/>\nFabriqu\u00e9 en :<br \/>\nChine<\/p>","protected":false},"excerpt":{"rendered":"<p>Wasserdicht, atmungsaktiv, winddicht.Verschweisste N\u00e4hte im Inneren. Dadurch wird verhindert, dass Wasser \u00fcber die Nadell\u00f6cher eindringen kann.Die Atmungsaktivit\u00e4t sorgt f\u00fcr eine hervorragende Luftzirkulation.Einheitsgr\u00f6sse.Die Gr\u00f6sse der Kappe ist verstellbar. So kannst du die Weite individuell einstellen. Mit nur 60 g sehr leicht. Durch die flexible Konstruktion und den biegsamen Schirm l\u00e4sst sich die Kappe leicht zusammenfalten und [&hellip;]<\/p>\n","protected":false},"featured_media":672250,"template":"","meta":[],"product_brand":[],"product_cat":[4177],"product_tag":[],"class_list":{"0":"post-613418","1":"product","2":"type-product","3":"status-publish","4":"has-post-thumbnail","6":"product_cat-caps-muetzen","7":"pa_brand-fhb","8":"pa_brand-type-workwear","9":"pa_filter-color-orange","10":"pa_filter-color-schwarz","12":"first","13":"instock","14":"sale","15":"taxable","16":"shipping-taxable","17":"purchasable","18":"product-type-variable","19":"add-to-wishlist-before_image"},"exclude_global_add_ons":[],"addons":[],"acf":[],"_links":{"self":[{"href":"https:\/\/shop.kustom.ch\/fr\/wp-json\/wp\/v2\/product\/613418"}],"collection":[{"href":"https:\/\/shop.kustom.ch\/fr\/wp-json\/wp\/v2\/product"}],"about":[{"href":"https:\/\/shop.kustom.ch\/fr\/wp-json\/wp\/v2\/types\/product"}],"wp:featuredmedia":[{"embeddable":true,"href":"https:\/\/shop.kustom.ch\/fr\/wp-json\/wp\/v2\/media\/672250"}],"wp:attachment":[{"href":"https:\/\/shop.kustom.ch\/fr\/wp-json\/wp\/v2\/media?parent=613418"}],"wp:term":[{"taxonomy":"product_brand","embeddable":true,"href":"https:\/\/shop.kustom.ch\/fr\/wp-json\/wp\/v2\/product_brand?post=613418"},{"taxonomy":"product_cat","embeddable":true,"href":"https:\/\/shop.kustom.ch\/fr\/wp-json\/wp\/v2\/product_cat?post=613418"},{"taxonomy":"product_tag","embeddable":true,"href":"https:\/\/shop.kustom.ch\/fr\/wp-json\/wp\/v2\/product_tag?post=613418"}],"curies":[{"name":"wp","href":"https:\/\/api.w.org\/{rel}","templated":true}]}}