{"id":613387,"date":"2025-03-06T04:53:35","date_gmt":"2025-03-06T03:53:35","guid":{"rendered":"https:\/\/shop.kustom.ch\/?post_type=product&#038;p=613387"},"modified":"2026-04-01T07:35:55","modified_gmt":"2026-04-01T06:35:55","slug":"fhb-original-erhard-arbeitshemd","status":"publish","type":"product","link":"https:\/\/shop.kustom.ch\/fr\/produit\/fhb-original-erhard-arbeitshemd\/","title":{"rendered":"Chemise de travail ERHARD"},"content":{"rendered":"<p>Ajustement :<br \/>\nCette chemise de travail confortable a une coupe ample et droite.<br \/>\nLa coupe plus longue emp\u00eache de glisser rapidement hors du pantalon.La largeur des manches est r\u00e9glable.Longue fente dans la manche pour faciliter le retroussage.<br \/>\nSacs :<br \/>\n2 grandes poches \u00e0 rabat pouvant \u00eatre ferm\u00e9es.<br \/>\ntraitement :<br \/>\nToutes les coutures sont trait\u00e9es en tant que coutures rabattues de longue dur\u00e9e.<br \/>\nBoutons de chemise robustes et extra-larges.Tous les boutons sont envelopp\u00e9s et ainsi s\u00e9curis\u00e9s par le syst\u00e8me Ascolite.Renforts \u00e0 barres aux extr\u00e9mit\u00e9s des poches.<br \/>\nTravail et loisirs :<br \/>\nCette chemise chic n'est pas seulement adapt\u00e9e au travail.<br \/>\nPour les loisirs, Erhard se combine bien avec un jean... Mati\u00e8re : 100% coton<\/p>","protected":false},"excerpt":{"rendered":"<p>Passform: Das bequeme Arbeitshemd ist locker und gerade geschnitten. Die l\u00e4ngere Schnittform verhindert ein schnelles Rausrutschen aus der Hose.Die \u00c4rmelweite ist verstellbar.Langer \u00c4rmelschlitz f\u00fcr ein besseres Hochkrempeln. Taschen: 2 grosse, verschliessbare Pattentaschen. Verarbeitung: Alle N\u00e4hte sind als langlebige Kappnaht verarbeitet. Robuste extra grosse Hemdenkn\u00f6pfe.Alle Kn\u00f6pfe werden mit dem Ascolite-System umwickelt und so gesichert.Riegelverst\u00e4rkungen an den [&hellip;]<\/p>\n","protected":false},"featured_media":671994,"template":"","meta":[],"product_brand":[],"product_cat":[9874],"product_tag":[],"class_list":{"0":"post-613387","1":"product","2":"type-product","3":"status-publish","4":"has-post-thumbnail","6":"product_cat-hemden","7":"pa_brand-fhb","8":"pa_brand-type-workwear","9":"pa_filter-color-rot-schwarz","11":"first","12":"instock","13":"sale","14":"taxable","15":"shipping-taxable","16":"purchasable","17":"product-type-variable","18":"add-to-wishlist-before_image"},"exclude_global_add_ons":[],"addons":[],"acf":[],"_links":{"self":[{"href":"https:\/\/shop.kustom.ch\/fr\/wp-json\/wp\/v2\/product\/613387"}],"collection":[{"href":"https:\/\/shop.kustom.ch\/fr\/wp-json\/wp\/v2\/product"}],"about":[{"href":"https:\/\/shop.kustom.ch\/fr\/wp-json\/wp\/v2\/types\/product"}],"wp:featuredmedia":[{"embeddable":true,"href":"https:\/\/shop.kustom.ch\/fr\/wp-json\/wp\/v2\/media\/671994"}],"wp:attachment":[{"href":"https:\/\/shop.kustom.ch\/fr\/wp-json\/wp\/v2\/media?parent=613387"}],"wp:term":[{"taxonomy":"product_brand","embeddable":true,"href":"https:\/\/shop.kustom.ch\/fr\/wp-json\/wp\/v2\/product_brand?post=613387"},{"taxonomy":"product_cat","embeddable":true,"href":"https:\/\/shop.kustom.ch\/fr\/wp-json\/wp\/v2\/product_cat?post=613387"},{"taxonomy":"product_tag","embeddable":true,"href":"https:\/\/shop.kustom.ch\/fr\/wp-json\/wp\/v2\/product_tag?post=613387"}],"curies":[{"name":"wp","href":"https:\/\/api.w.org\/{rel}","templated":true}]}}