{"id":613295,"date":"2025-03-06T04:52:29","date_gmt":"2025-03-06T03:52:29","guid":{"rendered":"https:\/\/shop.kustom.ch\/?post_type=product&#038;p=613295"},"modified":"2026-04-01T07:35:20","modified_gmt":"2026-04-01T06:35:20","slug":"fhb-original-bo-arbeitshemd-unisex","status":"publish","type":"product","link":"https:\/\/shop.kustom.ch\/fr\/produit\/fhb-original-bo-arbeitshemd-unisex\/","title":{"rendered":"BO Chemise de travail unisexe"},"content":{"rendered":"<p>Cette chemise de travail nostalgique \u00e0 col montant et \u00e0 enfiler porte de nombreux noms, comme par exemple chemise de p\u00eacheur, chemise de mineur ou chemise de serrurier. Nous l'avons redessin\u00e9e et dot\u00e9e de la finition particuli\u00e8re de FHB, robuste et de qualit\u00e9 sup\u00e9rieure, 1 poche de poitrine, encolure basse pour entrer et sortir facilement, appr\u00eat\u00e9e pour un entretien facile.<\/p>","protected":false},"excerpt":{"rendered":"<p>Cette chemise de travail nostalgique \u00e0 col montant et \u00e0 enfiler porte de nombreux noms, comme par exemple chemise de p\u00eacheur, chemise de mineur ou chemise de serrurier. Nous l'avons redessin\u00e9e et dot\u00e9e de la finition particuli\u00e8re de FHB, robuste et de qualit\u00e9 sup\u00e9rieure, 1 poche de poitrine, encolure basse pour entrer et sortir facilement, appr\u00eat\u00e9e pour un entretien facile.<\/p>","protected":false},"featured_media":610032,"template":"","meta":[],"product_brand":[],"product_cat":[4201],"product_tag":[],"class_list":{"0":"post-613295","1":"product","2":"type-product","3":"status-publish","4":"has-post-thumbnail","6":"product_cat-t-shirts","7":"pa_brand-fhb","8":"pa_brand-type-workwear","9":"pa_filter-color-blau","10":"pa_filter-color-weiss","12":"first","13":"instock","14":"sale","15":"taxable","16":"shipping-taxable","17":"purchasable","18":"product-type-variable","19":"add-to-wishlist-before_image"},"exclude_global_add_ons":[],"addons":[],"acf":[],"_links":{"self":[{"href":"https:\/\/shop.kustom.ch\/fr\/wp-json\/wp\/v2\/product\/613295"}],"collection":[{"href":"https:\/\/shop.kustom.ch\/fr\/wp-json\/wp\/v2\/product"}],"about":[{"href":"https:\/\/shop.kustom.ch\/fr\/wp-json\/wp\/v2\/types\/product"}],"wp:featuredmedia":[{"embeddable":true,"href":"https:\/\/shop.kustom.ch\/fr\/wp-json\/wp\/v2\/media\/610032"}],"wp:attachment":[{"href":"https:\/\/shop.kustom.ch\/fr\/wp-json\/wp\/v2\/media?parent=613295"}],"wp:term":[{"taxonomy":"product_brand","embeddable":true,"href":"https:\/\/shop.kustom.ch\/fr\/wp-json\/wp\/v2\/product_brand?post=613295"},{"taxonomy":"product_cat","embeddable":true,"href":"https:\/\/shop.kustom.ch\/fr\/wp-json\/wp\/v2\/product_cat?post=613295"},{"taxonomy":"product_tag","embeddable":true,"href":"https:\/\/shop.kustom.ch\/fr\/wp-json\/wp\/v2\/product_tag?post=613295"}],"curies":[{"name":"wp","href":"https:\/\/api.w.org\/{rel}","templated":true}]}}