{"id":613165,"date":"2025-03-06T04:49:43","date_gmt":"2025-03-06T03:49:43","guid":{"rendered":"https:\/\/shop.kustom.ch\/?post_type=product&#038;p=613165"},"modified":"2026-04-01T07:25:39","modified_gmt":"2026-04-01T06:25:39","slug":"fhb-original-theodor-hosentraeger-extra-schmal","status":"publish","type":"product","link":"https:\/\/shop.kustom.ch\/fr\/produit\/fhb-original-theodor-hosentraeger-extra-schmal\/","title":{"rendered":"THEODOR Bretelles"},"content":{"rendered":"<p>Taille :<br \/>\n120 cmR\u00e9glable en continu gr\u00e2ce aux boucles m\u00e9talliques facilement ajustables, la longueur des bretelles peut \u00eatre adapt\u00e9e individuellement \u00e0 la taille et \u00e0 la forme du corps.<br \/>\nDans sa taille maximale, la bretelle mesure 120 cm de long.<br \/>\nD\u00e9tails :<br \/>\nBretelles extra-fines de 1,8 cm de large.bretelles \u00e9lastiques pour un port particuli\u00e8rement agr\u00e9ableLa croix dorsale est en cuir v\u00e9ritable.<br \/>\nLe cuir s'adapte bien au corps et est en outre tr\u00e8s durable.<br \/>\n3 clips en acier robuste, couleur vieil argent, avec le logo FHB.<br \/>\nFabriqu\u00e9 en :<br \/>\nUkraine<\/p>","protected":false},"excerpt":{"rendered":"<p>Gr\u00f6sse: 120 cmStufenlos verstellbar \u0096 dank der leicht verstellbarer Metall-Schnallen kann die L\u00e4nge der Hosentr\u00e4ger individuell an die K\u00f6rpergr\u00f6sse und K\u00f6rperform angepasst werden. In seiner maximalen Gr\u00f6sse ist der Hosentr\u00e4ger 120 cm lang. Details: Extra schmaler, 1,8 cm breiter Tr\u00e4ger.Elastische Tr\u00e4ger f\u00fcr einen besonders angenehmen TragekomfortDas R\u00fcckenkreuz ist aus echtem Leder. Leder passt sich gut [&hellip;]<\/p>\n","protected":false},"featured_media":672310,"template":"","meta":[],"product_brand":[],"product_cat":[4209],"product_tag":[],"class_list":{"0":"post-613165","1":"product","2":"type-product","3":"status-publish","4":"has-post-thumbnail","6":"product_cat-zubehoer","7":"pa_brand-fhb","8":"pa_brand-type-workwear","9":"pa_filter-color-grau-anthrazit","11":"first","12":"instock","13":"sale","14":"taxable","15":"shipping-taxable","16":"purchasable","17":"product-type-variable","18":"add-to-wishlist-before_image"},"exclude_global_add_ons":[],"addons":[],"acf":[],"_links":{"self":[{"href":"https:\/\/shop.kustom.ch\/fr\/wp-json\/wp\/v2\/product\/613165"}],"collection":[{"href":"https:\/\/shop.kustom.ch\/fr\/wp-json\/wp\/v2\/product"}],"about":[{"href":"https:\/\/shop.kustom.ch\/fr\/wp-json\/wp\/v2\/types\/product"}],"wp:featuredmedia":[{"embeddable":true,"href":"https:\/\/shop.kustom.ch\/fr\/wp-json\/wp\/v2\/media\/672310"}],"wp:attachment":[{"href":"https:\/\/shop.kustom.ch\/fr\/wp-json\/wp\/v2\/media?parent=613165"}],"wp:term":[{"taxonomy":"product_brand","embeddable":true,"href":"https:\/\/shop.kustom.ch\/fr\/wp-json\/wp\/v2\/product_brand?post=613165"},{"taxonomy":"product_cat","embeddable":true,"href":"https:\/\/shop.kustom.ch\/fr\/wp-json\/wp\/v2\/product_cat?post=613165"},{"taxonomy":"product_tag","embeddable":true,"href":"https:\/\/shop.kustom.ch\/fr\/wp-json\/wp\/v2\/product_tag?post=613165"}],"curies":[{"name":"wp","href":"https:\/\/api.w.org\/{rel}","templated":true}]}}