{"id":613161,"date":"2025-03-06T04:49:43","date_gmt":"2025-03-06T03:49:43","guid":{"rendered":"https:\/\/shop.kustom.ch\/?post_type=product&#038;p=613161"},"modified":"2026-04-01T07:23:34","modified_gmt":"2026-04-01T06:23:34","slug":"fhb-original-soenke-hosentraeger-extra-lang-und-breit","status":"publish","type":"product","link":"https:\/\/shop.kustom.ch\/fr\/produit\/fhb-original-soenke-hosentraeger-extra-lang-und-breit\/","title":{"rendered":"S\u00d6NKE bretelles extra longues et larges"},"content":{"rendered":"<p>Taille :<br \/>\n140 cm.Extra longue dans sa taille maximale, la bretelle mesure 140 cm.<br \/>\nGr\u00e2ce aux boucles m\u00e9talliques facilement r\u00e9glables, la longueur des bretelles peut \u00eatre adapt\u00e9e individuellement \u00e0 la taille et \u00e0 la forme du corps.<br \/>\nBretelles \u00e9lastiques extensibles pour un port confortableBretelles hercul\u00e9ennes extra larges et stables de 5 cm de large.<br \/>\nForme en X :<br \/>\nLes bretelles en forme de X sont particuli\u00e8rement avantageuses au travail.<br \/>\nGr\u00e2ce au croisement des bandes dans le dos, il offre un soutien particuli\u00e8rement bon.<br \/>\nLa croix dorsale est en cuir v\u00e9ritable.<br \/>\nLe cuir s'adapte bien au corps tout en \u00e9tant tr\u00e8s durable.<br \/>\nClips :<br \/>\n4 clips en acier FHB couleur vieil argent, robustes Les bretelles \u00e0 4 clips maintiennent le pantalon de mani\u00e8re plus r\u00e9guli\u00e8re que les mod\u00e8les \u00e0 3 clips, qui n'ont qu'un seul clip au milieu \u00e0 l'arri\u00e8re.Clips doux les inserts en plastique int\u00e9gr\u00e9s dans les clips assurent un maintien tr\u00e8s stable et prot\u00e8gent en m\u00eame temps le pantalon contre les dommages.<br \/>\nFabriqu\u00e9 en :<br \/>\nUkraine<\/p>","protected":false},"excerpt":{"rendered":"<p>Gr\u00f6sse: 140 cm.Extra lang \u0096 in seiner maximalen Gr\u00f6sse ist der Hosentr\u00e4ger 140 cm lang. Somit eignet er sich auch perfekt f\u00fcr K\u00f6rpergr\u00f6ssen \u00fcber 190 cm.Stufenlos verstellbar \u0096 dank der leicht verstellbarer Metall-Schnallen kann die L\u00e4nge der Hosentr\u00e4ger individuell an die K\u00f6rpergr\u00f6sse und K\u00f6rperform angepasst werden. Elastisch \u0096 dehnbare Tr\u00e4ger f\u00fcr einen angenehmen TragekomfortExtra breit [&hellip;]<\/p>\n","protected":false},"featured_media":672299,"template":"","meta":[],"product_brand":[],"product_cat":[4209],"product_tag":[],"class_list":{"0":"post-613161","1":"product","2":"type-product","3":"status-publish","4":"has-post-thumbnail","6":"product_cat-zubehoer","7":"pa_brand-fhb","8":"pa_brand-type-workwear","9":"pa_filter-color-schwarz","11":"first","12":"instock","13":"sale","14":"taxable","15":"shipping-taxable","16":"purchasable","17":"product-type-variable","18":"add-to-wishlist-before_image"},"exclude_global_add_ons":[],"addons":[],"acf":[],"_links":{"self":[{"href":"https:\/\/shop.kustom.ch\/fr\/wp-json\/wp\/v2\/product\/613161"}],"collection":[{"href":"https:\/\/shop.kustom.ch\/fr\/wp-json\/wp\/v2\/product"}],"about":[{"href":"https:\/\/shop.kustom.ch\/fr\/wp-json\/wp\/v2\/types\/product"}],"wp:featuredmedia":[{"embeddable":true,"href":"https:\/\/shop.kustom.ch\/fr\/wp-json\/wp\/v2\/media\/672299"}],"wp:attachment":[{"href":"https:\/\/shop.kustom.ch\/fr\/wp-json\/wp\/v2\/media?parent=613161"}],"wp:term":[{"taxonomy":"product_brand","embeddable":true,"href":"https:\/\/shop.kustom.ch\/fr\/wp-json\/wp\/v2\/product_brand?post=613161"},{"taxonomy":"product_cat","embeddable":true,"href":"https:\/\/shop.kustom.ch\/fr\/wp-json\/wp\/v2\/product_cat?post=613161"},{"taxonomy":"product_tag","embeddable":true,"href":"https:\/\/shop.kustom.ch\/fr\/wp-json\/wp\/v2\/product_tag?post=613161"}],"curies":[{"name":"wp","href":"https:\/\/api.w.org\/{rel}","templated":true}]}}