{"id":613124,"date":"2025-03-06T04:48:29","date_gmt":"2025-03-06T03:48:29","guid":{"rendered":"https:\/\/shop.kustom.ch\/?post_type=product&#038;p=613124"},"modified":"2026-04-01T07:34:57","modified_gmt":"2026-04-01T06:34:57","slug":"fhb-original-ben-staude-langarm","status":"publish","type":"product","link":"https:\/\/shop.kustom.ch\/fr\/produit\/fhb-original-ben-staude-langarm\/","title":{"rendered":"BEN Staude manches longues"},"content":{"rendered":"<p>Cette chemise classique a une coupe d\u00e9contract\u00e9e et droite.<br \/>\nLa forme de coupe plus longue emp\u00eache de glisser rapidement hors du pantalon.Poitrine pliss\u00e9e typique d'une arbal\u00e8te de bonne taille.<br \/>\nCol montant de faible hauteur comme sur une chemise de travail d'origine.Forme \u00e0 enfiler avec encolure basse pour une entr\u00e9e et une sortie faciles.Chemise \u00e0 manches longues avec finition classique de la fente des manches.Le tissu solide conf\u00e8re \u00e0 la chemise un toucher stable et granuleux ainsi qu'une grande r\u00e9sistance.Toutes les coutures sont trait\u00e9es comme des coutures rabattues.<br \/>\nTr\u00e8s r\u00e9sistante en cas de fortes sollicitations et de lavages fr\u00e9quents.Tous les boutons sont envelopp\u00e9s et ainsi s\u00e9curis\u00e9s par le syst\u00e8me Ascolite.Ceux qui, en travaillant devant le ventre, perdent leurs boutons sur une chemise classique, seront heureux ici : il n'y a pas de boutons \u00e0 cet endroit.De grandes surfaces propres pour ton logo - devant, derri\u00e8re et sur les manches... Mati\u00e8re : 100% coton sanforis\u00e9<\/p>","protected":false},"excerpt":{"rendered":"<p>Das klassische Hemd hat eine lockere Passform und ist gerade geschnitten. Die l\u00e4ngere Schnittform verhindert ein schnelles Rausrutschen aus der Hose.Typische Faltenbrust einer z\u00fcnftigen Staude. Stehkragen mit niedriger H\u00f6he wie bei einem urspr\u00fcngliche Arbeitshemd.Schlupfform mit tiefem Ausschnitt f\u00fcr ein leichtes Rein und Raus.Lang\u00e4rmeliges Hemd mit klassischer \u00c4rmelschlitzverarbeitung.Das starke Gewebe verleiht dem Hemd einen stabilen, k\u00f6rnigen [&hellip;]<\/p>\n","protected":false},"featured_media":671913,"template":"","meta":[],"product_brand":[],"product_cat":[4201],"product_tag":[],"class_list":{"0":"post-613124","1":"product","2":"type-product","3":"status-publish","4":"has-post-thumbnail","6":"product_cat-t-shirts","7":"pa_brand-fhb","8":"pa_brand-type-workwear","9":"pa_filter-color-weiss","11":"first","12":"instock","13":"sale","14":"taxable","15":"shipping-taxable","16":"purchasable","17":"product-type-variable","18":"add-to-wishlist-before_image"},"exclude_global_add_ons":[],"addons":[],"acf":[],"_links":{"self":[{"href":"https:\/\/shop.kustom.ch\/fr\/wp-json\/wp\/v2\/product\/613124"}],"collection":[{"href":"https:\/\/shop.kustom.ch\/fr\/wp-json\/wp\/v2\/product"}],"about":[{"href":"https:\/\/shop.kustom.ch\/fr\/wp-json\/wp\/v2\/types\/product"}],"wp:featuredmedia":[{"embeddable":true,"href":"https:\/\/shop.kustom.ch\/fr\/wp-json\/wp\/v2\/media\/671913"}],"wp:attachment":[{"href":"https:\/\/shop.kustom.ch\/fr\/wp-json\/wp\/v2\/media?parent=613124"}],"wp:term":[{"taxonomy":"product_brand","embeddable":true,"href":"https:\/\/shop.kustom.ch\/fr\/wp-json\/wp\/v2\/product_brand?post=613124"},{"taxonomy":"product_cat","embeddable":true,"href":"https:\/\/shop.kustom.ch\/fr\/wp-json\/wp\/v2\/product_cat?post=613124"},{"taxonomy":"product_tag","embeddable":true,"href":"https:\/\/shop.kustom.ch\/fr\/wp-json\/wp\/v2\/product_tag?post=613124"}],"curies":[{"name":"wp","href":"https:\/\/api.w.org\/{rel}","templated":true}]}}