{"id":613114,"date":"2025-03-06T04:47:55","date_gmt":"2025-03-06T03:47:55","guid":{"rendered":"https:\/\/shop.kustom.ch\/?post_type=product&#038;p=613114"},"modified":"2026-04-01T07:29:01","modified_gmt":"2026-04-01T06:29:01","slug":"fhb-original-benny-staude-kinder","status":"publish","type":"product","link":"https:\/\/shop.kustom.ch\/fr\/produit\/fhb-original-benny-staude-kinder\/","title":{"rendered":"BENNY Stade"},"content":{"rendered":"<p>Chemise \u00e0 manches longues au design traditionnel de la corporation.Pour les adultes, il existe la chemise de corporation Ben, visuellement identique.Id\u00e9ale pour se rendre en famille ou entre amis \u00e0 un mariage ou \u00e0 une autre f\u00eate, visuellement d'un seul tenant.Coupe d\u00e9contract\u00e9e.L\u00e9g\u00e8rement plus longue.Col montant de faible hauteur.Forme \u00e0 enfiler avec encolure basse pour entrer et sortir facilement.Poitrine pliss\u00e9e typique d'une corporation... Mati\u00e8re : 100% coton<\/p>","protected":false},"excerpt":{"rendered":"<p>Chemise \u00e0 manches longues au design traditionnel de la corporation.Pour les adultes, il existe la chemise de corporation Ben, visuellement identique.Id\u00e9ale pour se rendre en famille ou entre amis \u00e0 un mariage ou \u00e0 une autre f\u00eate, visuellement d'un seul tenant.Coupe d\u00e9contract\u00e9e.L\u00e9g\u00e8rement plus longue.Col montant de faible hauteur.Forme \u00e0 enfiler avec encolure basse pour entrer et sortir facilement.Poitrine pliss\u00e9e typique d'une corporation... Mati\u00e8re : 100% coton<\/p>","protected":false},"featured_media":671917,"template":"","meta":[],"product_brand":[],"product_cat":[4201],"product_tag":[],"class_list":{"0":"post-613114","1":"product","2":"type-product","3":"status-publish","4":"has-post-thumbnail","6":"product_cat-t-shirts","7":"pa_brand-fhb","8":"pa_brand-type-workwear","9":"pa_filter-color-weiss","11":"first","12":"instock","13":"sale","14":"taxable","15":"shipping-taxable","16":"purchasable","17":"product-type-variable","18":"add-to-wishlist-before_image"},"exclude_global_add_ons":[],"addons":[],"acf":[],"_links":{"self":[{"href":"https:\/\/shop.kustom.ch\/fr\/wp-json\/wp\/v2\/product\/613114"}],"collection":[{"href":"https:\/\/shop.kustom.ch\/fr\/wp-json\/wp\/v2\/product"}],"about":[{"href":"https:\/\/shop.kustom.ch\/fr\/wp-json\/wp\/v2\/types\/product"}],"wp:featuredmedia":[{"embeddable":true,"href":"https:\/\/shop.kustom.ch\/fr\/wp-json\/wp\/v2\/media\/671917"}],"wp:attachment":[{"href":"https:\/\/shop.kustom.ch\/fr\/wp-json\/wp\/v2\/media?parent=613114"}],"wp:term":[{"taxonomy":"product_brand","embeddable":true,"href":"https:\/\/shop.kustom.ch\/fr\/wp-json\/wp\/v2\/product_brand?post=613114"},{"taxonomy":"product_cat","embeddable":true,"href":"https:\/\/shop.kustom.ch\/fr\/wp-json\/wp\/v2\/product_cat?post=613114"},{"taxonomy":"product_tag","embeddable":true,"href":"https:\/\/shop.kustom.ch\/fr\/wp-json\/wp\/v2\/product_tag?post=613114"}],"curies":[{"name":"wp","href":"https:\/\/api.w.org\/{rel}","templated":true}]}}