{"id":613101,"date":"2025-03-06T04:47:18","date_gmt":"2025-03-06T03:47:18","guid":{"rendered":"https:\/\/shop.kustom.ch\/?post_type=product&#038;p=613101"},"modified":"2026-04-01T07:05:51","modified_gmt":"2026-04-01T06:05:51","slug":"fhb-original-ludwig-zimmermannshut","status":"publish","type":"product","link":"https:\/\/shop.kustom.ch\/fr\/produit\/fhb-original-ludwig-zimmermannshut\/","title":{"rendered":"LUDWIG Chapeau de charpentier"},"content":{"rendered":"<p>Chapeau de charpentier traditionnel en feutre de laine 100%.Impr\u00e9gn\u00e9.Bord de 12 cm.Offre une protection parfaite contre le soleil et la pluie.Doublure.Ruban autour du chapeau.Fabriqu\u00e9 en Chine. Mati\u00e8re : 100% feutre de laine<\/p>","protected":false},"excerpt":{"rendered":"<p>Chapeau de charpentier traditionnel en feutre de laine 100%.Impr\u00e9gn\u00e9.Bord de 12 cm.Offre une protection parfaite contre le soleil et la pluie.Doublure.Ruban autour du chapeau.Fabriqu\u00e9 en Chine. Mati\u00e8re : 100% feutre de laine<\/p>","protected":false},"featured_media":672208,"template":"","meta":[],"product_brand":[],"product_cat":[4209],"product_tag":[],"class_list":{"0":"post-613101","1":"product","2":"type-product","3":"status-publish","4":"has-post-thumbnail","6":"product_cat-zubehoer","7":"pa_brand-fhb","8":"pa_brand-type-workwear","9":"pa_filter-color-schwarz","11":"first","12":"instock","13":"sale","14":"taxable","15":"shipping-taxable","16":"purchasable","17":"product-type-variable","18":"add-to-wishlist-before_image"},"exclude_global_add_ons":[],"addons":[],"acf":[],"_links":{"self":[{"href":"https:\/\/shop.kustom.ch\/fr\/wp-json\/wp\/v2\/product\/613101"}],"collection":[{"href":"https:\/\/shop.kustom.ch\/fr\/wp-json\/wp\/v2\/product"}],"about":[{"href":"https:\/\/shop.kustom.ch\/fr\/wp-json\/wp\/v2\/types\/product"}],"wp:featuredmedia":[{"embeddable":true,"href":"https:\/\/shop.kustom.ch\/fr\/wp-json\/wp\/v2\/media\/672208"}],"wp:attachment":[{"href":"https:\/\/shop.kustom.ch\/fr\/wp-json\/wp\/v2\/media?parent=613101"}],"wp:term":[{"taxonomy":"product_brand","embeddable":true,"href":"https:\/\/shop.kustom.ch\/fr\/wp-json\/wp\/v2\/product_brand?post=613101"},{"taxonomy":"product_cat","embeddable":true,"href":"https:\/\/shop.kustom.ch\/fr\/wp-json\/wp\/v2\/product_cat?post=613101"},{"taxonomy":"product_tag","embeddable":true,"href":"https:\/\/shop.kustom.ch\/fr\/wp-json\/wp\/v2\/product_tag?post=613101"}],"curies":[{"name":"wp","href":"https:\/\/api.w.org\/{rel}","templated":true}]}}