{"id":613040,"date":"2025-03-06T04:43:35","date_gmt":"2025-03-06T03:43:35","guid":{"rendered":"https:\/\/shop.kustom.ch\/?post_type=product&#038;p=613040"},"modified":"2026-04-01T07:18:46","modified_gmt":"2026-04-01T06:18:46","slug":"fhb-original-max-holstertasche-rechts","status":"publish","type":"product","link":"https:\/\/shop.kustom.ch\/fr\/produit\/fhb-original-max-holstertasche-rechts\/","title":{"rendered":"Poche holster MAX \u00e0 droite"},"content":{"rendered":"<p>masse :<br \/>\nhauteur 26,5 cm (hauteur du sac sans les fermetures 23 cm)largeur 20 cm<br \/>\nEspace de rangement suppl\u00e9mentaire :<br \/>\n2 poches volumineuses superpos\u00e9es offrent suffisamment de place pour les clous, les vis, les lames de cutter, les perceuses, les gants, les agrafes et bien plus encore.Rabat avec fermeture velcro pour couvrir les compartiments.Le rabat peut \u00eatre gliss\u00e9 dans le compartiment arri\u00e8re pendant le travail pour avoir en permanence un acc\u00e8s complet au contenu.Poche extra large.Max se fixe aux passants de ceinture sur le c\u00f4t\u00e9 droit du pantalon.<br \/>\nMat\u00e9riau particuli\u00e8rement robuste :<br \/>\nLe CORDURA\u00ae est un tissu extr\u00eamement r\u00e9sistant.<br \/>\nIl est jusqu'\u00e0 dix fois plus r\u00e9sistant \u00e0 l'abrasion que le coton.<br \/>\nLa technique de tissage et le rev\u00eatement sp\u00e9ciaux garantissent cette durabilit\u00e9 exceptionnelle.<br \/>\nLe mat\u00e9riau est particuli\u00e8rement r\u00e9sistant aux fissures et aux perforations.<br \/>\nUn autre avantage : le CORDURA\u00ae est tr\u00e8s hydrofuge.<br \/>\nLe contenu est prot\u00e9g\u00e9 de l'humidit\u00e9.<br \/>\nFermeture rapide innovante :<br \/>\nGr\u00e2ce \u00e0 la fermeture rapide innovante, la trousse \u00e0 outils peut \u00eatre facilement fix\u00e9e aux passants de la ceinture et retir\u00e9e en quelques secondes.<br \/>\nLa fermeture flexible a \u00e9t\u00e9 d\u00e9velopp\u00e9e en collaboration avec YKK.<br \/>\nIl est particuli\u00e8rement robuste et r\u00e9siste \u00e0 de fortes sollicitations.Les deux fermetures ont un \u00e9cartement adapt\u00e9 aux passants de ceinture de nos pantalons de travail et pantalons de corporation.<\/p>","protected":false},"excerpt":{"rendered":"<p>Masse: H\u00f6he 26,5 cm (Taschenh\u00f6he ohne Verschl\u00fcsse 23 cm)Breite 20 cm Zus\u00e4tzlicher Stauraum: 2 ger\u00e4umige, aufeinander liegende Volumentaschen bieten genug Platz f\u00fcr N\u00e4gel, Schrauben, Cuttermesser-Klingen, Bohrer, Handschuhe, Tackerklammern und vieles mehr.Pattenklappe mit Klettverschluss zur Abdeckung der F\u00e4cher.Die Patte kann w\u00e4hrend der Arbeit in das hintere Fach geschoben werden, um permanent vollen Zugriff auf den Inhalt [&hellip;]<\/p>\n","protected":false},"featured_media":672243,"template":"","meta":[],"product_brand":[],"product_cat":[4209],"product_tag":[],"class_list":{"0":"post-613040","1":"product","2":"type-product","3":"status-publish","4":"has-post-thumbnail","6":"product_cat-zubehoer","7":"pa_brand-fhb","8":"pa_brand-type-workwear","9":"pa_filter-color-schwarz","11":"first","12":"instock","13":"sale","14":"taxable","15":"shipping-taxable","16":"purchasable","17":"product-type-variable","18":"add-to-wishlist-before_image"},"exclude_global_add_ons":[],"addons":[],"acf":[],"_links":{"self":[{"href":"https:\/\/shop.kustom.ch\/fr\/wp-json\/wp\/v2\/product\/613040"}],"collection":[{"href":"https:\/\/shop.kustom.ch\/fr\/wp-json\/wp\/v2\/product"}],"about":[{"href":"https:\/\/shop.kustom.ch\/fr\/wp-json\/wp\/v2\/types\/product"}],"wp:featuredmedia":[{"embeddable":true,"href":"https:\/\/shop.kustom.ch\/fr\/wp-json\/wp\/v2\/media\/672243"}],"wp:attachment":[{"href":"https:\/\/shop.kustom.ch\/fr\/wp-json\/wp\/v2\/media?parent=613040"}],"wp:term":[{"taxonomy":"product_brand","embeddable":true,"href":"https:\/\/shop.kustom.ch\/fr\/wp-json\/wp\/v2\/product_brand?post=613040"},{"taxonomy":"product_cat","embeddable":true,"href":"https:\/\/shop.kustom.ch\/fr\/wp-json\/wp\/v2\/product_cat?post=613040"},{"taxonomy":"product_tag","embeddable":true,"href":"https:\/\/shop.kustom.ch\/fr\/wp-json\/wp\/v2\/product_tag?post=613040"}],"curies":[{"name":"wp","href":"https:\/\/api.w.org\/{rel}","templated":true}]}}