{"id":612908,"date":"2025-03-06T04:40:12","date_gmt":"2025-03-06T03:40:12","guid":{"rendered":"https:\/\/shop.kustom.ch\/?post_type=product&#038;p=612908"},"modified":"2026-04-01T07:35:16","modified_gmt":"2026-04-01T06:35:16","slug":"fhb-original-julian-sneaker-flach-en-iso-20345-s3","status":"publish","type":"product","link":"https:\/\/shop.kustom.ch\/fr\/produit\/fhb-original-julian-sneaker-flach-en-iso-20345-s3\/","title":{"rendered":"JULIAN Baskets plates EN ISO 25-S3"},"content":{"rendered":"<p>norme :<br \/>\nCertifi\u00e9 selon EN ISO 20345<br \/>\nClasse de protection :<br \/>\nS3<br \/>\nAjustement :<br \/>\nLargeur de pied 11.tige mi-haute.<br \/>\nChaussure \u00e0 lacets pouvant \u00eatre ferm\u00e9e par 10 \u0153illets m\u00e9talliques.<br \/>\nProtection contre la p\u00e9n\u00e9tration :<br \/>\nProtection anti-perforation textile et non m\u00e9tallique.<br \/>\nLa semelle anti-perforation prot\u00e8ge contre les blessures caus\u00e9es par les petits objets qui tra\u00eenent, comme les clous ou les tessons.<br \/>\nProtection des orteils :<br \/>\nLe large embout de protection en plastique renforc\u00e9 de fibres de verre prot\u00e8ge efficacement tes orteils des chutes d'objets.<br \/>\nElle offre en outre suffisamment d'espace pour les orteils.<br \/>\nSemelle ext\u00e9rieure :<br \/>\nLa semelle ext\u00e9rieure est flexible et poss\u00e8de d'excellentes propri\u00e9t\u00e9s d'amortissement, ce qui favorise le d\u00e9roulement naturel du pied.<br \/>\nElle est faite pour des mouvements qui restent agr\u00e9ables m\u00eame pendant les longues journ\u00e9es de travail.Les c\u00f4t\u00e9s de la semelle sont renforc\u00e9s par un insert suppl\u00e9mentaire pour soulager le pied et augmenter le confort.Particuli\u00e8rement r\u00e9sistante \u00e0 l'usure et ind\u00e9formable.<br \/>\nSemelle int\u00e9rieure :<br \/>\nLa semelle int\u00e9rieure souple et amortissante assure un grand confort de marche.<br \/>\nElle est de forme anatomique et soutient tes pieds dans un mouvement de d\u00e9roulement naturel.La semelle int\u00e9rieure respirante poss\u00e8de une bonne r\u00e9gulation de l'humidit\u00e9 et assure ainsi un climat agr\u00e9able pour les pieds.La semelle int\u00e9rieure peut \u00eatre retir\u00e9e.<br \/>\nDoublure int\u00e9rieure :<br \/>\nA l'int\u00e9rieur des chaussures, une doublure fonctionnelle en textile respirant assure une r\u00e9gulation optimale de l'humidit\u00e9 et un s\u00e9chage rapide des chaussures. La doublure int\u00e9rieure r\u00e9sistante est tr\u00e8s r\u00e9sistante \u00e0 l'abrasion et donc durable. Mat\u00e9riau : cuir de buffle<\/p>","protected":false},"excerpt":{"rendered":"<p>Norm: Zertifiziert nach EN ISO 20345 Schutzklasse: S3 Passform: Fussweite 11.Halbhoher Schaft. Schn\u00fcrschuh mit 10 Metall\u00f6sen verschliessbar. Durchtrittschutz: Textiler, metallfreier Durchtrittschutz. Die durchtrittsichere Sohle sch\u00fctzt vor Verletzungen durch herumliegenden Kleinteile, wie z.B. N\u00e4gel oder Scherben. Zehenschutz: Die breite Zehenschutzkappe aus glasfaserverst\u00e4rktem Kunststoff sch\u00fctzt deine Zehen zuverl\u00e4ssig vor herabfallenden Gegenst\u00e4nden. Sie bietet zudem noch gen\u00fcgend Raum [&hellip;]<\/p>\n","protected":false},"featured_media":672159,"template":"","meta":[],"product_brand":[],"product_cat":[4197],"product_tag":[],"class_list":{"0":"post-612908","1":"product","2":"type-product","3":"status-publish","4":"has-post-thumbnail","6":"product_cat-schuhe-sandalen","7":"pa_brand-fhb","8":"pa_brand-type-workwear","9":"pa_filter-color-schwarz","11":"first","12":"instock","13":"sale","14":"taxable","15":"shipping-taxable","16":"purchasable","17":"product-type-variable","18":"add-to-wishlist-before_image"},"exclude_global_add_ons":[],"addons":[],"acf":[],"_links":{"self":[{"href":"https:\/\/shop.kustom.ch\/fr\/wp-json\/wp\/v2\/product\/612908"}],"collection":[{"href":"https:\/\/shop.kustom.ch\/fr\/wp-json\/wp\/v2\/product"}],"about":[{"href":"https:\/\/shop.kustom.ch\/fr\/wp-json\/wp\/v2\/types\/product"}],"wp:featuredmedia":[{"embeddable":true,"href":"https:\/\/shop.kustom.ch\/fr\/wp-json\/wp\/v2\/media\/672159"}],"wp:attachment":[{"href":"https:\/\/shop.kustom.ch\/fr\/wp-json\/wp\/v2\/media?parent=612908"}],"wp:term":[{"taxonomy":"product_brand","embeddable":true,"href":"https:\/\/shop.kustom.ch\/fr\/wp-json\/wp\/v2\/product_brand?post=612908"},{"taxonomy":"product_cat","embeddable":true,"href":"https:\/\/shop.kustom.ch\/fr\/wp-json\/wp\/v2\/product_cat?post=612908"},{"taxonomy":"product_tag","embeddable":true,"href":"https:\/\/shop.kustom.ch\/fr\/wp-json\/wp\/v2\/product_tag?post=612908"}],"curies":[{"name":"wp","href":"https:\/\/api.w.org\/{rel}","templated":true}]}}