{"id":612878,"date":"2025-03-06T04:40:05","date_gmt":"2025-03-06T03:40:05","guid":{"rendered":"https:\/\/shop.kustom.ch\/?post_type=product&#038;p=612878"},"modified":"2026-04-01T07:37:36","modified_gmt":"2026-04-01T06:37:36","slug":"fhb-original-jan-zunftweste-zwirn-doppel-pilot","status":"publish","type":"product","link":"https:\/\/shop.kustom.ch\/fr\/produit\/fhb-original-jan-zunftweste-zwirn-doppel-pilot\/","title":{"rendered":"Gilet de corps de m\u00e9tier JAN fil-pilote double"},"content":{"rendered":"<p>Ajustement :<br \/>\nCoupe d\u00e9contract\u00e9e, coupe droite.l'encolure et l'emmanchure sont coup\u00e9es de mani\u00e8re \u00e0 ce que tu aies une totale libert\u00e9 de mouvement pendant le travail.<br \/>\nDos long :<br \/>\nLa soi-disant protection des reins du gilet de corps de m\u00e9tier prot\u00e8ge efficacement les reins et le bas du dos du froid et du vent.<br \/>\nUn gilet de corps de m\u00e9tier avec un dos long est particuli\u00e8rement agr\u00e9able \u00e0 porter les jours plus frais.<br \/>\nLe dos a la m\u00eame qualit\u00e9 de tissu lourd que la partie avant.<br \/>\nR\u00e9glage de la largeur :<br \/>\n2 sangles de ceinture dorsale permettant d'ajuster individuellement la largeur du gilet.<br \/>\nBoutons :<br \/>\nTraditionnelle \u00e0 deux rang\u00e9es, huit boutons.boutons en imitation nacre.<br \/>\nSacs :<br \/>\n2 poches ext\u00e9rieures ouvertes. 1 poche int\u00e9rieure avec fermeture velcro.<br \/>\ntraitement :<br \/>\nCoutures particuli\u00e8rement robustes pour une dur\u00e9e de vie extra longue.<br \/>\nLes boutons sont cousus sur tige, puis envelopp\u00e9s sous tension d'un fil thermofixant \u00e9lastique sp\u00e9cial, appel\u00e9 ascolite.<br \/>\nCe proc\u00e9d\u00e9 Ascolite a \u00e9t\u00e9 d\u00e9velopp\u00e9 pour r\u00e9soudre le probl\u00e8me des boutons qui se d\u00e9tachent et pour augmenter la durabilit\u00e9 des gilets de la guilde.<br \/>\nTon logo :<br \/>\nBonnes possibilit\u00e9s de finition pour que ton logo soit parfaitement plac\u00e9... Mati\u00e8re : 100% coton<\/p>","protected":false},"excerpt":{"rendered":"<p>Passform: Lockere Passform, gerader Schnitt.Halsausschnitt und Armloch sind so geschnitten, dass du w\u00e4hrend der Arbeit volle Bewegungsfreiheit hast. Langer R\u00fccken: Der sogenannte Nierenschutz der Zunftweste schirmt die Nieren und den unteren R\u00fccken effektiv vor K\u00e4lte und Wind ab. Eine Zunftweste mit langem R\u00fccken ist besonders an k\u00fchleren Tagen angenehm zu tragen. Der R\u00fccken hat die [&hellip;]<\/p>\n","protected":false},"featured_media":672120,"template":"","meta":[],"product_brand":[],"product_cat":[4208],"product_tag":[],"class_list":{"0":"post-612878","1":"product","2":"type-product","3":"status-publish","4":"has-post-thumbnail","6":"product_cat-westen","7":"pa_brand-fhb","8":"pa_brand-type-workwear","9":"pa_filter-color-hamburger-streifen","11":"first","12":"instock","13":"sale","14":"taxable","15":"shipping-taxable","16":"purchasable","17":"product-type-variable","18":"add-to-wishlist-before_image"},"exclude_global_add_ons":[],"addons":[],"acf":[],"_links":{"self":[{"href":"https:\/\/shop.kustom.ch\/fr\/wp-json\/wp\/v2\/product\/612878"}],"collection":[{"href":"https:\/\/shop.kustom.ch\/fr\/wp-json\/wp\/v2\/product"}],"about":[{"href":"https:\/\/shop.kustom.ch\/fr\/wp-json\/wp\/v2\/types\/product"}],"wp:featuredmedia":[{"embeddable":true,"href":"https:\/\/shop.kustom.ch\/fr\/wp-json\/wp\/v2\/media\/672120"}],"wp:attachment":[{"href":"https:\/\/shop.kustom.ch\/fr\/wp-json\/wp\/v2\/media?parent=612878"}],"wp:term":[{"taxonomy":"product_brand","embeddable":true,"href":"https:\/\/shop.kustom.ch\/fr\/wp-json\/wp\/v2\/product_brand?post=612878"},{"taxonomy":"product_cat","embeddable":true,"href":"https:\/\/shop.kustom.ch\/fr\/wp-json\/wp\/v2\/product_cat?post=612878"},{"taxonomy":"product_tag","embeddable":true,"href":"https:\/\/shop.kustom.ch\/fr\/wp-json\/wp\/v2\/product_tag?post=612878"}],"curies":[{"name":"wp","href":"https:\/\/api.w.org\/{rel}","templated":true}]}}