{"id":612845,"date":"2025-03-06T04:39:25","date_gmt":"2025-03-06T03:39:25","guid":{"rendered":"https:\/\/shop.kustom.ch\/?post_type=product&#038;p=612845"},"modified":"2026-04-01T07:35:24","modified_gmt":"2026-04-01T06:35:24","slug":"fhb-original-ole-zunfthose-zwirn-doppel-pilot","status":"publish","type":"product","link":"https:\/\/shop.kustom.ch\/fr\/produit\/fhb-original-ole-zunfthose-zwirn-doppel-pilot\/","title":{"rendered":"Pantalon de travail OLE double fil pilote"},"content":{"rendered":"<p>Ajustement :<br \/>\nLe pantalon de travail a une coupe confortable, d\u00e9contract\u00e9e et agr\u00e9able. Il est un peu plus large au niveau des cuisses pour ne pas g\u00eaner tes mouvements, m\u00eame avec un m\u00e8tre pliant dans la poche lat\u00e9rale.<br \/>\nTour de pied :<br \/>\n48 cm<br \/>\nSacs :<br \/>\nPoches \u00e0 m\u00e8tre pliant \u00e0 droite et \u00e0 gauche.poches volumineuses \u00e0 large ouverture.les sacs \u00e0 poches fixes sont fabriqu\u00e9s en tissu de doublure r\u00e9sistant (300 g\/m\u00b2).<br \/>\n1 poche arri\u00e8re avec bouton. Les passants de ceinture ont la distance appropri\u00e9e pour les sacoches \u00e0 holster FHB Max et Moritz.<br \/>\nFermetures \u00e0 glissi\u00e8re :<br \/>\nLes fermetures \u00e0 glissi\u00e8re dor\u00e9es et extra larges de YKK avec des embouts massifs sont particuli\u00e8rement robustes et durables.<br \/>\ntraitement :<br \/>\nDes coutures fessi\u00e8res robustes \u00e0 double piq\u00fbre renforcent le pantalon pour une dur\u00e9e de vie extra longue.<br \/>\nLes coins cousus 2 fois et le passepoil de poche en similicuir prot\u00e8gent les coins de la poche contre l'arrachement, m\u00eame en cas de forte sollicitation.<br \/>\nTon logo :<br \/>\nBonnes possibilit\u00e9s de finition pour que ton logo soit parfaitement plac\u00e9... Mati\u00e8re : 100% coton<\/p>","protected":false},"excerpt":{"rendered":"<p>Passform: Die Zunfthose ist bequem geschnitten und sitzt locker und angenehm.An den Oberschenkeln ist die Zunfthose etwas weiter geschnitten, damit sie dich auch mit Zollstock in der seitlichen Tasche nicht in der Bewegung einschr\u00e4nkt. Fussweitenumfang: 48 cm Taschen: Zollstocktaschen rechts und links.Ger\u00e4umige Volumentaschen mit breitem Eingriff.Feste Taschenbeutel sind aus strapazierf\u00e4higem Futterstoffgewebe (300 g\/m\u00b2) gefertigt. 1 [&hellip;]<\/p>\n","protected":false},"featured_media":672255,"template":"","meta":[],"product_brand":[],"product_cat":[4185],"product_tag":[],"class_list":{"0":"post-612845","1":"product","2":"type-product","3":"status-publish","4":"has-post-thumbnail","6":"product_cat-hosen","7":"pa_brand-fhb","8":"pa_brand-type-workwear","9":"pa_filter-color-hamburger-streifen","11":"first","12":"instock","13":"sale","14":"taxable","15":"shipping-taxable","16":"purchasable","17":"product-type-variable","18":"add-to-wishlist-before_image"},"exclude_global_add_ons":[],"addons":[],"acf":[],"_links":{"self":[{"href":"https:\/\/shop.kustom.ch\/fr\/wp-json\/wp\/v2\/product\/612845"}],"collection":[{"href":"https:\/\/shop.kustom.ch\/fr\/wp-json\/wp\/v2\/product"}],"about":[{"href":"https:\/\/shop.kustom.ch\/fr\/wp-json\/wp\/v2\/types\/product"}],"wp:featuredmedia":[{"embeddable":true,"href":"https:\/\/shop.kustom.ch\/fr\/wp-json\/wp\/v2\/media\/672255"}],"wp:attachment":[{"href":"https:\/\/shop.kustom.ch\/fr\/wp-json\/wp\/v2\/media?parent=612845"}],"wp:term":[{"taxonomy":"product_brand","embeddable":true,"href":"https:\/\/shop.kustom.ch\/fr\/wp-json\/wp\/v2\/product_brand?post=612845"},{"taxonomy":"product_cat","embeddable":true,"href":"https:\/\/shop.kustom.ch\/fr\/wp-json\/wp\/v2\/product_cat?post=612845"},{"taxonomy":"product_tag","embeddable":true,"href":"https:\/\/shop.kustom.ch\/fr\/wp-json\/wp\/v2\/product_tag?post=612845"}],"curies":[{"name":"wp","href":"https:\/\/api.w.org\/{rel}","templated":true}]}}