{"id":612802,"date":"2025-03-06T04:39:17","date_gmt":"2025-03-06T03:39:17","guid":{"rendered":"https:\/\/shop.kustom.ch\/?post_type=product&#038;p=612802"},"modified":"2026-04-01T07:10:23","modified_gmt":"2026-04-01T06:10:23","slug":"fhb-original-phil-t-shirt-mit-fhb-logo","status":"publish","type":"product","link":"https:\/\/shop.kustom.ch\/fr\/produit\/fhb-original-phil-t-shirt-mit-fhb-logo\/","title":{"rendered":"T-shirt PHIL avec logo FHB"},"content":{"rendered":"<p>T-shirt l\u00e9ger mais robuste en jersey simple m\u00e9lang\u00e9 de haute qualit\u00e9 et respirant, encolure ronde ind\u00e9formable, logo blanc sur la poitrine Silicon FHB, coupe \u00e9troite, renforcement par bandeau et mat\u00e9riau \u00e0 double \u00e9paisseur dans la nuque<\/p>","protected":false},"excerpt":{"rendered":"<p>T-shirt l\u00e9ger mais robuste en jersey simple m\u00e9lang\u00e9 de haute qualit\u00e9 et respirant, encolure ronde ind\u00e9formable, logo blanc sur la poitrine Silicon FHB, coupe \u00e9troite, renforcement par bandeau et mat\u00e9riau \u00e0 double \u00e9paisseur dans la nuque<\/p>","protected":false},"featured_media":609846,"template":"","meta":[],"product_brand":[],"product_cat":[4201],"product_tag":[],"class_list":{"0":"post-612802","1":"product","2":"type-product","3":"status-publish","4":"has-post-thumbnail","6":"product_cat-t-shirts","7":"pa_brand-fhb","8":"pa_brand-type-workwear","9":"pa_filter-color-schwarz","11":"first","12":"instock","13":"sale","14":"taxable","15":"shipping-taxable","16":"purchasable","17":"product-type-variable","18":"add-to-wishlist-before_image"},"exclude_global_add_ons":[],"addons":[],"acf":[],"_links":{"self":[{"href":"https:\/\/shop.kustom.ch\/fr\/wp-json\/wp\/v2\/product\/612802"}],"collection":[{"href":"https:\/\/shop.kustom.ch\/fr\/wp-json\/wp\/v2\/product"}],"about":[{"href":"https:\/\/shop.kustom.ch\/fr\/wp-json\/wp\/v2\/types\/product"}],"wp:featuredmedia":[{"embeddable":true,"href":"https:\/\/shop.kustom.ch\/fr\/wp-json\/wp\/v2\/media\/609846"}],"wp:attachment":[{"href":"https:\/\/shop.kustom.ch\/fr\/wp-json\/wp\/v2\/media?parent=612802"}],"wp:term":[{"taxonomy":"product_brand","embeddable":true,"href":"https:\/\/shop.kustom.ch\/fr\/wp-json\/wp\/v2\/product_brand?post=612802"},{"taxonomy":"product_cat","embeddable":true,"href":"https:\/\/shop.kustom.ch\/fr\/wp-json\/wp\/v2\/product_cat?post=612802"},{"taxonomy":"product_tag","embeddable":true,"href":"https:\/\/shop.kustom.ch\/fr\/wp-json\/wp\/v2\/product_tag?post=612802"}],"curies":[{"name":"wp","href":"https:\/\/api.w.org\/{rel}","templated":true}]}}