{"id":612620,"date":"2025-03-06T04:37:38","date_gmt":"2025-03-06T03:37:38","guid":{"rendered":"https:\/\/shop.kustom.ch\/?post_type=product&#038;p=612620"},"modified":"2026-04-01T07:23:56","modified_gmt":"2026-04-01T06:23:56","slug":"fhb-original-knut-t-shirt-herren","status":"publish","type":"product","link":"https:\/\/shop.kustom.ch\/fr\/produit\/fhb-original-knut-t-shirt-herren\/","title":{"rendered":"KNUT T-shirt homme"},"content":{"rendered":"<p>T-shirt l\u00e9ger mais robuste en tissu jersey simple m\u00e9lang\u00e9 de haute qualit\u00e9 et respirant, encolure ronde ind\u00e9formable, coupe \u00e9troite, renforcement par bandeau et mat\u00e9riau \u00e0 double couche dans la nuque, la zone de contraste se trouve au-dessus de la position d'ennoblissement, adapt\u00e9 au lavage industriel<\/p>","protected":false},"excerpt":{"rendered":"<p>T-shirt l\u00e9ger mais robuste en tissu jersey simple m\u00e9lang\u00e9 de haute qualit\u00e9 et respirant, encolure ronde ind\u00e9formable, coupe \u00e9troite, renforcement par bandeau et mat\u00e9riau \u00e0 double couche dans la nuque, la zone de contraste se trouve au-dessus de la position d'ennoblissement, adapt\u00e9 au lavage industriel<\/p>","protected":false},"featured_media":609823,"template":"","meta":[],"product_brand":[],"product_cat":[4201],"product_tag":[],"class_list":{"0":"post-612620","1":"product","2":"type-product","3":"status-publish","4":"has-post-thumbnail","6":"product_cat-t-shirts","7":"pa_brand-fhb","8":"pa_brand-type-workwear","9":"pa_filter-color-beige","10":"pa_filter-color-blau","11":"pa_filter-color-grau","12":"pa_filter-color-gruen","13":"pa_filter-color-rot","14":"pa_filter-color-schwarz","15":"pa_filter-color-weiss","17":"first","18":"instock","19":"sale","20":"taxable","21":"shipping-taxable","22":"purchasable","23":"product-type-variable","24":"add-to-wishlist-before_image"},"exclude_global_add_ons":[],"addons":[],"acf":[],"_links":{"self":[{"href":"https:\/\/shop.kustom.ch\/fr\/wp-json\/wp\/v2\/product\/612620"}],"collection":[{"href":"https:\/\/shop.kustom.ch\/fr\/wp-json\/wp\/v2\/product"}],"about":[{"href":"https:\/\/shop.kustom.ch\/fr\/wp-json\/wp\/v2\/types\/product"}],"wp:featuredmedia":[{"embeddable":true,"href":"https:\/\/shop.kustom.ch\/fr\/wp-json\/wp\/v2\/media\/609823"}],"wp:attachment":[{"href":"https:\/\/shop.kustom.ch\/fr\/wp-json\/wp\/v2\/media?parent=612620"}],"wp:term":[{"taxonomy":"product_brand","embeddable":true,"href":"https:\/\/shop.kustom.ch\/fr\/wp-json\/wp\/v2\/product_brand?post=612620"},{"taxonomy":"product_cat","embeddable":true,"href":"https:\/\/shop.kustom.ch\/fr\/wp-json\/wp\/v2\/product_cat?post=612620"},{"taxonomy":"product_tag","embeddable":true,"href":"https:\/\/shop.kustom.ch\/fr\/wp-json\/wp\/v2\/product_tag?post=612620"}],"curies":[{"name":"wp","href":"https:\/\/api.w.org\/{rel}","templated":true}]}}