{"id":612529,"date":"2025-03-06T04:36:42","date_gmt":"2025-03-06T03:36:42","guid":{"rendered":"https:\/\/shop.kustom.ch\/?post_type=product&#038;p=612529"},"modified":"2026-04-01T07:12:02","modified_gmt":"2026-04-01T06:12:02","slug":"fhb-original-piet-sweatshirt-unisex","status":"publish","type":"product","link":"https:\/\/shop.kustom.ch\/fr\/produit\/fhb-original-piet-sweatshirt-unisex\/","title":{"rendered":"PIET Sweatshirt unisexe"},"content":{"rendered":"<p>ce sweat-shirt r\u00e9sistant et de qualit\u00e9 sup\u00e9rieure en jersey de coton m\u00e9lang\u00e9 doux assure un port l\u00e9ger et confortable gr\u00e2ce \u00e0 son int\u00e9rieur French Terry (structure particuli\u00e8re en boucle), coupe \u00e9troite, 450g\/m2 de tricot c\u00f4tel\u00e9 lourd \u00e0 l'ourlet et aux poignets prolonge la dur\u00e9e de vie, adapt\u00e9 au lavage industriel.<\/p>","protected":false},"excerpt":{"rendered":"<p>ce sweat-shirt r\u00e9sistant et de qualit\u00e9 sup\u00e9rieure en jersey de coton m\u00e9lang\u00e9 doux assure un port l\u00e9ger et confortable gr\u00e2ce \u00e0 son int\u00e9rieur French Terry (structure particuli\u00e8re en boucle), coupe \u00e9troite, 450g\/m2 de tricot c\u00f4tel\u00e9 lourd \u00e0 l'ourlet et aux poignets prolonge la dur\u00e9e de vie, adapt\u00e9 au lavage industriel.<\/p>","protected":false},"featured_media":609812,"template":"","meta":[],"product_brand":[],"product_cat":[4201],"product_tag":[],"class_list":{"0":"post-612529","1":"product","2":"type-product","3":"status-publish","4":"has-post-thumbnail","6":"product_cat-t-shirts","7":"pa_brand-fhb","8":"pa_brand-type-workwear","9":"pa_filter-color-beige","10":"pa_filter-color-blau","11":"pa_filter-color-grau","12":"pa_filter-color-gruen","13":"pa_filter-color-rot","14":"pa_filter-color-schwarz","16":"first","17":"instock","18":"sale","19":"taxable","20":"shipping-taxable","21":"purchasable","22":"product-type-variable","23":"add-to-wishlist-before_image"},"exclude_global_add_ons":[],"addons":[],"acf":[],"_links":{"self":[{"href":"https:\/\/shop.kustom.ch\/fr\/wp-json\/wp\/v2\/product\/612529"}],"collection":[{"href":"https:\/\/shop.kustom.ch\/fr\/wp-json\/wp\/v2\/product"}],"about":[{"href":"https:\/\/shop.kustom.ch\/fr\/wp-json\/wp\/v2\/types\/product"}],"wp:featuredmedia":[{"embeddable":true,"href":"https:\/\/shop.kustom.ch\/fr\/wp-json\/wp\/v2\/media\/609812"}],"wp:attachment":[{"href":"https:\/\/shop.kustom.ch\/fr\/wp-json\/wp\/v2\/media?parent=612529"}],"wp:term":[{"taxonomy":"product_brand","embeddable":true,"href":"https:\/\/shop.kustom.ch\/fr\/wp-json\/wp\/v2\/product_brand?post=612529"},{"taxonomy":"product_cat","embeddable":true,"href":"https:\/\/shop.kustom.ch\/fr\/wp-json\/wp\/v2\/product_cat?post=612529"},{"taxonomy":"product_tag","embeddable":true,"href":"https:\/\/shop.kustom.ch\/fr\/wp-json\/wp\/v2\/product_tag?post=612529"}],"curies":[{"name":"wp","href":"https:\/\/api.w.org\/{rel}","templated":true}]}}