{"id":612438,"date":"2025-03-06T04:35:32","date_gmt":"2025-03-06T03:35:32","guid":{"rendered":"https:\/\/shop.kustom.ch\/?post_type=product&#038;p=612438"},"modified":"2026-04-01T07:04:12","modified_gmt":"2026-04-01T06:04:12","slug":"fhb-original-rob-zip-sweatshirt-unisex","status":"publish","type":"product","link":"https:\/\/shop.kustom.ch\/fr\/produit\/fhb-original-rob-zip-sweatshirt-unisex\/","title":{"rendered":"Sweat-shirt zipp\u00e9 ROB unisexe"},"content":{"rendered":"<p>ce troyer r\u00e9sistant et de haute qualit\u00e9 en jersey de coton m\u00e9lang\u00e9 doux assure une sensation de l\u00e9g\u00e8ret\u00e9 et de confort gr\u00e2ce \u00e0 son int\u00e9rieur French-Terry (structure particuli\u00e8re en boucle), coupe \u00e9troite, fermeture \u00e9clair YKK sur le devant jusqu'\u00e0 la pointe du col, encolure profonde pour une entr\u00e9e et une sortie confortables, tricot c\u00f4tel\u00e9 lourd de 450g\/m2 \u00e0 l'ourlet et aux poignets prolongeant la dur\u00e9e de vie, 2 poches lat\u00e9rales bien int\u00e9gr\u00e9es avec fermeture \u00e9clair cach\u00e9e soulignent la haute fonctionnalit\u00e9, adapt\u00e9 au lavage industriel<\/p>","protected":false},"excerpt":{"rendered":"<p>dieser hochwertige und strapazierf\u00e4hige Troyer aus einem weichen Baumwolljersey-Mischgewebe sorgt mit seiner French-Terry-Innenseite (besondere Schlaufenstruktur) f\u00fcr ein leichtes und komfortables Tragegef\u00fchl, schmale Passform, YKK-Frontrei\u00dfverschluss bis in die Kragenspitze, tiefer Ausschnitt f\u00fcr ein bequemes Rein und Raus, 450g\/qm schwerer Rippenstrick am Saum und an den B\u00fcndchen verl\u00e4ngert die Lebensdauer, 2 gut integrierte Seitentaschen mit verdecktem Rei\u00dfverschluss [&hellip;]<\/p>\n","protected":false},"featured_media":609801,"template":"","meta":[],"product_brand":[],"product_cat":[4201],"product_tag":[],"class_list":{"0":"post-612438","1":"product","2":"type-product","3":"status-publish","4":"has-post-thumbnail","6":"product_cat-t-shirts","7":"pa_brand-fhb","8":"pa_brand-type-workwear","9":"pa_filter-color-beige","10":"pa_filter-color-blau","11":"pa_filter-color-grau","12":"pa_filter-color-gruen","13":"pa_filter-color-rot","14":"pa_filter-color-schwarz","15":"pa_filter-color-weiss","17":"first","18":"instock","19":"sale","20":"taxable","21":"shipping-taxable","22":"purchasable","23":"product-type-variable","24":"add-to-wishlist-before_image"},"exclude_global_add_ons":[],"addons":[],"acf":[],"_links":{"self":[{"href":"https:\/\/shop.kustom.ch\/fr\/wp-json\/wp\/v2\/product\/612438"}],"collection":[{"href":"https:\/\/shop.kustom.ch\/fr\/wp-json\/wp\/v2\/product"}],"about":[{"href":"https:\/\/shop.kustom.ch\/fr\/wp-json\/wp\/v2\/types\/product"}],"wp:featuredmedia":[{"embeddable":true,"href":"https:\/\/shop.kustom.ch\/fr\/wp-json\/wp\/v2\/media\/609801"}],"wp:attachment":[{"href":"https:\/\/shop.kustom.ch\/fr\/wp-json\/wp\/v2\/media?parent=612438"}],"wp:term":[{"taxonomy":"product_brand","embeddable":true,"href":"https:\/\/shop.kustom.ch\/fr\/wp-json\/wp\/v2\/product_brand?post=612438"},{"taxonomy":"product_cat","embeddable":true,"href":"https:\/\/shop.kustom.ch\/fr\/wp-json\/wp\/v2\/product_cat?post=612438"},{"taxonomy":"product_tag","embeddable":true,"href":"https:\/\/shop.kustom.ch\/fr\/wp-json\/wp\/v2\/product_tag?post=612438"}],"curies":[{"name":"wp","href":"https:\/\/api.w.org\/{rel}","templated":true}]}}