{"id":612426,"date":"2025-03-06T04:35:30","date_gmt":"2025-03-06T03:35:30","guid":{"rendered":"https:\/\/shop.kustom.ch\/?post_type=product&#038;p=612426"},"modified":"2026-04-01T07:31:06","modified_gmt":"2026-04-01T06:31:06","slug":"fhb-original-pelle-sweatshirt-mit-fhb-logo","status":"publish","type":"product","link":"https:\/\/shop.kustom.ch\/fr\/produit\/fhb-original-pelle-sweatshirt-mit-fhb-logo\/","title":{"rendered":"Sweat-shirt PELLE avec logo FHB"},"content":{"rendered":"<p>ce sweat-shirt r\u00e9sistant et de grande qualit\u00e9 en jersey de coton m\u00e9lang\u00e9 doux est incroyablement agr\u00e9able \u00e0 porter gr\u00e2ce \u00e0 son int\u00e9rieur gratt\u00e9, logo 3D FHB en relief sur la poitrine, coupe \u00e9troite, 450g\/m2 de tricot c\u00f4tel\u00e9 lourd \u00e0 l'ourlet et aux poignets pour une plus grande long\u00e9vit\u00e9<\/p>","protected":false},"excerpt":{"rendered":"<p>ce sweat-shirt r\u00e9sistant et de grande qualit\u00e9 en jersey de coton m\u00e9lang\u00e9 doux est incroyablement agr\u00e9able \u00e0 porter gr\u00e2ce \u00e0 son int\u00e9rieur gratt\u00e9, logo 3D FHB en relief sur la poitrine, coupe \u00e9troite, 450g\/m2 de tricot c\u00f4tel\u00e9 lourd \u00e0 l'ourlet et aux poignets pour une plus grande long\u00e9vit\u00e9<\/p>","protected":false},"featured_media":609799,"template":"","meta":[],"product_brand":[],"product_cat":[4201],"product_tag":[],"class_list":{"0":"post-612426","1":"product","2":"type-product","3":"status-publish","4":"has-post-thumbnail","6":"product_cat-t-shirts","7":"pa_brand-fhb","8":"pa_brand-type-workwear","9":"pa_filter-color-schwarz","11":"first","12":"instock","13":"sale","14":"taxable","15":"shipping-taxable","16":"purchasable","17":"product-type-variable","18":"add-to-wishlist-before_image"},"exclude_global_add_ons":[],"addons":[],"acf":[],"_links":{"self":[{"href":"https:\/\/shop.kustom.ch\/fr\/wp-json\/wp\/v2\/product\/612426"}],"collection":[{"href":"https:\/\/shop.kustom.ch\/fr\/wp-json\/wp\/v2\/product"}],"about":[{"href":"https:\/\/shop.kustom.ch\/fr\/wp-json\/wp\/v2\/types\/product"}],"wp:featuredmedia":[{"embeddable":true,"href":"https:\/\/shop.kustom.ch\/fr\/wp-json\/wp\/v2\/media\/609799"}],"wp:attachment":[{"href":"https:\/\/shop.kustom.ch\/fr\/wp-json\/wp\/v2\/media?parent=612426"}],"wp:term":[{"taxonomy":"product_brand","embeddable":true,"href":"https:\/\/shop.kustom.ch\/fr\/wp-json\/wp\/v2\/product_brand?post=612426"},{"taxonomy":"product_cat","embeddable":true,"href":"https:\/\/shop.kustom.ch\/fr\/wp-json\/wp\/v2\/product_cat?post=612426"},{"taxonomy":"product_tag","embeddable":true,"href":"https:\/\/shop.kustom.ch\/fr\/wp-json\/wp\/v2\/product_tag?post=612426"}],"curies":[{"name":"wp","href":"https:\/\/api.w.org\/{rel}","templated":true}]}}