{"id":612416,"date":"2025-03-06T04:35:28","date_gmt":"2025-03-06T03:35:28","guid":{"rendered":"https:\/\/shop.kustom.ch\/?post_type=product&#038;p=612416"},"modified":"2026-04-01T07:23:37","modified_gmt":"2026-04-01T06:23:37","slug":"fhb-original-bello-hoodie-mit-fhb-branding","status":"publish","type":"product","link":"https:\/\/shop.kustom.ch\/fr\/produit\/fhb-original-bello-hoodie-mit-fhb-branding\/","title":{"rendered":"BELLO Hoodie avec la marque FHB"},"content":{"rendered":"<p>ce sweat \u00e0 capuche r\u00e9sistant et de haute qualit\u00e9 en jersey de coton m\u00e9lang\u00e9 doux assure un confort incroyable gr\u00e2ce \u00e0 son int\u00e9rieur gratt\u00e9, logo poitrine 3D FHB en relief, coupe \u00e9troite, capuche \u00e0 double \u00e9paisseur et un tricot c\u00f4tel\u00e9 de 450g\/m2 \u00e0 l'ourlet et aux poignets qui prolongent la dur\u00e9e de vie, 2 poches lat\u00e9rales bien int\u00e9gr\u00e9es avec fermeture \u00e9clair cach\u00e9e soulignent la haute fonctionnalit\u00e9<\/p>","protected":false},"excerpt":{"rendered":"<p>ce sweat \u00e0 capuche r\u00e9sistant et de haute qualit\u00e9 en jersey de coton m\u00e9lang\u00e9 doux assure un confort incroyable gr\u00e2ce \u00e0 son int\u00e9rieur gratt\u00e9, logo poitrine 3D FHB en relief, coupe \u00e9troite, capuche \u00e0 double \u00e9paisseur et un tricot c\u00f4tel\u00e9 de 450g\/m2 \u00e0 l'ourlet et aux poignets qui prolongent la dur\u00e9e de vie, 2 poches lat\u00e9rales bien int\u00e9gr\u00e9es avec fermeture \u00e9clair cach\u00e9e soulignent la haute fonctionnalit\u00e9<\/p>","protected":false},"featured_media":609798,"template":"","meta":[],"product_brand":[],"product_cat":[4201],"product_tag":[],"class_list":{"0":"post-612416","1":"product","2":"type-product","3":"status-publish","4":"has-post-thumbnail","6":"product_cat-t-shirts","7":"pa_brand-fhb","8":"pa_brand-type-workwear","9":"pa_filter-color-schwarz","11":"first","12":"instock","13":"sale","14":"taxable","15":"shipping-taxable","16":"purchasable","17":"product-type-variable","18":"add-to-wishlist-before_image"},"exclude_global_add_ons":[],"addons":[],"acf":[],"_links":{"self":[{"href":"https:\/\/shop.kustom.ch\/fr\/wp-json\/wp\/v2\/product\/612416"}],"collection":[{"href":"https:\/\/shop.kustom.ch\/fr\/wp-json\/wp\/v2\/product"}],"about":[{"href":"https:\/\/shop.kustom.ch\/fr\/wp-json\/wp\/v2\/types\/product"}],"wp:featuredmedia":[{"embeddable":true,"href":"https:\/\/shop.kustom.ch\/fr\/wp-json\/wp\/v2\/media\/609798"}],"wp:attachment":[{"href":"https:\/\/shop.kustom.ch\/fr\/wp-json\/wp\/v2\/media?parent=612416"}],"wp:term":[{"taxonomy":"product_brand","embeddable":true,"href":"https:\/\/shop.kustom.ch\/fr\/wp-json\/wp\/v2\/product_brand?post=612416"},{"taxonomy":"product_cat","embeddable":true,"href":"https:\/\/shop.kustom.ch\/fr\/wp-json\/wp\/v2\/product_cat?post=612416"},{"taxonomy":"product_tag","embeddable":true,"href":"https:\/\/shop.kustom.ch\/fr\/wp-json\/wp\/v2\/product_tag?post=612416"}],"curies":[{"name":"wp","href":"https:\/\/api.w.org\/{rel}","templated":true}]}}