{"id":612325,"date":"2025-03-06T04:34:35","date_gmt":"2025-03-06T03:34:35","guid":{"rendered":"https:\/\/shop.kustom.ch\/?post_type=product&#038;p=612325"},"modified":"2026-04-01T07:22:33","modified_gmt":"2026-04-01T06:22:33","slug":"fhb-original-quentin-hoodie-jacke-unisex","status":"publish","type":"product","link":"https:\/\/shop.kustom.ch\/fr\/produit\/fhb-original-quentin-hoodie-jacke-unisex\/","title":{"rendered":"QUENTIN Veste \u00e0 capuche unisexe"},"content":{"rendered":"<p>cette veste \u00e0 capuche r\u00e9sistante et de haute qualit\u00e9 en jersey de coton m\u00e9lang\u00e9 doux assure un confort incroyable gr\u00e2ce \u00e0 son int\u00e9rieur gratt\u00e9, coupe \u00e9troite, fermeture \u00e0 glissi\u00e8re frontale YKK Vislon robuste, capuche \u00e0 double \u00e9paisseur et un tricot c\u00f4tel\u00e9 de 450g\/m2 \u00e0 l'ourlet et aux poignets prolongent la dur\u00e9e de vie, 2 poches lat\u00e9rales bien int\u00e9gr\u00e9es avec fermeture \u00e0 glissi\u00e8re cach\u00e9e soulignent la haute fonctionnalit\u00e9, convient au lavage industriel<\/p>","protected":false},"excerpt":{"rendered":"<p>cette veste \u00e0 capuche r\u00e9sistante et de haute qualit\u00e9 en jersey de coton m\u00e9lang\u00e9 doux assure un confort incroyable gr\u00e2ce \u00e0 son int\u00e9rieur gratt\u00e9, coupe \u00e9troite, fermeture \u00e0 glissi\u00e8re frontale YKK Vislon robuste, capuche \u00e0 double \u00e9paisseur et un tricot c\u00f4tel\u00e9 de 450g\/m2 \u00e0 l'ourlet et aux poignets prolongent la dur\u00e9e de vie, 2 poches lat\u00e9rales bien int\u00e9gr\u00e9es avec fermeture \u00e0 glissi\u00e8re cach\u00e9e soulignent la haute fonctionnalit\u00e9, convient au lavage industriel<\/p>","protected":false},"featured_media":609784,"template":"","meta":[],"product_brand":[],"product_cat":[4201],"product_tag":[],"class_list":{"0":"post-612325","1":"product","2":"type-product","3":"status-publish","4":"has-post-thumbnail","6":"product_cat-t-shirts","7":"pa_brand-fhb","8":"pa_brand-type-workwear","9":"pa_filter-color-beige","10":"pa_filter-color-blau","11":"pa_filter-color-grau","12":"pa_filter-color-gruen","13":"pa_filter-color-rot","14":"pa_filter-color-schwarz","16":"first","17":"instock","18":"sale","19":"taxable","20":"shipping-taxable","21":"purchasable","22":"product-type-variable","23":"add-to-wishlist-before_image"},"exclude_global_add_ons":[],"addons":[],"acf":[],"_links":{"self":[{"href":"https:\/\/shop.kustom.ch\/fr\/wp-json\/wp\/v2\/product\/612325"}],"collection":[{"href":"https:\/\/shop.kustom.ch\/fr\/wp-json\/wp\/v2\/product"}],"about":[{"href":"https:\/\/shop.kustom.ch\/fr\/wp-json\/wp\/v2\/types\/product"}],"wp:featuredmedia":[{"embeddable":true,"href":"https:\/\/shop.kustom.ch\/fr\/wp-json\/wp\/v2\/media\/609784"}],"wp:attachment":[{"href":"https:\/\/shop.kustom.ch\/fr\/wp-json\/wp\/v2\/media?parent=612325"}],"wp:term":[{"taxonomy":"product_brand","embeddable":true,"href":"https:\/\/shop.kustom.ch\/fr\/wp-json\/wp\/v2\/product_brand?post=612325"},{"taxonomy":"product_cat","embeddable":true,"href":"https:\/\/shop.kustom.ch\/fr\/wp-json\/wp\/v2\/product_cat?post=612325"},{"taxonomy":"product_tag","embeddable":true,"href":"https:\/\/shop.kustom.ch\/fr\/wp-json\/wp\/v2\/product_tag?post=612325"}],"curies":[{"name":"wp","href":"https:\/\/api.w.org\/{rel}","templated":true}]}}