{"id":612118,"date":"2025-03-06T04:32:49","date_gmt":"2025-03-06T03:32:49","guid":{"rendered":"https:\/\/shop.kustom.ch\/?post_type=product&#038;p=612118"},"modified":"2026-04-01T07:16:27","modified_gmt":"2026-04-01T06:16:27","slug":"fhb-original-georg-arbeitsjacke-primaloft","status":"publish","type":"product","link":"https:\/\/shop.kustom.ch\/fr\/produit\/fhb-original-georg-arbeitsjacke-primaloft\/","title":{"rendered":"Veste de travail GEORG Primaloft"},"content":{"rendered":"<p>Coupe d\u00e9contract\u00e9e :<br \/>\nGeorg a une coupe ample.<br \/>\nLa veste est confortable et ne te g\u00eane pas dans tes mouvements.<br \/>\nDans le cadre d'un syst\u00e8me de couches, Georg peut \u00eatre port\u00e9 avec une ou deux couches interm\u00e9diaires en dessous.<br \/>\nLa forme sp\u00e9ciale des manches emp\u00eache la veste de remonter.Les manches sont l\u00e9g\u00e8rement allong\u00e9es pour que les poignets soient couverts m\u00eame lorsque les bras sont tendus.<br \/>\nLe dos est \u00e9galement l\u00e9g\u00e8rement allong\u00e9 et couvre proprement la zone dorsale, m\u00eame en position pench\u00e9e ou \u00e0 genoux, ce qui est particuli\u00e8rement agr\u00e9able les jours les plus froids.<br \/>\nCol en polaire douce.<br \/>\nR\u00e9glage de la largeur :<br \/>\nL'ourlet peut \u00eatre ajust\u00e9 \u00e0 la largeur id\u00e9ale gr\u00e2ce \u00e0 un cordon de serrage et fix\u00e9 par des stoppeurs.<br \/>\nLes poignets sont munis d'une languette avec velcro pour ajuster la largeur.<br \/>\nSacs :<br \/>\n2 x 2 poches lat\u00e9rales avec fermeture \u00e9clair.<br \/>\nLes poches sont dot\u00e9es d'une doublure de poche r\u00e9sistante.<br \/>\nPoche poitrine ext\u00e9rieure zipp\u00e9e et cach\u00e9e, poche int\u00e9rieure zipp\u00e9e, poche \u00e0 crayons sur le bras gauche.<br \/>\nFermeture \u00e9clair fonctionnelle de YKK :<br \/>\nFermeture \u00e0 glissi\u00e8re frontale YKK sur toute la longueur, tr\u00e8s facile \u00e0 manipuler.<br \/>\nLa protection du menton (garage \u00e0 zip) sur le col haut \u00e9vite que la fermeture \u00e9clair ferm\u00e9e ne gratte.<br \/>\nPare-vent :<br \/>\nDerri\u00e8re la fermeture \u00e0 glissi\u00e8re frontale, un coupe-vent est cousu sur toute la longueur pour emp\u00eacher l'air froid de passer.<br \/>\nCapuche avec visi\u00e8re :<br \/>\nLa capuche, associ\u00e9e au col temp\u00eate \u00e0 fermeture haute, prot\u00e8ge efficacement la t\u00eate de la pluie et du vent.La capuche est r\u00e9glable et peut \u00eatre adapt\u00e9e individuellement au champ de vision.<br \/>\nSous la capuche, il est possible de porter un bonnet ou une capuche du midlayer. Par beau temps, la capuche peut \u00eatre retir\u00e9e.<br \/>\nLorsque la capuche est retir\u00e9e, la partie restante de la fermeture \u00e0 glissi\u00e8re peut \u00eatre recouverte proprement par un rabat.<br \/>\nTon logo :<br \/>\nBonne possibilit\u00e9 de d\u00e9coration sur les deux c\u00f4t\u00e9s de la poitrine et au dos.<br \/>\nManipulation facile de la finition gr\u00e2ce \u00e0 la fermeture \u00e9clair int\u00e9rieure permettant d'ouvrir la doublure... Mat\u00e9riau : polyester 100%<\/p>","protected":false},"excerpt":{"rendered":"<p>Lockere Passform: Georg ist locker geschnitten. Die Jacke sitzt bequem und schr\u00e4nkt dich in deiner Bewegung nicht ein. Als Teil eines Schichtensystems kann Georg mit einer oder zwei Zwischenschichten darunter getragen werden. So bleibst du flexibel und kannst auf wechselnde Wetterbedingungen reagieren.Die spezielle \u00c4rmelpassform verhindert ein Hochrutschen der Jacke.Die \u00c4rmel sind leicht verl\u00e4ngert, so dass [&hellip;]<\/p>\n","protected":false},"featured_media":672045,"template":"","meta":[],"product_brand":[],"product_cat":[4186],"product_tag":[],"class_list":{"0":"post-612118","1":"product","2":"type-product","3":"status-publish","4":"has-post-thumbnail","6":"product_cat-jacken","7":"pa_brand-fhb","8":"pa_brand-type-workwear","9":"pa_filter-color-anthrazit-schwarz","10":"pa_filter-color-beige-schwarz","11":"pa_filter-color-grau-schwarz","12":"pa_filter-color-gruen-schwarz","13":"pa_filter-color-marine-schwarz","14":"pa_filter-color-oliv-schwarz","15":"pa_filter-color-rot-schwarz","16":"pa_filter-color-royalblau-schwarz","17":"pa_filter-color-schwarz","18":"pa_filter-color-weiss-anthrazit","20":"first","21":"instock","22":"sale","23":"taxable","24":"shipping-taxable","25":"purchasable","26":"product-type-variable","27":"add-to-wishlist-before_image"},"exclude_global_add_ons":[],"addons":[],"acf":[],"_links":{"self":[{"href":"https:\/\/shop.kustom.ch\/fr\/wp-json\/wp\/v2\/product\/612118"}],"collection":[{"href":"https:\/\/shop.kustom.ch\/fr\/wp-json\/wp\/v2\/product"}],"about":[{"href":"https:\/\/shop.kustom.ch\/fr\/wp-json\/wp\/v2\/types\/product"}],"wp:featuredmedia":[{"embeddable":true,"href":"https:\/\/shop.kustom.ch\/fr\/wp-json\/wp\/v2\/media\/672045"}],"wp:attachment":[{"href":"https:\/\/shop.kustom.ch\/fr\/wp-json\/wp\/v2\/media?parent=612118"}],"wp:term":[{"taxonomy":"product_brand","embeddable":true,"href":"https:\/\/shop.kustom.ch\/fr\/wp-json\/wp\/v2\/product_brand?post=612118"},{"taxonomy":"product_cat","embeddable":true,"href":"https:\/\/shop.kustom.ch\/fr\/wp-json\/wp\/v2\/product_cat?post=612118"},{"taxonomy":"product_tag","embeddable":true,"href":"https:\/\/shop.kustom.ch\/fr\/wp-json\/wp\/v2\/product_tag?post=612118"}],"curies":[{"name":"wp","href":"https:\/\/api.w.org\/{rel}","templated":true}]}}