{"id":612033,"date":"2025-03-06T04:32:04","date_gmt":"2025-03-06T03:32:04","guid":{"rendered":"https:\/\/shop.kustom.ch\/?post_type=product&#038;p=612033"},"modified":"2026-04-01T07:21:03","modified_gmt":"2026-04-01T06:21:03","slug":"fhb-original-maximilian-hybrid-softshell-jacke","status":"publish","type":"product","link":"https:\/\/shop.kustom.ch\/fr\/produit\/fhb-original-maximilian-hybrid-softshell-jacke\/","title":{"rendered":"Veste softshell hybride MAXIMILIAN"},"content":{"rendered":"<p>Ajustement :<br \/>\nMaximilian a une coupe sportive.<br \/>\nCette veste de travail moderne reste pr\u00e8s du corps sans restreindre tes mouvements - m\u00eame si tu portes encore un sweat-shirt comme couche interm\u00e9diaire en dessous.<br \/>\nLe dos est l\u00e9g\u00e8rement allong\u00e9 et couvre proprement la zone dorsale, m\u00eame en position pench\u00e9e ou \u00e0 genoux, ce qui est particuli\u00e8rement agr\u00e9able les jours plus froids.<br \/>\nLe tissu softshell FHB de haute qualit\u00e9 est extensible et extr\u00eamement souple.<br \/>\nR\u00e9glage de la largeur :<br \/>\nLa taille peut \u00eatre ajust\u00e9e \u00e0 la largeur id\u00e9ale gr\u00e2ce \u00e0 un cordon de serrage et fix\u00e9e par des stoppeurs.<br \/>\nCela permet \u00e0 la veste de rester bien en place et d'\u00e9viter que le froid d\u00e9sagr\u00e9able ne p\u00e9n\u00e8tre.<br \/>\nSacs :<br \/>\n2 poches lat\u00e9rales spacieuses avec fermeture \u00e9clair.<br \/>\nLes poches sont dot\u00e9es d'une doublure de poche r\u00e9sistante.<br \/>\n1 poche de poitrine \u00e0 l'ext\u00e9rieur avec fermeture \u00e9clair. 2 poches int\u00e9rieures ouvertes.<br \/>\nFermeture \u00e0 glissi\u00e8re fonctionnelle :<br \/>\nFermeture \u00e0 glissi\u00e8re frontale YKK sur toute la longueur, tr\u00e8s facile \u00e0 manipuler.<br \/>\nLa protection du menton (garage \u00e0 zip) sur le col haut \u00e9vite que la fermeture \u00e9clair ferm\u00e9e ne gratte.<br \/>\nPare-vent :<br \/>\nDerri\u00e8re la fermeture \u00e0 glissi\u00e8re frontale, un coupe-vent est cousu sur toute la longueur pour emp\u00eacher l'air froid de passer.<br \/>\nCapuche :<br \/>\nLa capuche, associ\u00e9e au col montant, prot\u00e8ge efficacement la t\u00eate de l'humidit\u00e9 et du vent. La largeur de la capuche est r\u00e9glable et peut \u00eatre adapt\u00e9e individuellement au champ de vision.<br \/>\nTon logo :<br \/>\nBonne possibilit\u00e9 de d\u00e9coration devant, derri\u00e8re et sur les c\u00f4t\u00e9s... Mat\u00e9riau : 96% polyester, 4% \u00e9lasthanne<\/p>","protected":false},"excerpt":{"rendered":"<p>Passform: Maximilian ist sportlich geschnitten. Die moderne Arbeitsjacke sitzt k\u00f6rpernah, ohne dich in deiner Bewegung einzuschr\u00e4nken &#8211; auch wenn du noch ein Sweatshirt als Zwischenschicht darunter tr\u00e4gst. Der R\u00fccken ist leicht verl\u00e4ngert und deckt auch bei gebeugter oder kniender Haltung den R\u00fcckbereich sauber ab, was insbesondere an k\u00e4lteren Tagen sehr angenehm ist. Das hochwertigen FHB-Softshell-Gewebe [&hellip;]<\/p>\n","protected":false},"featured_media":672244,"template":"","meta":[],"product_brand":[],"product_cat":[4186],"product_tag":[],"class_list":{"0":"post-612033","1":"product","2":"type-product","3":"status-publish","4":"has-post-thumbnail","6":"product_cat-jacken","7":"pa_brand-fhb","8":"pa_brand-type-workwear","9":"pa_filter-color-marine","10":"pa_filter-color-schwarz","12":"first","13":"instock","14":"sale","15":"taxable","16":"shipping-taxable","17":"purchasable","18":"product-type-variable","19":"add-to-wishlist-before_image"},"exclude_global_add_ons":[],"addons":[],"acf":[],"_links":{"self":[{"href":"https:\/\/shop.kustom.ch\/fr\/wp-json\/wp\/v2\/product\/612033"}],"collection":[{"href":"https:\/\/shop.kustom.ch\/fr\/wp-json\/wp\/v2\/product"}],"about":[{"href":"https:\/\/shop.kustom.ch\/fr\/wp-json\/wp\/v2\/types\/product"}],"wp:featuredmedia":[{"embeddable":true,"href":"https:\/\/shop.kustom.ch\/fr\/wp-json\/wp\/v2\/media\/672244"}],"wp:attachment":[{"href":"https:\/\/shop.kustom.ch\/fr\/wp-json\/wp\/v2\/media?parent=612033"}],"wp:term":[{"taxonomy":"product_brand","embeddable":true,"href":"https:\/\/shop.kustom.ch\/fr\/wp-json\/wp\/v2\/product_brand?post=612033"},{"taxonomy":"product_cat","embeddable":true,"href":"https:\/\/shop.kustom.ch\/fr\/wp-json\/wp\/v2\/product_cat?post=612033"},{"taxonomy":"product_tag","embeddable":true,"href":"https:\/\/shop.kustom.ch\/fr\/wp-json\/wp\/v2\/product_tag?post=612033"}],"curies":[{"name":"wp","href":"https:\/\/api.w.org\/{rel}","templated":true}]}}