{"id":611965,"date":"2025-03-06T04:31:08","date_gmt":"2025-03-06T03:31:08","guid":{"rendered":"https:\/\/shop.kustom.ch\/?post_type=product&#038;p=611965"},"modified":"2026-04-01T07:21:07","modified_gmt":"2026-04-01T06:21:07","slug":"fhb-original-patrick-strick-fleece-troyer","status":"publish","type":"product","link":"https:\/\/shop.kustom.ch\/fr\/produit\/fhb-original-patrick-strick-fleece-troyer\/","title":{"rendered":"PATRICK Tricot-Troyer en polaire"},"content":{"rendered":"<p>Ajustement :<br \/>\nCe troyer confortable a une coupe pr\u00e8s du corps.<br \/>\nIl s'adapte parfaitement \u00e0 l'utilisateur sans le g\u00eaner dans ses mouvements.<br \/>\nLa coupe ajust\u00e9e permet \u00e0 Patrick d'\u00eatre port\u00e9 comme couche interm\u00e9diaire.<br \/>\nLe col \u00e9pouse la forme du cou (sans le comprimer) et prot\u00e8ge du froid.<br \/>\nLa hauteur du col a \u00e9t\u00e9 con\u00e7ue de mani\u00e8re \u00e0 ne pas g\u00eaner le travail.<br \/>\nLes empi\u00e8cements \u00e9lastiques de couleur contrast\u00e9e sur les c\u00f4t\u00e9s et les manches assurent une totale libert\u00e9 de mouvement.<br \/>\nSacs :<br \/>\n1 poche de poitrine avec fermeture \u00e0 glissi\u00e8re.<br \/>\nFermetures \u00e0 glissi\u00e8re :<br \/>\nToutes les fermetures \u00e0 glissi\u00e8re sont de marque YKK et ont une cha\u00eene torsad\u00e9e (vers l'int\u00e9rieur) : La fermeture \u00e0 glissi\u00e8re frontale, tr\u00e8s facile \u00e0 manier, descend jusqu'au col o\u00f9 elle est ferm\u00e9e proprement par un prot\u00e8ge-menton.<br \/>\nZip prolong\u00e9 pour que la fermeture \u00e9clair soit facile \u00e0 utiliser m\u00eame avec des gants.<br \/>\nCouture d'\u00e9paule :<br \/>\nLe site<br \/>\n:<br \/>\nLa couture d'\u00e9paule est d\u00e9plac\u00e9e vers l'avant chez Patrick.<br \/>\nL'avantage : quand on porte un sac, un sac \u00e0 dos ou une poutre en bois sur l'\u00e9paule, il n'y a pas de point de pression d\u00e9sagr\u00e9able.<br \/>\nperfectionnement :<br \/>\nCette veste est parfaitement adapt\u00e9e pour placer ton logo \u00e0 la perfection : Grande surface propre sans couture dans le dos, surface libre sur la poitrine droite.<br \/>\nPas de poche int\u00e9rieure. Mati\u00e8re : polyester 100%<\/p>","protected":false},"excerpt":{"rendered":"<p>Passform: Der bequeme Troyer ist k\u00f6rpernah geschnitten. Er passt sich optimal an den Tr\u00e4ger an, ohne ihn bei der Bewegung einzuschr\u00e4nken. Die anliegende Passform sorgt daf\u00fcr, dass Patrick auch wunderbar als Zwischenschicht getragen werden kann.Der R\u00fccken ist nach unten leicht verl\u00e4ngert. Dadurch wird auch bei gebeugter oder kniender Haltung der R\u00fcckbereich sauber abgedeckt, was insbesondere [&hellip;]<\/p>\n","protected":false},"featured_media":672268,"template":"","meta":[],"product_brand":[],"product_cat":[4191],"product_tag":[],"class_list":{"0":"post-611965","1":"product","2":"type-product","3":"status-publish","4":"has-post-thumbnail","6":"product_cat-longsleeves-sweatshirts","7":"pa_brand-fhb","8":"pa_brand-type-workwear","9":"pa_filter-color-anthrazit-schwarz","10":"pa_filter-color-grau-schwarz","11":"pa_filter-color-marine-schwarz","12":"pa_filter-color-schwarz","14":"first","15":"instock","16":"sale","17":"taxable","18":"shipping-taxable","19":"purchasable","20":"product-type-variable","21":"add-to-wishlist-before_image"},"exclude_global_add_ons":[],"addons":[],"acf":[],"_links":{"self":[{"href":"https:\/\/shop.kustom.ch\/fr\/wp-json\/wp\/v2\/product\/611965"}],"collection":[{"href":"https:\/\/shop.kustom.ch\/fr\/wp-json\/wp\/v2\/product"}],"about":[{"href":"https:\/\/shop.kustom.ch\/fr\/wp-json\/wp\/v2\/types\/product"}],"wp:featuredmedia":[{"embeddable":true,"href":"https:\/\/shop.kustom.ch\/fr\/wp-json\/wp\/v2\/media\/672268"}],"wp:attachment":[{"href":"https:\/\/shop.kustom.ch\/fr\/wp-json\/wp\/v2\/media?parent=611965"}],"wp:term":[{"taxonomy":"product_brand","embeddable":true,"href":"https:\/\/shop.kustom.ch\/fr\/wp-json\/wp\/v2\/product_brand?post=611965"},{"taxonomy":"product_cat","embeddable":true,"href":"https:\/\/shop.kustom.ch\/fr\/wp-json\/wp\/v2\/product_cat?post=611965"},{"taxonomy":"product_tag","embeddable":true,"href":"https:\/\/shop.kustom.ch\/fr\/wp-json\/wp\/v2\/product_tag?post=611965"}],"curies":[{"name":"wp","href":"https:\/\/api.w.org\/{rel}","templated":true}]}}