{"id":611900,"date":"2025-03-06T04:30:32","date_gmt":"2025-03-06T03:30:32","guid":{"rendered":"https:\/\/shop.kustom.ch\/?post_type=product&#038;p=611900"},"modified":"2026-04-01T07:13:58","modified_gmt":"2026-04-01T06:13:58","slug":"fhb-original-marieke-strick-fleece-jacke-damen","status":"publish","type":"product","link":"https:\/\/shop.kustom.ch\/fr\/produit\/fhb-original-marieke-strick-fleece-jacke-damen\/","title":{"rendered":"Veste en polaire tricot\u00e9e MARIEKE"},"content":{"rendered":"<p>Ajustement :<br \/>\nCette veste confortable a une coupe pr\u00e8s du corps.<br \/>\nIl s'adapte parfaitement \u00e0 la personne qui le porte, sans la restreindre dans ses mouvements.<br \/>\nLa coupe ajust\u00e9e permet de porter Marieke comme couche interm\u00e9diaire.<br \/>\nLe col \u00e9pouse la forme du cou (sans le comprimer) et prot\u00e8ge du froid.<br \/>\nLa hauteur du col a \u00e9t\u00e9 con\u00e7ue de mani\u00e8re \u00e0 ne pas g\u00eaner le travail.<br \/>\nLes empi\u00e8cements \u00e9lastiques de couleur contrast\u00e9e sur les c\u00f4t\u00e9s et les manches assurent une totale libert\u00e9 de mouvement.<br \/>\nSacs :<br \/>\n2 poches spacieuses avec fermeture \u00e9clair et large ouverture.<br \/>\n2 poches ouvertes \u00e0 l'int\u00e9rieur.<br \/>\nFermetures \u00e0 glissi\u00e8re :<br \/>\nToutes les fermetures \u00e0 glissi\u00e8re sont de marque YKK et ont une cha\u00eene torsad\u00e9e (vers l'int\u00e9rieur) : La fermeture \u00e0 glissi\u00e8re frontale continue et tr\u00e8s facile d'utilisation va jusqu'au col o\u00f9 elle est ferm\u00e9e proprement par une protection du menton.<br \/>\nZip prolong\u00e9 pour que la fermeture \u00e9clair soit facile \u00e0 utiliser m\u00eame avec des gants.<br \/>\nCouture d'\u00e9paule :<br \/>\nLe site<br \/>\n:<br \/>\nLa couture d'\u00e9paule est d\u00e9plac\u00e9e vers l'avant chez Marieke.<br \/>\nL'avantage : quand on porte un sac, un sac \u00e0 dos ou une poutre en bois sur l'\u00e9paule, il n'y a pas de point de pression d\u00e9sagr\u00e9able.<br \/>\nPare-vent :<br \/>\nDerri\u00e8re la fermeture \u00e0 glissi\u00e8re frontale, un coupe-vent est cousu sur toute la longueur pour emp\u00eacher l'air froid de passer.<br \/>\nperfectionnement :<br \/>\nLa veste est parfaitement adapt\u00e9e pour placer ton logo \u00e0 la perfection : Une grande surface propre sans couture dans le dos, un espace libre \u00e0 l'avant \u00e9galement \u00e0 gauche et \u00e0 droite de la poitrine et pas de poche int\u00e9rieure \u00e0 l'avant.<\/p>","protected":false},"excerpt":{"rendered":"<p>Passform: Die bequeme Jacke ist k\u00f6rpernah geschnitten. Sie passt sich optimal an die Tr\u00e4gerin an, ohne sie bei der Bewegung einzuschr\u00e4nken. Die anliegende Passform sorgt daf\u00fcr, dass Marieke auch wunderbar als Zwischenschicht getragen werden kann.Der R\u00fccken ist nach unten leicht verl\u00e4ngert. Dadurch wird auch bei gebeugter oder kniender Haltung der R\u00fcckbereich sauber abgedeckt, was insbesondere [&hellip;]<\/p>\n","protected":false},"featured_media":672227,"template":"","meta":[],"product_brand":[],"product_cat":[4186],"product_tag":[],"class_list":{"0":"post-611900","1":"product","2":"type-product","3":"status-publish","4":"has-post-thumbnail","6":"product_cat-jacken","7":"pa_brand-fhb","8":"pa_brand-type-workwear","9":"pa_filter-color-anthrazit-schwarz","10":"pa_filter-color-beige-schwarz","11":"pa_filter-color-grau-schwarz","12":"pa_filter-color-gruen-schwarz","13":"pa_filter-color-marine-schwarz","14":"pa_filter-color-oliv-schwarz","15":"pa_filter-color-rot-schwarz","16":"pa_filter-color-royalblau-schwarz","17":"pa_filter-color-schwarz","19":"first","20":"instock","21":"sale","22":"taxable","23":"shipping-taxable","24":"purchasable","25":"product-type-variable","26":"add-to-wishlist-before_image"},"exclude_global_add_ons":[],"addons":[],"acf":[],"_links":{"self":[{"href":"https:\/\/shop.kustom.ch\/fr\/wp-json\/wp\/v2\/product\/611900"}],"collection":[{"href":"https:\/\/shop.kustom.ch\/fr\/wp-json\/wp\/v2\/product"}],"about":[{"href":"https:\/\/shop.kustom.ch\/fr\/wp-json\/wp\/v2\/types\/product"}],"wp:featuredmedia":[{"embeddable":true,"href":"https:\/\/shop.kustom.ch\/fr\/wp-json\/wp\/v2\/media\/672227"}],"wp:attachment":[{"href":"https:\/\/shop.kustom.ch\/fr\/wp-json\/wp\/v2\/media?parent=611900"}],"wp:term":[{"taxonomy":"product_brand","embeddable":true,"href":"https:\/\/shop.kustom.ch\/fr\/wp-json\/wp\/v2\/product_brand?post=611900"},{"taxonomy":"product_cat","embeddable":true,"href":"https:\/\/shop.kustom.ch\/fr\/wp-json\/wp\/v2\/product_cat?post=611900"},{"taxonomy":"product_tag","embeddable":true,"href":"https:\/\/shop.kustom.ch\/fr\/wp-json\/wp\/v2\/product_tag?post=611900"}],"curies":[{"name":"wp","href":"https:\/\/api.w.org\/{rel}","templated":true}]}}