{"id":611728,"date":"2025-03-06T04:29:05","date_gmt":"2025-03-06T03:29:05","guid":{"rendered":"https:\/\/shop.kustom.ch\/?post_type=product&#038;p=611728"},"modified":"2026-04-01T07:33:13","modified_gmt":"2026-04-01T06:33:13","slug":"fhb-original-benno-sweater-jacke-mit-kapuze","status":"publish","type":"product","link":"https:\/\/shop.kustom.ch\/fr\/produit\/fhb-original-benno-sweater-jacke-mit-kapuze\/","title":{"rendered":"BENNO Veste sweat \u00e0 capuche"},"content":{"rendered":"<p>Coupe moderne avec des coutures de s\u00e9paration d\u00e9contract\u00e9es.<br \/>\nLa veste \u00e0 capuche est un peu plus longue que la normale vers le bas.<br \/>\nAinsi, m\u00eame en position pench\u00e9e ou \u00e0 genoux, la zone dorsale est proprement couverte, ce qui est particuli\u00e8rement agr\u00e9able les jours de grand froid.2 poches kangourou spacieuses avec large ouverture.<br \/>\nFermeture \u00e0 glissi\u00e8re YKK robuste et tr\u00e8s facile \u00e0 utiliser sur toute la longueur.<br \/>\nLes poignets et l'ourlet larges et ind\u00e9formables en maille c\u00f4tel\u00e9e lourde prolongent la dur\u00e9e de vie.De fins d\u00e9tails de couture compl\u00e8tent le design intemporel.De grandes surfaces propres sans couture ni poche int\u00e9rieure pour ton logo - devant, derri\u00e8re et sur les manches... Mati\u00e8re : 90% coton, 10% polyester<\/p>","protected":false},"excerpt":{"rendered":"<p>Moderne Passform mit l\u00e4ssigen Teilungsn\u00e4hten. Sitzt k\u00f6rpernah durch schmalen, geraden Schnitt.Die Hoodie-Jacke ist nach unten etwas l\u00e4nger geschnitten als normal. Dadurch wird auch bei gebeugter oder kniender Haltung der R\u00fcckbereich sauber abgedeckt, was insbesondere an k\u00e4lteren Tagen sehr angenehm ist.2 ger\u00e4umige K\u00e4ngurutaschen mit breitem Eingriff. Durchgehender, robuster und sehr leichtg\u00e4ngiger YKK-Frontreissverschluss.Verl\u00e4ngerter Zipper damit der Reissverschluss [&hellip;]<\/p>\n","protected":false},"featured_media":671916,"template":"","meta":[],"product_brand":[],"product_cat":[4186],"product_tag":[],"class_list":{"0":"post-611728","1":"product","2":"type-product","3":"status-publish","4":"has-post-thumbnail","6":"product_cat-jacken","7":"pa_brand-fhb","8":"pa_brand-type-workwear","9":"pa_filter-color-grau","11":"first","12":"instock","13":"sale","14":"taxable","15":"shipping-taxable","16":"purchasable","17":"product-type-variable","18":"add-to-wishlist-before_image"},"exclude_global_add_ons":[],"addons":[],"acf":[],"_links":{"self":[{"href":"https:\/\/shop.kustom.ch\/fr\/wp-json\/wp\/v2\/product\/611728"}],"collection":[{"href":"https:\/\/shop.kustom.ch\/fr\/wp-json\/wp\/v2\/product"}],"about":[{"href":"https:\/\/shop.kustom.ch\/fr\/wp-json\/wp\/v2\/types\/product"}],"wp:featuredmedia":[{"embeddable":true,"href":"https:\/\/shop.kustom.ch\/fr\/wp-json\/wp\/v2\/media\/671916"}],"wp:attachment":[{"href":"https:\/\/shop.kustom.ch\/fr\/wp-json\/wp\/v2\/media?parent=611728"}],"wp:term":[{"taxonomy":"product_brand","embeddable":true,"href":"https:\/\/shop.kustom.ch\/fr\/wp-json\/wp\/v2\/product_brand?post=611728"},{"taxonomy":"product_cat","embeddable":true,"href":"https:\/\/shop.kustom.ch\/fr\/wp-json\/wp\/v2\/product_cat?post=611728"},{"taxonomy":"product_tag","embeddable":true,"href":"https:\/\/shop.kustom.ch\/fr\/wp-json\/wp\/v2\/product_tag?post=611728"}],"curies":[{"name":"wp","href":"https:\/\/api.w.org\/{rel}","templated":true}]}}